{"id":1127,"date":"2021-07-31T16:01:53","date_gmt":"2021-07-31T19:01:53","guid":{"rendered":"https:\/\/calltorque.com.br\/?page_id=1127"},"modified":"2026-02-03T20:25:26","modified_gmt":"2026-02-03T23:25:26","slug":"produtos","status":"publish","type":"page","link":"https:\/\/calltorque.com.br\/index.php\/produtos\/","title":{"rendered":"Produtos"},"content":{"rendered":"\n\n\t<h1>\n\t\t\t\tTORQU\u00cdMETROS, BOMBAS HIDR\u00c1ULICAS E FERRAMENTAS PROFISSIONAIS\n\t\t\t<\/h1>\n\t\t\t<p>Conhe\u00e7a nossa linha de ferramentas e equipamentos profissionais de alta performance e as mais recentes tecnologias dispon\u00edveis no Brasil.<\/p>\t\n\t<p>Apresentamos solu\u00e7\u00f5es completas e inovadoras que atendem a todas as necessidades em termos de tecnologia, ferramentas e acess\u00f3rios industriais.<\/p>\n\t<p>Nossas marcas s\u00e3o reconhecidas como l\u00edderes globais do setor. Frequentemente pioneiras na introdu\u00e7\u00e3o de novos produtos e na busca cont\u00ednua pela excel\u00eancia, incorporando tecnologia avan\u00e7ada, qualidade superior, longa durabilidade e rigorosos padr\u00f5es de seguran\u00e7a.<\/p>\n\t<a href=\"https:\/\/calltorque.com.br\/index.php\/gripnail\/\" target=\"_self\"  aria-label=\"Go to https:\/\/calltorque.com.br\/index.php\/gripnail\/\"><\/a>\n\t\t\t\t<img decoding=\"async\" src=\"https:\/\/calltorque.com.br\/wp-content\/uploads\/2021\/07\/Gripnail_logo_transp-300x127.png\" alt=\"Gripnail_logo_transp\" title=\"Gripnail_logo_transp\" itemprop=\"image\"\/>\n\t<a href=\"https:\/\/calltorque.com.br\/index.php\/ega-master\/\" target=\"_self\"  aria-label=\"Go to https:\/\/calltorque.com.br\/index.php\/ega-master\/\"><\/a>\n\t\t\t\t<img decoding=\"async\" src=\"https:\/\/calltorque.com.br\/wp-content\/uploads\/2021\/07\/Ega_master_logo_transp.png\" alt=\"Ega_master_logo_transp\" title=\"Ega_master_logo_transp\" itemprop=\"image\"\/>\n\t<a href=\"https:\/\/calltorque.com.br\/index.php\/produtos\/mid-variacor\/\" target=\"_blank\" rel=\"noopener\" aria-label=\"Go to https:\/\/calltorque.com.br\/index.php\/produtos\/mid-variacor\/\"><\/a>\n\t\t\t\t<img decoding=\"async\" src=\"https:\/\/calltorque.com.br\/wp-content\/uploads\/2023\/07\/Logo_Variacor_transp.png\" alt=\"Logo_Variacor_transp\" title=\"Logo_Variacor_transp\" itemprop=\"image\"\/>\n\t<a href=\"https:\/\/calltorque.com.br\/index.php\/fpt-technology\/\" target=\"_self\"  aria-label=\"Go to https:\/\/calltorque.com.br\/index.php\/fpt-technology\/\"><\/a>\n\t\t\t\t<img decoding=\"async\" src=\"https:\/\/calltorque.com.br\/wp-content\/uploads\/2021\/08\/FPT_logo_transp.png\" alt=\"FPT_logo_transp\" title=\"FPT_logo_transp\" itemprop=\"image\"\/>\n\t<a href=\"https:\/\/calltorque.com.br\/index.php\/produtos\/cejn\/\" target=\"_self\"  aria-label=\"Go to https:\/\/calltorque.com.br\/index.php\/produtos\/cejn\/\"><\/a>\n\t\t\t\t<img decoding=\"async\" src=\"https:\/\/calltorque.com.br\/wp-content\/uploads\/2021\/08\/CEJN_Logo_transp2.jpg\" alt=\"CEJN_Logo_transp2\" title=\"CEJN_Logo_transp2\" itemprop=\"image\"\/>\n\t<a href=\"https:\/\/calltorque.com.br\/index.php\/christie\/\" target=\"_self\"  aria-label=\"Go to https:\/\/calltorque.com.br\/index.php\/christie\/\"><\/a>\n\t\t\t\t<img decoding=\"async\" src=\"https:\/\/calltorque.com.br\/wp-content\/uploads\/2021\/08\/Christie_Logo_transp.png\" alt=\"Christie_Logo_transp\" title=\"Christie_Logo_transp\" itemprop=\"image\"\/>\n\t\t\t<a href=\"https:\/\/locacao.calltorque.com.br\/\" title=\"J\u00c1 CONHECE O TEST DRIVE CALLTORQUE? Experimente equipamentos de alta performance!\" target=\"_blank\" rel=\"noopener\"  role=\"button\" aria-label=\"J\u00c1 CONHECE O TEST DRIVE CALLTORQUE? &lt;br&gt; Experimente equipamentos de alta performance!\">\n\t\t\t\t\t\t\t\t\t\t\tJ\u00c1 CONHECE O TEST DRIVE CALLTORQUE? <br \/> Experimente equipamentos de alta performance!\n\t\t<\/a>\n\t<ul>\n\t\t\t<li>\n\t\t\t<h4>\n\t\t\t<a href=\"https:\/\/api.whatsapp.com\/send\/?phone=5551985355067&#038;text=Ol%C3%A1%2C+voc%C3%AA+est%C3%A1+falando+com+Calltorque+Ferramentas+Industriais.+Voc%C3%AA+pode+informar+o+assunto+ou+aguardar%2C+que+em+breve+nossa+equipe+ir%C3%A1+atend%C3%AA-lo%28a%29.+Obrigado%21&#038;type=phone_number&#038;app_absent=0\" target=\"_blank\" rel=\"noopener\" data-hover=\"Fale conosco agora!\" aria-label=\"Fale conosco agora!\">Fale conosco agora!<\/a>\n\t\t\t<\/h4>\n\t\t<\/li>\n\t\t\t\t<\/ul>\n<h2>\n\t\t\tPOR QUE CALLTORQUE?\t<\/h2>\n\t<p>Algumas empresas elegem apenas &#8220;o pre\u00e7o&#8221; como o principal quesito para contratar um fornecedor. Por\u00e9m, para n\u00f3s da Calltorque, identificar VALORES e DIFERENCIAIS \u00e9 uma premissa que vai muito al\u00e9m do pre\u00e7o.<\/p>\n\t<p>Oferecer pre\u00e7os competitivos atendendo especialmente \u00e0s necessidades, bem como conquistar a confian\u00e7a de nossos clientes, \u00e9 o que nos motiva a seguir adiante.<\/p>\n\t<p>Nossos clientes usufruem de um atendimento individualizado e, desta forma, criamos mais valor atrav\u00e9s da troca de experi\u00eancias, entendendo as necessidades e as aplica\u00e7\u00f5es, oferecendo suporte e orienta\u00e7\u00e3o profissional para apresentar solu\u00e7\u00f5es eficientes e inteligentes.<\/p>\n\n","protected":false},"excerpt":{"rendered":"<p>TORQU\u00cdMETROS, BOMBAS HIDR\u00c1ULICAS E FERRAMENTAS PROFISSIONAIS Conhe\u00e7a nossa linha de ferramentas e equipamentos profissionais de alta performance e as mais recentes tecnologias dispon\u00edveis no Brasil. Apresentamos solu\u00e7\u00f5es completas e inovadoras que atendem a todas as necessidades em termos de tecnologia, ferramentas e acess\u00f3rios industriais. Nossas marcas s\u00e3o reconhecidas como l\u00edderes globais do setor. Frequentemente pioneiras [&hellip;]<\/p>\n","protected":false},"author":1,"featured_media":3378,"parent":0,"menu_order":0,"comment_status":"closed","ping_status":"closed","template":"","meta":{"site-sidebar-layout":"default","site-content-layout":"page-builder","ast-site-content-layout":"default","site-content-style":"default","site-sidebar-style":"default","ast-global-header-display":"","ast-banner-title-visibility":"","ast-main-header-display":"","ast-hfb-above-header-display":"","ast-hfb-below-header-display":"","ast-hfb-mobile-header-display":"","site-post-title":"disabled","ast-breadcrumbs-content":"","ast-featured-img":"disabled","footer-sml-layout":"","ast-disable-related-posts":"","theme-transparent-header-meta":"enabled","adv-header-id-meta":"","stick-header-meta":"","header-above-stick-meta":"","header-main-stick-meta":"","header-below-stick-meta":"","astra-migrate-meta-layouts":"default","ast-page-background-enabled":"default","ast-page-background-meta":{"desktop":{"background-color":"","background-image":"","background-repeat":"repeat","background-position":"center center","background-size":"auto","background-attachment":"scroll","background-type":"","background-media":"","overlay-type":"","overlay-color":"","overlay-opacity":"","overlay-gradient":""},"tablet":{"background-color":"","background-image":"","background-repeat":"repeat","background-position":"center center","background-size":"auto","background-attachment":"scroll","background-type":"","background-media":"","overlay-type":"","overlay-color":"","overlay-opacity":"","overlay-gradient":""},"mobile":{"background-color":"","background-image":"","background-repeat":"repeat","background-position":"center center","background-size":"auto","background-attachment":"scroll","background-type":"","background-media":"","overlay-type":"","overlay-color":"","overlay-opacity":"","overlay-gradient":""}},"ast-content-background-meta":{"desktop":{"background-color":"var(--ast-global-color-5)","background-image":"","background-repeat":"repeat","background-position":"center center","background-size":"auto","background-attachment":"scroll","background-type":"","background-media":"","overlay-type":"","overlay-color":"","overlay-opacity":"","overlay-gradient":""},"tablet":{"background-color":"var(--ast-global-color-5)","background-image":"","background-repeat":"repeat","background-position":"center center","background-size":"auto","background-attachment":"scroll","background-type":"","background-media":"","overlay-type":"","overlay-color":"","overlay-opacity":"","overlay-gradient":""},"mobile":{"background-color":"var(--ast-global-color-5)","background-image":"","background-repeat":"repeat","background-position":"center center","background-size":"auto","background-attachment":"scroll","background-type":"","background-media":"","overlay-type":"","overlay-color":"","overlay-opacity":"","overlay-gradient":""}},"footnotes":""},"class_list":["post-1127","page","type-page","status-publish","has-post-thumbnail","hentry"],"yoast_head":"<!-- This site is optimized with the Yoast SEO plugin v27.5 - https:\/\/yoast.com\/product\/yoast-seo-wordpress\/ -->\n<title>Torqu\u00edmetros, bombas hidr\u00e1ulicas, ferramentas profissionais<\/title>\n<meta name=\"description\" content=\"Conhe\u00e7a nossa linha de torqu\u00edmetros, bombas hidr\u00e1ulicas e manuais, ferramentas e equipamentos profissionais de alta performance dispon\u00edvel no\" \/>\n<meta name=\"robots\" content=\"index, follow, max-snippet:-1, max-image-preview:large, max-video-preview:-1\" \/>\n<link rel=\"canonical\" href=\"https:\/\/calltorque.com.br\/index.php\/produtos\/\" \/>\n<meta property=\"og:locale\" content=\"pt_BR\" \/>\n<meta property=\"og:type\" content=\"article\" \/>\n<meta property=\"og:title\" content=\"Torqu\u00edmetros, bombas hidr\u00e1ulicas, ferramentas profissionais\" \/>\n<meta property=\"og:description\" content=\"Conhe\u00e7a nossa linha de torqu\u00edmetros, bombas hidr\u00e1ulicas e manuais, ferramentas e equipamentos profissionais de alta performance dispon\u00edvel no\" \/>\n<meta property=\"og:url\" content=\"https:\/\/calltorque.com.br\/index.php\/produtos\/\" \/>\n<meta property=\"og:site_name\" content=\"Calltorque Ferramentas Industriais\" \/>\n<meta property=\"article:modified_time\" content=\"2026-02-03T23:25:26+00:00\" \/>\n<meta property=\"og:image\" content=\"https:\/\/calltorque.com.br\/wp-content\/uploads\/2023\/09\/Torquimetros-bombas-hidraulicas-ferramentas-profissionais_Calltorque_w.jpg\" \/>\n\t<meta property=\"og:image:width\" content=\"700\" \/>\n\t<meta property=\"og:image:height\" content=\"700\" \/>\n\t<meta property=\"og:image:type\" content=\"image\/jpeg\" \/>\n<meta name=\"twitter:card\" content=\"summary_large_image\" \/>\n<meta name=\"twitter:label1\" content=\"Est. tempo de leitura\" \/>\n\t<meta name=\"twitter:data1\" content=\"3 minutos\" \/>\n<script type=\"application\/ld+json\" class=\"yoast-schema-graph\">{\"@context\":\"https:\\\/\\\/schema.org\",\"@graph\":[{\"@type\":\"WebPage\",\"@id\":\"https:\\\/\\\/calltorque.com.br\\\/index.php\\\/produtos\\\/\",\"url\":\"https:\\\/\\\/calltorque.com.br\\\/index.php\\\/produtos\\\/\",\"name\":\"Torqu\u00edmetros, bombas hidr\u00e1ulicas, ferramentas profissionais\",\"isPartOf\":{\"@id\":\"https:\\\/\\\/calltorque.com.br\\\/#website\"},\"primaryImageOfPage\":{\"@id\":\"https:\\\/\\\/calltorque.com.br\\\/index.php\\\/produtos\\\/#primaryimage\"},\"image\":{\"@id\":\"https:\\\/\\\/calltorque.com.br\\\/index.php\\\/produtos\\\/#primaryimage\"},\"thumbnailUrl\":\"https:\\\/\\\/calltorque.com.br\\\/wp-content\\\/uploads\\\/2023\\\/09\\\/Torquimetros-bombas-hidraulicas-ferramentas-profissionais_Calltorque_w.jpg\",\"datePublished\":\"2021-07-31T19:01:53+00:00\",\"dateModified\":\"2026-02-03T23:25:26+00:00\",\"description\":\"Conhe\u00e7a nossa linha de torqu\u00edmetros, bombas hidr\u00e1ulicas e manuais, ferramentas e equipamentos profissionais de alta performance dispon\u00edvel no\",\"breadcrumb\":{\"@id\":\"https:\\\/\\\/calltorque.com.br\\\/index.php\\\/produtos\\\/#breadcrumb\"},\"inLanguage\":\"pt-BR\",\"potentialAction\":[{\"@type\":\"ReadAction\",\"target\":[\"https:\\\/\\\/calltorque.com.br\\\/index.php\\\/produtos\\\/\"]}]},{\"@type\":\"ImageObject\",\"inLanguage\":\"pt-BR\",\"@id\":\"https:\\\/\\\/calltorque.com.br\\\/index.php\\\/produtos\\\/#primaryimage\",\"url\":\"https:\\\/\\\/calltorque.com.br\\\/wp-content\\\/uploads\\\/2023\\\/09\\\/Torquimetros-bombas-hidraulicas-ferramentas-profissionais_Calltorque_w.jpg\",\"contentUrl\":\"https:\\\/\\\/calltorque.com.br\\\/wp-content\\\/uploads\\\/2023\\\/09\\\/Torquimetros-bombas-hidraulicas-ferramentas-profissionais_Calltorque_w.jpg\",\"width\":700,\"height\":700},{\"@type\":\"BreadcrumbList\",\"@id\":\"https:\\\/\\\/calltorque.com.br\\\/index.php\\\/produtos\\\/#breadcrumb\",\"itemListElement\":[{\"@type\":\"ListItem\",\"position\":1,\"name\":\"Home\",\"item\":\"https:\\\/\\\/calltorque.com.br\\\/\"},{\"@type\":\"ListItem\",\"position\":2,\"name\":\"Produtos\"}]},{\"@type\":\"WebSite\",\"@id\":\"https:\\\/\\\/calltorque.com.br\\\/#website\",\"url\":\"https:\\\/\\\/calltorque.com.br\\\/\",\"name\":\"Calltorque Ferramentas Industriais\",\"description\":\"Ferramentas Industriais 5.0\",\"publisher\":{\"@id\":\"https:\\\/\\\/calltorque.com.br\\\/#organization\"},\"potentialAction\":[{\"@type\":\"SearchAction\",\"target\":{\"@type\":\"EntryPoint\",\"urlTemplate\":\"https:\\\/\\\/calltorque.com.br\\\/?s={search_term_string}\"},\"query-input\":{\"@type\":\"PropertyValueSpecification\",\"valueRequired\":true,\"valueName\":\"search_term_string\"}}],\"inLanguage\":\"pt-BR\"},{\"@type\":\"Organization\",\"@id\":\"https:\\\/\\\/calltorque.com.br\\\/#organization\",\"name\":\"Calltorque Ferramentas Industriais\",\"url\":\"https:\\\/\\\/calltorque.com.br\\\/\",\"logo\":{\"@type\":\"ImageObject\",\"inLanguage\":\"pt-BR\",\"@id\":\"https:\\\/\\\/calltorque.com.br\\\/#\\\/schema\\\/logo\\\/image\\\/\",\"url\":\"https:\\\/\\\/calltorque.com.br\\\/wp-content\\\/uploads\\\/2021\\\/05\\\/Calltorque_logo1a.png\",\"contentUrl\":\"https:\\\/\\\/calltorque.com.br\\\/wp-content\\\/uploads\\\/2021\\\/05\\\/Calltorque_logo1a.png\",\"width\":400,\"height\":91,\"caption\":\"Calltorque Ferramentas Industriais\"},\"image\":{\"@id\":\"https:\\\/\\\/calltorque.com.br\\\/#\\\/schema\\\/logo\\\/image\\\/\"}}]}<\/script>\n<!-- \/ Yoast SEO plugin. -->","yoast_head_json":{"title":"Torqu\u00edmetros, bombas hidr\u00e1ulicas, ferramentas profissionais","description":"Conhe\u00e7a nossa linha de torqu\u00edmetros, bombas hidr\u00e1ulicas e manuais, ferramentas e equipamentos profissionais de alta performance dispon\u00edvel no","robots":{"index":"index","follow":"follow","max-snippet":"max-snippet:-1","max-image-preview":"max-image-preview:large","max-video-preview":"max-video-preview:-1"},"canonical":"https:\/\/calltorque.com.br\/index.php\/produtos\/","og_locale":"pt_BR","og_type":"article","og_title":"Torqu\u00edmetros, bombas hidr\u00e1ulicas, ferramentas profissionais","og_description":"Conhe\u00e7a nossa linha de torqu\u00edmetros, bombas hidr\u00e1ulicas e manuais, ferramentas e equipamentos profissionais de alta performance dispon\u00edvel no","og_url":"https:\/\/calltorque.com.br\/index.php\/produtos\/","og_site_name":"Calltorque Ferramentas Industriais","article_modified_time":"2026-02-03T23:25:26+00:00","og_image":[{"width":700,"height":700,"url":"https:\/\/calltorque.com.br\/wp-content\/uploads\/2023\/09\/Torquimetros-bombas-hidraulicas-ferramentas-profissionais_Calltorque_w.jpg","type":"image\/jpeg"}],"twitter_card":"summary_large_image","twitter_misc":{"Est. tempo de leitura":"3 minutos"},"schema":{"@context":"https:\/\/schema.org","@graph":[{"@type":"WebPage","@id":"https:\/\/calltorque.com.br\/index.php\/produtos\/","url":"https:\/\/calltorque.com.br\/index.php\/produtos\/","name":"Torqu\u00edmetros, bombas hidr\u00e1ulicas, ferramentas profissionais","isPartOf":{"@id":"https:\/\/calltorque.com.br\/#website"},"primaryImageOfPage":{"@id":"https:\/\/calltorque.com.br\/index.php\/produtos\/#primaryimage"},"image":{"@id":"https:\/\/calltorque.com.br\/index.php\/produtos\/#primaryimage"},"thumbnailUrl":"https:\/\/calltorque.com.br\/wp-content\/uploads\/2023\/09\/Torquimetros-bombas-hidraulicas-ferramentas-profissionais_Calltorque_w.jpg","datePublished":"2021-07-31T19:01:53+00:00","dateModified":"2026-02-03T23:25:26+00:00","description":"Conhe\u00e7a nossa linha de torqu\u00edmetros, bombas hidr\u00e1ulicas e manuais, ferramentas e equipamentos profissionais de alta performance dispon\u00edvel no","breadcrumb":{"@id":"https:\/\/calltorque.com.br\/index.php\/produtos\/#breadcrumb"},"inLanguage":"pt-BR","potentialAction":[{"@type":"ReadAction","target":["https:\/\/calltorque.com.br\/index.php\/produtos\/"]}]},{"@type":"ImageObject","inLanguage":"pt-BR","@id":"https:\/\/calltorque.com.br\/index.php\/produtos\/#primaryimage","url":"https:\/\/calltorque.com.br\/wp-content\/uploads\/2023\/09\/Torquimetros-bombas-hidraulicas-ferramentas-profissionais_Calltorque_w.jpg","contentUrl":"https:\/\/calltorque.com.br\/wp-content\/uploads\/2023\/09\/Torquimetros-bombas-hidraulicas-ferramentas-profissionais_Calltorque_w.jpg","width":700,"height":700},{"@type":"BreadcrumbList","@id":"https:\/\/calltorque.com.br\/index.php\/produtos\/#breadcrumb","itemListElement":[{"@type":"ListItem","position":1,"name":"Home","item":"https:\/\/calltorque.com.br\/"},{"@type":"ListItem","position":2,"name":"Produtos"}]},{"@type":"WebSite","@id":"https:\/\/calltorque.com.br\/#website","url":"https:\/\/calltorque.com.br\/","name":"Calltorque Ferramentas Industriais","description":"Ferramentas Industriais 5.0","publisher":{"@id":"https:\/\/calltorque.com.br\/#organization"},"potentialAction":[{"@type":"SearchAction","target":{"@type":"EntryPoint","urlTemplate":"https:\/\/calltorque.com.br\/?s={search_term_string}"},"query-input":{"@type":"PropertyValueSpecification","valueRequired":true,"valueName":"search_term_string"}}],"inLanguage":"pt-BR"},{"@type":"Organization","@id":"https:\/\/calltorque.com.br\/#organization","name":"Calltorque Ferramentas Industriais","url":"https:\/\/calltorque.com.br\/","logo":{"@type":"ImageObject","inLanguage":"pt-BR","@id":"https:\/\/calltorque.com.br\/#\/schema\/logo\/image\/","url":"https:\/\/calltorque.com.br\/wp-content\/uploads\/2021\/05\/Calltorque_logo1a.png","contentUrl":"https:\/\/calltorque.com.br\/wp-content\/uploads\/2021\/05\/Calltorque_logo1a.png","width":400,"height":91,"caption":"Calltorque Ferramentas Industriais"},"image":{"@id":"https:\/\/calltorque.com.br\/#\/schema\/logo\/image\/"}}]}},"_links":{"self":[{"href":"https:\/\/calltorque.com.br\/index.php\/wp-json\/wp\/v2\/pages\/1127","targetHints":{"allow":["GET"]}}],"collection":[{"href":"https:\/\/calltorque.com.br\/index.php\/wp-json\/wp\/v2\/pages"}],"about":[{"href":"https:\/\/calltorque.com.br\/index.php\/wp-json\/wp\/v2\/types\/page"}],"author":[{"embeddable":true,"href":"https:\/\/calltorque.com.br\/index.php\/wp-json\/wp\/v2\/users\/1"}],"replies":[{"embeddable":true,"href":"https:\/\/calltorque.com.br\/index.php\/wp-json\/wp\/v2\/comments?post=1127"}],"version-history":[{"count":11,"href":"https:\/\/calltorque.com.br\/index.php\/wp-json\/wp\/v2\/pages\/1127\/revisions"}],"predecessor-version":[{"id":4073,"href":"https:\/\/calltorque.com.br\/index.php\/wp-json\/wp\/v2\/pages\/1127\/revisions\/4073"}],"wp:featuredmedia":[{"embeddable":true,"href":"https:\/\/calltorque.com.br\/index.php\/wp-json\/wp\/v2\/media\/3378"}],"wp:attachment":[{"href":"https:\/\/calltorque.com.br\/index.php\/wp-json\/wp\/v2\/media?parent=1127"}],"curies":[{"name":"wp","href":"https:\/\/api.w.org\/{rel}","templated":true}]}}