{"id":1369,"date":"2021-08-31T18:34:12","date_gmt":"2021-08-31T21:34:12","guid":{"rendered":"https:\/\/calltorque.com.br\/?page_id=1369"},"modified":"2024-04-29T12:23:04","modified_gmt":"2024-04-29T15:23:04","slug":"gripnail","status":"publish","type":"page","link":"https:\/\/calltorque.com.br\/index.php\/produtos\/gripnail\/","title":{"rendered":"GRIPNAIL"},"content":{"rendered":"\n\n\t\t\t\t<img loading=\"lazy\" decoding=\"async\" src=\"https:\/\/calltorque.com.br\/wp-content\/uploads\/2024\/04\/logo.png\" alt=\"logo\" itemprop=\"image\" height=\"112\" width=\"362\" title=\"logo\" onerror=\"this.style.display='none'\"  \/>\n\t<p>A Gripnail promoveu uma revolu\u00e7\u00e3o nos processos de\u00a0fixa\u00e7\u00e3o de placas de identifica\u00e7\u00e3o e de cabos.<\/p>\n\t\t\t<h5>FERRAMENTA PNEUM\u00c1TICA DE IMPACTO \u00daNICO<\/h5><h2>GRIPNAIL <\/h2>\t\t\t\n\t\t\t\t<p>A ferramenta pneum\u00e1tica Gripnail 211 \u00e9 usada para fixar fixadores que exigem um impacto preciso, regulado e simples.\u00a0Esta ferramenta ativada por gatilho possui um intertravamento de seguran\u00e7a que evita disparos acidentais e o impacto \u00e9 ajustado com a press\u00e3o do ar de entrada.\u00a0O design leve e ergon\u00f4mico possui uma al\u00e7a confort\u00e1vel e acolchoada e inclui\u00a0<em>o acoplador de ar Freedom Swivel\u00a0<sup>\u00ae<\/sup><\/em>\u00a0para ajudar a evitar que a mangueira de ar interfira na opera\u00e7\u00e3o.<\/p>\n<p>Desde a fixa\u00e7\u00e3o de placas de identifica\u00e7\u00e3o at\u00e9 o gerenciamento de fios e tubos de luz, a linha de fixadores industriais da Gripnail adere todos os tipos de produtos ao metal.<br \/><strong>N\u00e3o h\u00e1 necessidade de prepara\u00e7\u00e3o de superf\u00edcie\u00a0.<\/strong><br \/><em><strong>&#8220;Prego&#8221; direto no metal.<\/strong><\/em><br \/><strong>Aumente substancialmente a sua produ\u00e7\u00e3o!<\/strong><\/p>\n<h4>\n\t\tEstes produtos n\u00e3o podem ser utilizados em a\u00e7o de alta resist\u00eancia.\n\t<\/h4>\n\t<h2>\n\t\t\t\tA ferramenta pneum\u00e1tica 211 \u00e9 compat\u00edvel com estes e outros fixadores industriais:\n\t\t\t<\/h2>\n\t<p><strong>METAL TACK<\/strong><\/p>\n<p>O MetalTack foi desenvolvido especificamente para fixar pe\u00e7as leves, como placas de identifica\u00e7\u00e3o e suportes de bra\u00e7adeiras, em produtos de metal s\u00f3lido, como bombas, v\u00e1lvulas e m\u00e1quinas.\u00a0MetalTacks n\u00e3o requer perfura\u00e7\u00e3o, adesivos ou qualquer outra prepara\u00e7\u00e3o de superf\u00edcie.<\/p>\n\t<p><strong>PUNCH PIN \/ PINO DE PERFURA\u00c7\u00c3O<\/strong><\/p>\n<p>O PunchPin foi projetado para fixar cargas leves em chapas met\u00e1licas em menos tempo do que leva para fazer um furo.\u00a0Esses fixadores simples e r\u00e1pidos funcionam perfeitamente para fixar placas de identifica\u00e7\u00e3o, montar montagens e pequenos componentes em portas de metal, gabinetes el\u00e9tricos, tubos de a\u00e7o, etc.<\/p>\n\t<p><strong>MONTAGEM TACK \/ TACK MOUNT<\/strong><\/p>\n<p>O TackMount fixa de forma r\u00e1pida e permanente suportes de bra\u00e7adeiras de cabos ao metal sem perfura\u00e7\u00e3o, adesivos ou qualquer outra prepara\u00e7\u00e3o de superf\u00edcie.\u00a0Esses fixadores s\u00e3o fabricados em pl\u00e1stico resistente a impactos com MetalTacks de a\u00e7o temperado pr\u00e9-inserido.\u00a0TackMounts est\u00e3o dispon\u00edveis em branco ou preto.<\/p>\n\t<h2>\n\t\t\t\tCONHE\u00c7A A LINHA DE PRODUTOS GRIPNAIL\n\t\t\t<\/h2>\n\t\t\t<p>Descubra a linha exclusiva de ferramentas e acess\u00f3rios da Gripnail clicando nas imagens abaixo.<\/p>\t\n<h2>\n\t\tVoc\u00ea conhece nosso test drive?\n\t<\/h2>\n\t<p>Com a op\u00e7\u00e3o TEST DRIVE da <em><strong>Calltorque<\/strong><\/em>, \u00e9 poss\u00edvel ALUGAR FERRAMENTAS de ALTO DESEMPENHO para testar em opera\u00e7\u00f5es regulares ou eventuais de sua empresa em in\u00fameras situa\u00e7\u00f5es; Confirmar se as necessidades das aplica\u00e7\u00f5es ser\u00e3o plenamente atendidas; Poder sempre experimentar a tecnologia dos equipamentos, entre outros benef\u00edcios!<\/p>\n<p>SAIBA MAIS sobre nosso Test Drive:<\/p>\n\t\t\t<a href=\"https:\/\/locacao.calltorque.com.br\/\" target=\"_self\" rel=\"noopener\">\n\t\t\t\t\t\tVer mais informa\u00e7\u00f5es sobre o Test Drive\n\t\t\t\t\t<\/a>\n\t\t\t<h3>junte-se \u00e0 n\u00f3s<\/h3>\t\t\t\n\t\t\t\t<p>Nossos clientes usufruem de um atendimento individualizado e, desta forma, criamos mais valor atrav\u00e9s da troca de experi\u00eancias, entendendo as necessidades e as aplica\u00e7\u00f5es, oferecendo suporte e orienta\u00e7\u00e3o profissional para apresentar solu\u00e7\u00f5es eficientes e inteligentes.<\/p>\n<p>Atendemos em todo o Brasil!<\/p>\n\t\t\t<a href=\"https:\/\/calltorque.com.br\/index.php\/contato\/\" target=\"_self\" role=\"button\" aria-label=\"Solicite o contato de um Representante mais pr\u00f3ximo de sua empresa\" rel=\"noopener\">\n\t\t\t\t\t\t\tSolicite o contato de um Representante mais pr\u00f3ximo de sua empresa\n\t\t<\/a>\n\n","protected":false},"excerpt":{"rendered":"<p>A Gripnail promoveu uma revolu\u00e7\u00e3o nos processos de\u00a0fixa\u00e7\u00e3o de placas de identifica\u00e7\u00e3o e de cabos. FERRAMENTA PNEUM\u00c1TICA DE IMPACTO \u00daNICO GRIPNAIL A ferramenta pneum\u00e1tica Gripnail 211 \u00e9 usada para fixar fixadores que exigem um impacto preciso, regulado e simples.\u00a0Esta ferramenta ativada por gatilho possui um intertravamento de seguran\u00e7a que evita disparos acidentais e o impacto [&hellip;]<\/p>\n","protected":false},"author":1,"featured_media":0,"parent":1127,"menu_order":0,"comment_status":"closed","ping_status":"closed","template":"","meta":{"site-sidebar-layout":"default","site-content-layout":"page-builder","ast-site-content-layout":"default","site-content-style":"default","site-sidebar-style":"default","ast-global-header-display":"","ast-banner-title-visibility":"","ast-main-header-display":"","ast-hfb-above-header-display":"","ast-hfb-below-header-display":"","ast-hfb-mobile-header-display":"","site-post-title":"disabled","ast-breadcrumbs-content":"","ast-featured-img":"disabled","footer-sml-layout":"","ast-disable-related-posts":"","theme-transparent-header-meta":"enabled","adv-header-id-meta":"","stick-header-meta":"","header-above-stick-meta":"","header-main-stick-meta":"","header-below-stick-meta":"","astra-migrate-meta-layouts":"default","ast-page-background-enabled":"default","ast-page-background-meta":{"desktop":{"background-color":"","background-image":"","background-repeat":"repeat","background-position":"center center","background-size":"auto","background-attachment":"scroll","background-type":"","background-media":"","overlay-type":"","overlay-color":"","overlay-opacity":"","overlay-gradient":""},"tablet":{"background-color":"","background-image":"","background-repeat":"repeat","background-position":"center center","background-size":"auto","background-attachment":"scroll","background-type":"","background-media":"","overlay-type":"","overlay-color":"","overlay-opacity":"","overlay-gradient":""},"mobile":{"background-color":"","background-image":"","background-repeat":"repeat","background-position":"center center","background-size":"auto","background-attachment":"scroll","background-type":"","background-media":"","overlay-type":"","overlay-color":"","overlay-opacity":"","overlay-gradient":""}},"ast-content-background-meta":{"desktop":{"background-color":"var(--ast-global-color-5)","background-image":"","background-repeat":"repeat","background-position":"center center","background-size":"auto","background-attachment":"scroll","background-type":"","background-media":"","overlay-type":"","overlay-color":"","overlay-opacity":"","overlay-gradient":""},"tablet":{"background-color":"var(--ast-global-color-5)","background-image":"","background-repeat":"repeat","background-position":"center center","background-size":"auto","background-attachment":"scroll","background-type":"","background-media":"","overlay-type":"","overlay-color":"","overlay-opacity":"","overlay-gradient":""},"mobile":{"background-color":"var(--ast-global-color-5)","background-image":"","background-repeat":"repeat","background-position":"center center","background-size":"auto","background-attachment":"scroll","background-type":"","background-media":"","overlay-type":"","overlay-color":"","overlay-opacity":"","overlay-gradient":""}},"footnotes":""},"class_list":["post-1369","page","type-page","status-publish","hentry"],"yoast_head":"<!-- This site is optimized with the Yoast SEO plugin v27.5 - https:\/\/yoast.com\/product\/yoast-seo-wordpress\/ -->\n<title>GRIPNAIL - Calltorque Ferramentas Industriais<\/title>\n<meta name=\"robots\" content=\"index, follow, max-snippet:-1, max-image-preview:large, max-video-preview:-1\" \/>\n<link rel=\"canonical\" href=\"https:\/\/calltorque.com.br\/index.php\/produtos\/gripnail\/\" \/>\n<meta property=\"og:locale\" content=\"pt_BR\" \/>\n<meta property=\"og:type\" content=\"article\" \/>\n<meta property=\"og:title\" content=\"GRIPNAIL - Calltorque Ferramentas Industriais\" \/>\n<meta property=\"og:description\" content=\"A Gripnail promoveu uma revolu\u00e7\u00e3o nos processos de\u00a0fixa\u00e7\u00e3o de placas de identifica\u00e7\u00e3o e de cabos. FERRAMENTA PNEUM\u00c1TICA DE IMPACTO \u00daNICO GRIPNAIL A ferramenta pneum\u00e1tica Gripnail 211 \u00e9 usada para fixar fixadores que exigem um impacto preciso, regulado e simples.\u00a0Esta ferramenta ativada por gatilho possui um intertravamento de seguran\u00e7a que evita disparos acidentais e o impacto [&hellip;]\" \/>\n<meta property=\"og:url\" content=\"https:\/\/calltorque.com.br\/index.php\/produtos\/gripnail\/\" \/>\n<meta property=\"og:site_name\" content=\"Calltorque Ferramentas Industriais\" \/>\n<meta property=\"article:modified_time\" content=\"2024-04-29T15:23:04+00:00\" \/>\n<meta property=\"og:image\" content=\"https:\/\/calltorque.com.br\/wp-content\/uploads\/2024\/04\/logo.png\" \/>\n<meta name=\"twitter:card\" content=\"summary_large_image\" \/>\n<meta name=\"twitter:label1\" content=\"Est. tempo de leitura\" \/>\n\t<meta name=\"twitter:data1\" content=\"2 minutos\" \/>\n<script type=\"application\/ld+json\" class=\"yoast-schema-graph\">{\"@context\":\"https:\\\/\\\/schema.org\",\"@graph\":[{\"@type\":\"WebPage\",\"@id\":\"https:\\\/\\\/calltorque.com.br\\\/index.php\\\/produtos\\\/gripnail\\\/\",\"url\":\"https:\\\/\\\/calltorque.com.br\\\/index.php\\\/produtos\\\/gripnail\\\/\",\"name\":\"GRIPNAIL - Calltorque Ferramentas Industriais\",\"isPartOf\":{\"@id\":\"https:\\\/\\\/calltorque.com.br\\\/#website\"},\"primaryImageOfPage\":{\"@id\":\"https:\\\/\\\/calltorque.com.br\\\/index.php\\\/produtos\\\/gripnail\\\/#primaryimage\"},\"image\":{\"@id\":\"https:\\\/\\\/calltorque.com.br\\\/index.php\\\/produtos\\\/gripnail\\\/#primaryimage\"},\"thumbnailUrl\":\"https:\\\/\\\/calltorque.com.br\\\/wp-content\\\/uploads\\\/2024\\\/04\\\/logo.png\",\"datePublished\":\"2021-08-31T21:34:12+00:00\",\"dateModified\":\"2024-04-29T15:23:04+00:00\",\"breadcrumb\":{\"@id\":\"https:\\\/\\\/calltorque.com.br\\\/index.php\\\/produtos\\\/gripnail\\\/#breadcrumb\"},\"inLanguage\":\"pt-BR\",\"potentialAction\":[{\"@type\":\"ReadAction\",\"target\":[\"https:\\\/\\\/calltorque.com.br\\\/index.php\\\/produtos\\\/gripnail\\\/\"]}]},{\"@type\":\"ImageObject\",\"inLanguage\":\"pt-BR\",\"@id\":\"https:\\\/\\\/calltorque.com.br\\\/index.php\\\/produtos\\\/gripnail\\\/#primaryimage\",\"url\":\"https:\\\/\\\/calltorque.com.br\\\/wp-content\\\/uploads\\\/2024\\\/04\\\/logo.png\",\"contentUrl\":\"https:\\\/\\\/calltorque.com.br\\\/wp-content\\\/uploads\\\/2024\\\/04\\\/logo.png\",\"width\":362,\"height\":112},{\"@type\":\"BreadcrumbList\",\"@id\":\"https:\\\/\\\/calltorque.com.br\\\/index.php\\\/produtos\\\/gripnail\\\/#breadcrumb\",\"itemListElement\":[{\"@type\":\"ListItem\",\"position\":1,\"name\":\"Home\",\"item\":\"https:\\\/\\\/calltorque.com.br\\\/\"},{\"@type\":\"ListItem\",\"position\":2,\"name\":\"Produtos\",\"item\":\"https:\\\/\\\/calltorque.com.br\\\/index.php\\\/produtos\\\/\"},{\"@type\":\"ListItem\",\"position\":3,\"name\":\"GRIPNAIL\"}]},{\"@type\":\"WebSite\",\"@id\":\"https:\\\/\\\/calltorque.com.br\\\/#website\",\"url\":\"https:\\\/\\\/calltorque.com.br\\\/\",\"name\":\"Calltorque Ferramentas Industriais\",\"description\":\"Ferramentas Industriais 5.0\",\"publisher\":{\"@id\":\"https:\\\/\\\/calltorque.com.br\\\/#organization\"},\"potentialAction\":[{\"@type\":\"SearchAction\",\"target\":{\"@type\":\"EntryPoint\",\"urlTemplate\":\"https:\\\/\\\/calltorque.com.br\\\/?s={search_term_string}\"},\"query-input\":{\"@type\":\"PropertyValueSpecification\",\"valueRequired\":true,\"valueName\":\"search_term_string\"}}],\"inLanguage\":\"pt-BR\"},{\"@type\":\"Organization\",\"@id\":\"https:\\\/\\\/calltorque.com.br\\\/#organization\",\"name\":\"Calltorque Ferramentas Industriais\",\"url\":\"https:\\\/\\\/calltorque.com.br\\\/\",\"logo\":{\"@type\":\"ImageObject\",\"inLanguage\":\"pt-BR\",\"@id\":\"https:\\\/\\\/calltorque.com.br\\\/#\\\/schema\\\/logo\\\/image\\\/\",\"url\":\"https:\\\/\\\/calltorque.com.br\\\/wp-content\\\/uploads\\\/2021\\\/05\\\/Calltorque_logo1a.png\",\"contentUrl\":\"https:\\\/\\\/calltorque.com.br\\\/wp-content\\\/uploads\\\/2021\\\/05\\\/Calltorque_logo1a.png\",\"width\":400,\"height\":91,\"caption\":\"Calltorque Ferramentas Industriais\"},\"image\":{\"@id\":\"https:\\\/\\\/calltorque.com.br\\\/#\\\/schema\\\/logo\\\/image\\\/\"}}]}<\/script>\n<!-- \/ Yoast SEO plugin. -->","yoast_head_json":{"title":"GRIPNAIL - Calltorque Ferramentas Industriais","robots":{"index":"index","follow":"follow","max-snippet":"max-snippet:-1","max-image-preview":"max-image-preview:large","max-video-preview":"max-video-preview:-1"},"canonical":"https:\/\/calltorque.com.br\/index.php\/produtos\/gripnail\/","og_locale":"pt_BR","og_type":"article","og_title":"GRIPNAIL - Calltorque Ferramentas Industriais","og_description":"A Gripnail promoveu uma revolu\u00e7\u00e3o nos processos de\u00a0fixa\u00e7\u00e3o de placas de identifica\u00e7\u00e3o e de cabos. FERRAMENTA PNEUM\u00c1TICA DE IMPACTO \u00daNICO GRIPNAIL A ferramenta pneum\u00e1tica Gripnail 211 \u00e9 usada para fixar fixadores que exigem um impacto preciso, regulado e simples.\u00a0Esta ferramenta ativada por gatilho possui um intertravamento de seguran\u00e7a que evita disparos acidentais e o impacto [&hellip;]","og_url":"https:\/\/calltorque.com.br\/index.php\/produtos\/gripnail\/","og_site_name":"Calltorque Ferramentas Industriais","article_modified_time":"2024-04-29T15:23:04+00:00","og_image":[{"url":"https:\/\/calltorque.com.br\/wp-content\/uploads\/2024\/04\/logo.png","type":"","width":"","height":""}],"twitter_card":"summary_large_image","twitter_misc":{"Est. tempo de leitura":"2 minutos"},"schema":{"@context":"https:\/\/schema.org","@graph":[{"@type":"WebPage","@id":"https:\/\/calltorque.com.br\/index.php\/produtos\/gripnail\/","url":"https:\/\/calltorque.com.br\/index.php\/produtos\/gripnail\/","name":"GRIPNAIL - Calltorque Ferramentas Industriais","isPartOf":{"@id":"https:\/\/calltorque.com.br\/#website"},"primaryImageOfPage":{"@id":"https:\/\/calltorque.com.br\/index.php\/produtos\/gripnail\/#primaryimage"},"image":{"@id":"https:\/\/calltorque.com.br\/index.php\/produtos\/gripnail\/#primaryimage"},"thumbnailUrl":"https:\/\/calltorque.com.br\/wp-content\/uploads\/2024\/04\/logo.png","datePublished":"2021-08-31T21:34:12+00:00","dateModified":"2024-04-29T15:23:04+00:00","breadcrumb":{"@id":"https:\/\/calltorque.com.br\/index.php\/produtos\/gripnail\/#breadcrumb"},"inLanguage":"pt-BR","potentialAction":[{"@type":"ReadAction","target":["https:\/\/calltorque.com.br\/index.php\/produtos\/gripnail\/"]}]},{"@type":"ImageObject","inLanguage":"pt-BR","@id":"https:\/\/calltorque.com.br\/index.php\/produtos\/gripnail\/#primaryimage","url":"https:\/\/calltorque.com.br\/wp-content\/uploads\/2024\/04\/logo.png","contentUrl":"https:\/\/calltorque.com.br\/wp-content\/uploads\/2024\/04\/logo.png","width":362,"height":112},{"@type":"BreadcrumbList","@id":"https:\/\/calltorque.com.br\/index.php\/produtos\/gripnail\/#breadcrumb","itemListElement":[{"@type":"ListItem","position":1,"name":"Home","item":"https:\/\/calltorque.com.br\/"},{"@type":"ListItem","position":2,"name":"Produtos","item":"https:\/\/calltorque.com.br\/index.php\/produtos\/"},{"@type":"ListItem","position":3,"name":"GRIPNAIL"}]},{"@type":"WebSite","@id":"https:\/\/calltorque.com.br\/#website","url":"https:\/\/calltorque.com.br\/","name":"Calltorque Ferramentas Industriais","description":"Ferramentas Industriais 5.0","publisher":{"@id":"https:\/\/calltorque.com.br\/#organization"},"potentialAction":[{"@type":"SearchAction","target":{"@type":"EntryPoint","urlTemplate":"https:\/\/calltorque.com.br\/?s={search_term_string}"},"query-input":{"@type":"PropertyValueSpecification","valueRequired":true,"valueName":"search_term_string"}}],"inLanguage":"pt-BR"},{"@type":"Organization","@id":"https:\/\/calltorque.com.br\/#organization","name":"Calltorque Ferramentas Industriais","url":"https:\/\/calltorque.com.br\/","logo":{"@type":"ImageObject","inLanguage":"pt-BR","@id":"https:\/\/calltorque.com.br\/#\/schema\/logo\/image\/","url":"https:\/\/calltorque.com.br\/wp-content\/uploads\/2021\/05\/Calltorque_logo1a.png","contentUrl":"https:\/\/calltorque.com.br\/wp-content\/uploads\/2021\/05\/Calltorque_logo1a.png","width":400,"height":91,"caption":"Calltorque Ferramentas Industriais"},"image":{"@id":"https:\/\/calltorque.com.br\/#\/schema\/logo\/image\/"}}]}},"_links":{"self":[{"href":"https:\/\/calltorque.com.br\/index.php\/wp-json\/wp\/v2\/pages\/1369","targetHints":{"allow":["GET"]}}],"collection":[{"href":"https:\/\/calltorque.com.br\/index.php\/wp-json\/wp\/v2\/pages"}],"about":[{"href":"https:\/\/calltorque.com.br\/index.php\/wp-json\/wp\/v2\/types\/page"}],"author":[{"embeddable":true,"href":"https:\/\/calltorque.com.br\/index.php\/wp-json\/wp\/v2\/users\/1"}],"replies":[{"embeddable":true,"href":"https:\/\/calltorque.com.br\/index.php\/wp-json\/wp\/v2\/comments?post=1369"}],"version-history":[{"count":24,"href":"https:\/\/calltorque.com.br\/index.php\/wp-json\/wp\/v2\/pages\/1369\/revisions"}],"predecessor-version":[{"id":3726,"href":"https:\/\/calltorque.com.br\/index.php\/wp-json\/wp\/v2\/pages\/1369\/revisions\/3726"}],"up":[{"embeddable":true,"href":"https:\/\/calltorque.com.br\/index.php\/wp-json\/wp\/v2\/pages\/1127"}],"wp:attachment":[{"href":"https:\/\/calltorque.com.br\/index.php\/wp-json\/wp\/v2\/media?parent=1369"}],"curies":[{"name":"wp","href":"https:\/\/api.w.org\/{rel}","templated":true}]}}