{"id":1401,"date":"2021-09-01T15:34:49","date_gmt":"2021-09-01T18:34:49","guid":{"rendered":"https:\/\/calltorque.com.br\/?page_id=1401"},"modified":"2023-09-09T17:42:09","modified_gmt":"2023-09-09T20:42:09","slug":"fpt-technology","status":"publish","type":"page","link":"https:\/\/calltorque.com.br\/index.php\/produtos\/fpt-technology\/","title":{"rendered":"FPT TECHNOLOGY"},"content":{"rendered":"\n\n\t\t\t\t<img loading=\"lazy\" decoding=\"async\" src=\"https:\/\/calltorque.com.br\/wp-content\/uploads\/2022\/01\/FPT-LogoWeb-280x74-1.png\" alt=\"FPT-LogoWeb-280x74\" itemprop=\"image\" height=\"74\" width=\"230\" title=\"FPT-LogoWeb-280x74\" onerror=\"this.style.display='none'\"  \/>\n\tFabricante italiana de cilindros hidr\u00e1ulicos para as mais diversas aplica\u00e7\u00f5es, focada em sistemas de levantamento e pesagem<br \/>\nsincronizados de grandes estruturas.\n\t\t\t<h2>SOBRE A FPT TECHNOLOGY<\/h2>\t\t\t\n\t\t\t\t<p>A <strong>FPT<\/strong> &#8211; <strong>Fluid Power Technology<\/strong> projeta e fabrica equipamentos hidr\u00e1ulicos de alta press\u00e3o de 700 a 4000 bar. A FPT \u00e9 altamente especializada em engenharia e produ\u00e7\u00e3o de novas solu\u00e7\u00f5es t\u00e9cnicas e equipamentos para levantamento, tensionamento e torque com uma qualidade absoluta dos produtos. A FPT possui o certificado de sistema de gest\u00e3o da qualidade <strong><em>ISO 9001: 2008<\/em><\/strong>.<\/p>\n<p><strong>Confiar na FPT Fluid Power Technology significa escolher solu\u00e7\u00f5es t\u00e9cnicas derivadas de mais de 50 anos de experi\u00eancia no campo da hidr\u00e1ulica.<\/strong><\/p>\n<p>Significa utilizar tecnologia funcional e moderna que simplifica e melhora o n\u00edvel do seu trabalho. Significa receber um servi\u00e7o personalizado que atenda \u00e0s suas necessidades espec\u00edficas e satisfa\u00e7a todas as necessidades, de 700 a 4000 bar. H\u00e1 anos a FPT fornece ao mercado internacional uma linha completa de ferramentas e equipamentos hidr\u00e1ulicos de alta press\u00e3o.<\/p>\n<p>A FPT fabrica, monta e testa, em instala\u00e7\u00f5es pr\u00f3prias na It\u00e1lia, uma vasta gama de produtos standard, com ampla disponibilidade de armaz\u00e9m, que facilitam o trabalho do operador e aumentam a efici\u00eancia nos diversos setores industriais.<\/p>\n\t<p>Fabricante de equipamentos de eleva\u00e7\u00e3o, aparafusamento e tensionamento<\/p>\n<h2>\n\t\tMERCADOS ATENDIDOS\n\t<\/h2>\n\t<p>Constru\u00e7\u00e3o naval, constru\u00e7\u00e3o, transporte e levantamento pesado, infra-estruturas, pontes e viadutos, engenharia, geotecnia e testes no local, ferrovias, sider\u00fargicas, ind\u00fastria de forja e pesada, energia, transporte, minera\u00e7\u00e3o, setor e\u00f3lico, manuten\u00e7\u00e3o, industrial, offshore e petr\u00f3leo e g\u00e1s est\u00e3o entre os principais setores de aplica\u00e7\u00e3o dos produtos FPT.<\/p>\n\t<h2>\n\t\t\t\tCONHE\u00c7A AS FERRAMENTAS FPT TECHNOLOGY\n\t\t\t<\/h2>\n\t\t\t<p>Descubra a exclusiva linha de ferramentas e equipamentos da FPT Technology clicando nas imagens abaixo.<\/p>\t\n<h2>\n\t\tVoc\u00ea conhece nosso test drive?\n\t<\/h2>\n\t<p>Com a op\u00e7\u00e3o TEST DRIVE da <em><strong>Calltorque<\/strong><\/em>, \u00e9 poss\u00edvel ALUGAR FERRAMENTAS de ALTO DESEMPENHO para testar em opera\u00e7\u00f5es regulares ou eventuais de sua empresa em in\u00fameras situa\u00e7\u00f5es; Confirmar se as necessidades das aplica\u00e7\u00f5es ser\u00e3o plenamente atendidas; Poder sempre experimentar a tecnologia dos equipamentos, entre outros benef\u00edcios!<\/p>\n<p>SAIBA MAIS sobre nosso Test Drive:<\/p>\n\t\t\t<a href=\"https:\/\/locacao.calltorque.com.br\/\" target=\"_blank\" rel=\"noopener\">\n\t\t\t\t\t\tVer mais informa\u00e7\u00f5es sobre o Test Drive\n\t\t\t\t\t<\/a>\n\t\t\t<h3>junte-se \u00e0 n\u00f3s<\/h3>\t\t\t\n\t\t\t\t<p>Nossos clientes usufruem de um atendimento individualizado e, desta forma, criamos mais valor atrav\u00e9s da troca de experi\u00eancias, entendendo as necessidades e as aplica\u00e7\u00f5es, oferecendo suporte e orienta\u00e7\u00e3o profissional para apresentar solu\u00e7\u00f5es eficientes e inteligentes.<\/p>\n<p>Atendemos em todo o Brasil!<\/p>\n\t\t\t<a href=\"https:\/\/calltorque.com.br\/index.php\/contato\/\" target=\"_self\" role=\"button\" aria-label=\"Solicite o contato de um Representante mais pr\u00f3ximo de sua empresa\" rel=\"noopener\">\n\t\t\t\t\t\t\tSolicite o contato de um Representante mais pr\u00f3ximo de sua empresa\n\t\t<\/a>\n\n","protected":false},"excerpt":{"rendered":"<p>Fabricante italiana de cilindros hidr\u00e1ulicos para as mais diversas aplica\u00e7\u00f5es, focada em sistemas de levantamento e pesagem sincronizados de grandes estruturas. SOBRE A FPT TECHNOLOGY A FPT &#8211; Fluid Power Technology projeta e fabrica equipamentos hidr\u00e1ulicos de alta press\u00e3o de 700 a 4000 bar. A FPT \u00e9 altamente especializada em engenharia e produ\u00e7\u00e3o de novas [&hellip;]<\/p>\n","protected":false},"author":1,"featured_media":0,"parent":1127,"menu_order":0,"comment_status":"closed","ping_status":"closed","template":"","meta":{"site-sidebar-layout":"default","site-content-layout":"page-builder","ast-site-content-layout":"default","site-content-style":"default","site-sidebar-style":"default","ast-global-header-display":"","ast-banner-title-visibility":"","ast-main-header-display":"","ast-hfb-above-header-display":"","ast-hfb-below-header-display":"","ast-hfb-mobile-header-display":"","site-post-title":"disabled","ast-breadcrumbs-content":"","ast-featured-img":"disabled","footer-sml-layout":"","ast-disable-related-posts":"","theme-transparent-header-meta":"enabled","adv-header-id-meta":"","stick-header-meta":"","header-above-stick-meta":"","header-main-stick-meta":"","header-below-stick-meta":"","astra-migrate-meta-layouts":"default","ast-page-background-enabled":"default","ast-page-background-meta":{"desktop":{"background-color":"","background-image":"","background-repeat":"repeat","background-position":"center center","background-size":"auto","background-attachment":"scroll","background-type":"","background-media":"","overlay-type":"","overlay-color":"","overlay-opacity":"","overlay-gradient":""},"tablet":{"background-color":"","background-image":"","background-repeat":"repeat","background-position":"center center","background-size":"auto","background-attachment":"scroll","background-type":"","background-media":"","overlay-type":"","overlay-color":"","overlay-opacity":"","overlay-gradient":""},"mobile":{"background-color":"","background-image":"","background-repeat":"repeat","background-position":"center center","background-size":"auto","background-attachment":"scroll","background-type":"","background-media":"","overlay-type":"","overlay-color":"","overlay-opacity":"","overlay-gradient":""}},"ast-content-background-meta":{"desktop":{"background-color":"var(--ast-global-color-5)","background-image":"","background-repeat":"repeat","background-position":"center center","background-size":"auto","background-attachment":"scroll","background-type":"","background-media":"","overlay-type":"","overlay-color":"","overlay-opacity":"","overlay-gradient":""},"tablet":{"background-color":"var(--ast-global-color-5)","background-image":"","background-repeat":"repeat","background-position":"center center","background-size":"auto","background-attachment":"scroll","background-type":"","background-media":"","overlay-type":"","overlay-color":"","overlay-opacity":"","overlay-gradient":""},"mobile":{"background-color":"var(--ast-global-color-5)","background-image":"","background-repeat":"repeat","background-position":"center center","background-size":"auto","background-attachment":"scroll","background-type":"","background-media":"","overlay-type":"","overlay-color":"","overlay-opacity":"","overlay-gradient":""}},"footnotes":""},"class_list":["post-1401","page","type-page","status-publish","hentry"],"yoast_head":"<!-- This site is optimized with the Yoast SEO plugin v27.5 - https:\/\/yoast.com\/product\/yoast-seo-wordpress\/ -->\n<title>FPT TECHNOLOGY - Calltorque Ferramentas Industriais<\/title>\n<meta name=\"robots\" content=\"index, follow, max-snippet:-1, max-image-preview:large, max-video-preview:-1\" \/>\n<link rel=\"canonical\" href=\"https:\/\/calltorque.com.br\/index.php\/produtos\/fpt-technology\/\" \/>\n<meta property=\"og:locale\" content=\"pt_BR\" \/>\n<meta property=\"og:type\" content=\"article\" \/>\n<meta property=\"og:title\" content=\"FPT TECHNOLOGY - Calltorque Ferramentas Industriais\" \/>\n<meta property=\"og:description\" content=\"Fabricante italiana de cilindros hidr\u00e1ulicos para as mais diversas aplica\u00e7\u00f5es, focada em sistemas de levantamento e pesagem sincronizados de grandes estruturas. SOBRE A FPT TECHNOLOGY A FPT &#8211; Fluid Power Technology projeta e fabrica equipamentos hidr\u00e1ulicos de alta press\u00e3o de 700 a 4000 bar. A FPT \u00e9 altamente especializada em engenharia e produ\u00e7\u00e3o de novas [&hellip;]\" \/>\n<meta property=\"og:url\" content=\"https:\/\/calltorque.com.br\/index.php\/produtos\/fpt-technology\/\" \/>\n<meta property=\"og:site_name\" content=\"Calltorque Ferramentas Industriais\" \/>\n<meta property=\"article:modified_time\" content=\"2023-09-09T20:42:09+00:00\" \/>\n<meta property=\"og:image\" content=\"https:\/\/calltorque.com.br\/wp-content\/uploads\/2022\/01\/FPT-LogoWeb-280x74-1.png\" \/>\n<meta name=\"twitter:card\" content=\"summary_large_image\" \/>\n<meta name=\"twitter:label1\" content=\"Est. tempo de leitura\" \/>\n\t<meta name=\"twitter:data1\" content=\"2 minutos\" \/>\n<script type=\"application\/ld+json\" class=\"yoast-schema-graph\">{\"@context\":\"https:\\\/\\\/schema.org\",\"@graph\":[{\"@type\":\"WebPage\",\"@id\":\"https:\\\/\\\/calltorque.com.br\\\/index.php\\\/produtos\\\/fpt-technology\\\/\",\"url\":\"https:\\\/\\\/calltorque.com.br\\\/index.php\\\/produtos\\\/fpt-technology\\\/\",\"name\":\"FPT TECHNOLOGY - Calltorque Ferramentas Industriais\",\"isPartOf\":{\"@id\":\"https:\\\/\\\/calltorque.com.br\\\/#website\"},\"primaryImageOfPage\":{\"@id\":\"https:\\\/\\\/calltorque.com.br\\\/index.php\\\/produtos\\\/fpt-technology\\\/#primaryimage\"},\"image\":{\"@id\":\"https:\\\/\\\/calltorque.com.br\\\/index.php\\\/produtos\\\/fpt-technology\\\/#primaryimage\"},\"thumbnailUrl\":\"https:\\\/\\\/calltorque.com.br\\\/wp-content\\\/uploads\\\/2022\\\/01\\\/FPT-LogoWeb-280x74-1.png\",\"datePublished\":\"2021-09-01T18:34:49+00:00\",\"dateModified\":\"2023-09-09T20:42:09+00:00\",\"breadcrumb\":{\"@id\":\"https:\\\/\\\/calltorque.com.br\\\/index.php\\\/produtos\\\/fpt-technology\\\/#breadcrumb\"},\"inLanguage\":\"pt-BR\",\"potentialAction\":[{\"@type\":\"ReadAction\",\"target\":[\"https:\\\/\\\/calltorque.com.br\\\/index.php\\\/produtos\\\/fpt-technology\\\/\"]}]},{\"@type\":\"ImageObject\",\"inLanguage\":\"pt-BR\",\"@id\":\"https:\\\/\\\/calltorque.com.br\\\/index.php\\\/produtos\\\/fpt-technology\\\/#primaryimage\",\"url\":\"https:\\\/\\\/calltorque.com.br\\\/wp-content\\\/uploads\\\/2022\\\/01\\\/FPT-LogoWeb-280x74-1.png\",\"contentUrl\":\"https:\\\/\\\/calltorque.com.br\\\/wp-content\\\/uploads\\\/2022\\\/01\\\/FPT-LogoWeb-280x74-1.png\",\"width\":230,\"height\":74},{\"@type\":\"BreadcrumbList\",\"@id\":\"https:\\\/\\\/calltorque.com.br\\\/index.php\\\/produtos\\\/fpt-technology\\\/#breadcrumb\",\"itemListElement\":[{\"@type\":\"ListItem\",\"position\":1,\"name\":\"Home\",\"item\":\"https:\\\/\\\/calltorque.com.br\\\/\"},{\"@type\":\"ListItem\",\"position\":2,\"name\":\"Produtos\",\"item\":\"https:\\\/\\\/calltorque.com.br\\\/index.php\\\/produtos\\\/\"},{\"@type\":\"ListItem\",\"position\":3,\"name\":\"FPT TECHNOLOGY\"}]},{\"@type\":\"WebSite\",\"@id\":\"https:\\\/\\\/calltorque.com.br\\\/#website\",\"url\":\"https:\\\/\\\/calltorque.com.br\\\/\",\"name\":\"Calltorque Ferramentas Industriais\",\"description\":\"Ferramentas Industriais 5.0\",\"publisher\":{\"@id\":\"https:\\\/\\\/calltorque.com.br\\\/#organization\"},\"potentialAction\":[{\"@type\":\"SearchAction\",\"target\":{\"@type\":\"EntryPoint\",\"urlTemplate\":\"https:\\\/\\\/calltorque.com.br\\\/?s={search_term_string}\"},\"query-input\":{\"@type\":\"PropertyValueSpecification\",\"valueRequired\":true,\"valueName\":\"search_term_string\"}}],\"inLanguage\":\"pt-BR\"},{\"@type\":\"Organization\",\"@id\":\"https:\\\/\\\/calltorque.com.br\\\/#organization\",\"name\":\"Calltorque Ferramentas Industriais\",\"url\":\"https:\\\/\\\/calltorque.com.br\\\/\",\"logo\":{\"@type\":\"ImageObject\",\"inLanguage\":\"pt-BR\",\"@id\":\"https:\\\/\\\/calltorque.com.br\\\/#\\\/schema\\\/logo\\\/image\\\/\",\"url\":\"https:\\\/\\\/calltorque.com.br\\\/wp-content\\\/uploads\\\/2021\\\/05\\\/Calltorque_logo1a.png\",\"contentUrl\":\"https:\\\/\\\/calltorque.com.br\\\/wp-content\\\/uploads\\\/2021\\\/05\\\/Calltorque_logo1a.png\",\"width\":400,\"height\":91,\"caption\":\"Calltorque Ferramentas Industriais\"},\"image\":{\"@id\":\"https:\\\/\\\/calltorque.com.br\\\/#\\\/schema\\\/logo\\\/image\\\/\"}}]}<\/script>\n<!-- \/ Yoast SEO plugin. -->","yoast_head_json":{"title":"FPT TECHNOLOGY - Calltorque Ferramentas Industriais","robots":{"index":"index","follow":"follow","max-snippet":"max-snippet:-1","max-image-preview":"max-image-preview:large","max-video-preview":"max-video-preview:-1"},"canonical":"https:\/\/calltorque.com.br\/index.php\/produtos\/fpt-technology\/","og_locale":"pt_BR","og_type":"article","og_title":"FPT TECHNOLOGY - Calltorque Ferramentas Industriais","og_description":"Fabricante italiana de cilindros hidr\u00e1ulicos para as mais diversas aplica\u00e7\u00f5es, focada em sistemas de levantamento e pesagem sincronizados de grandes estruturas. SOBRE A FPT TECHNOLOGY A FPT &#8211; Fluid Power Technology projeta e fabrica equipamentos hidr\u00e1ulicos de alta press\u00e3o de 700 a 4000 bar. A FPT \u00e9 altamente especializada em engenharia e produ\u00e7\u00e3o de novas [&hellip;]","og_url":"https:\/\/calltorque.com.br\/index.php\/produtos\/fpt-technology\/","og_site_name":"Calltorque Ferramentas Industriais","article_modified_time":"2023-09-09T20:42:09+00:00","og_image":[{"url":"https:\/\/calltorque.com.br\/wp-content\/uploads\/2022\/01\/FPT-LogoWeb-280x74-1.png","type":"","width":"","height":""}],"twitter_card":"summary_large_image","twitter_misc":{"Est. tempo de leitura":"2 minutos"},"schema":{"@context":"https:\/\/schema.org","@graph":[{"@type":"WebPage","@id":"https:\/\/calltorque.com.br\/index.php\/produtos\/fpt-technology\/","url":"https:\/\/calltorque.com.br\/index.php\/produtos\/fpt-technology\/","name":"FPT TECHNOLOGY - Calltorque Ferramentas Industriais","isPartOf":{"@id":"https:\/\/calltorque.com.br\/#website"},"primaryImageOfPage":{"@id":"https:\/\/calltorque.com.br\/index.php\/produtos\/fpt-technology\/#primaryimage"},"image":{"@id":"https:\/\/calltorque.com.br\/index.php\/produtos\/fpt-technology\/#primaryimage"},"thumbnailUrl":"https:\/\/calltorque.com.br\/wp-content\/uploads\/2022\/01\/FPT-LogoWeb-280x74-1.png","datePublished":"2021-09-01T18:34:49+00:00","dateModified":"2023-09-09T20:42:09+00:00","breadcrumb":{"@id":"https:\/\/calltorque.com.br\/index.php\/produtos\/fpt-technology\/#breadcrumb"},"inLanguage":"pt-BR","potentialAction":[{"@type":"ReadAction","target":["https:\/\/calltorque.com.br\/index.php\/produtos\/fpt-technology\/"]}]},{"@type":"ImageObject","inLanguage":"pt-BR","@id":"https:\/\/calltorque.com.br\/index.php\/produtos\/fpt-technology\/#primaryimage","url":"https:\/\/calltorque.com.br\/wp-content\/uploads\/2022\/01\/FPT-LogoWeb-280x74-1.png","contentUrl":"https:\/\/calltorque.com.br\/wp-content\/uploads\/2022\/01\/FPT-LogoWeb-280x74-1.png","width":230,"height":74},{"@type":"BreadcrumbList","@id":"https:\/\/calltorque.com.br\/index.php\/produtos\/fpt-technology\/#breadcrumb","itemListElement":[{"@type":"ListItem","position":1,"name":"Home","item":"https:\/\/calltorque.com.br\/"},{"@type":"ListItem","position":2,"name":"Produtos","item":"https:\/\/calltorque.com.br\/index.php\/produtos\/"},{"@type":"ListItem","position":3,"name":"FPT TECHNOLOGY"}]},{"@type":"WebSite","@id":"https:\/\/calltorque.com.br\/#website","url":"https:\/\/calltorque.com.br\/","name":"Calltorque Ferramentas Industriais","description":"Ferramentas Industriais 5.0","publisher":{"@id":"https:\/\/calltorque.com.br\/#organization"},"potentialAction":[{"@type":"SearchAction","target":{"@type":"EntryPoint","urlTemplate":"https:\/\/calltorque.com.br\/?s={search_term_string}"},"query-input":{"@type":"PropertyValueSpecification","valueRequired":true,"valueName":"search_term_string"}}],"inLanguage":"pt-BR"},{"@type":"Organization","@id":"https:\/\/calltorque.com.br\/#organization","name":"Calltorque Ferramentas Industriais","url":"https:\/\/calltorque.com.br\/","logo":{"@type":"ImageObject","inLanguage":"pt-BR","@id":"https:\/\/calltorque.com.br\/#\/schema\/logo\/image\/","url":"https:\/\/calltorque.com.br\/wp-content\/uploads\/2021\/05\/Calltorque_logo1a.png","contentUrl":"https:\/\/calltorque.com.br\/wp-content\/uploads\/2021\/05\/Calltorque_logo1a.png","width":400,"height":91,"caption":"Calltorque Ferramentas Industriais"},"image":{"@id":"https:\/\/calltorque.com.br\/#\/schema\/logo\/image\/"}}]}},"_links":{"self":[{"href":"https:\/\/calltorque.com.br\/index.php\/wp-json\/wp\/v2\/pages\/1401","targetHints":{"allow":["GET"]}}],"collection":[{"href":"https:\/\/calltorque.com.br\/index.php\/wp-json\/wp\/v2\/pages"}],"about":[{"href":"https:\/\/calltorque.com.br\/index.php\/wp-json\/wp\/v2\/types\/page"}],"author":[{"embeddable":true,"href":"https:\/\/calltorque.com.br\/index.php\/wp-json\/wp\/v2\/users\/1"}],"replies":[{"embeddable":true,"href":"https:\/\/calltorque.com.br\/index.php\/wp-json\/wp\/v2\/comments?post=1401"}],"version-history":[{"count":25,"href":"https:\/\/calltorque.com.br\/index.php\/wp-json\/wp\/v2\/pages\/1401\/revisions"}],"predecessor-version":[{"id":3419,"href":"https:\/\/calltorque.com.br\/index.php\/wp-json\/wp\/v2\/pages\/1401\/revisions\/3419"}],"up":[{"embeddable":true,"href":"https:\/\/calltorque.com.br\/index.php\/wp-json\/wp\/v2\/pages\/1127"}],"wp:attachment":[{"href":"https:\/\/calltorque.com.br\/index.php\/wp-json\/wp\/v2\/media?parent=1401"}],"curies":[{"name":"wp","href":"https:\/\/api.w.org\/{rel}","templated":true}]}}