{"id":149,"date":"2018-07-03T05:56:50","date_gmt":"2018-07-03T08:56:50","guid":{"rendered":"https:\/\/calltorque.com.br\/index.php\/home\/"},"modified":"2026-02-26T18:47:50","modified_gmt":"2026-02-26T21:47:50","slug":"home","status":"publish","type":"page","link":"https:\/\/calltorque.com.br\/","title":{"rendered":"Home"},"content":{"rendered":"\n\n\t\t\t<h2>Solu\u00e7\u00f5es Industriais de Alta Performance<\/h2>\t\t\t\n\t\t\t\t<p>Distribuidor multimarcas de ferramentas industriais premium.<br data-start=\"1008\" data-end=\"1011\" \/>H\u00e1 23 anos conectando a ind\u00fastria brasileira \u00e0s melhores tecnologias globais.<\/p>\n<h1>\n\t\t\tUMA LINHA COMPLETA de TORQU\u00cdMETROS, BOMBAS HIDR\u00c1ULICAS e MANUAIS, e DIVERSAS FERRAMENTAS INDUSTRIAIS PREMIUM.\t<\/h1>\n\t<h3>\n\t\t\t\tTECNOLOGIA E DESIGN AO SEU ALCANCE\n\t\t\t<\/h3>\n\t\t\t<p>Para a CallTorque aliar novas tecnologias e qualidade de vida ao trabalho \u00e9 o grande motivador onde buscamos, constantemente, oferecer o melhor resultado final a sua empresa.Descubra as melhores tecnologias em equipamentos profissionais e industriais para as suas opera\u00e7\u00f5es. Seja qual for o seu segmento, ind\u00fastria, naval, minera\u00e7\u00e3o, energia, e\u00f3lica, automotivo, alimentar, m\u00e9dico, aeron\u00e1utico, transportes, oferecemos o melhor produzido pelas maiores fabricantes do mundo.<\/p>\t\n\t\t\t<a href=\"https:\/\/calltorque.com.br\/index.php\/produtos\/\" title=\"SAIBA MAIS\" target=\"_self\"   role=\"button\" aria-label=\"SAIBA MAIS\">\n\t\t\t\t\t\t\t\t\t\t\tSAIBA MAIS\n\t\t<\/a>\n\t\t\t<h2>Teste antes de investir. Decida com seguran\u00e7a.<\/h2><h4>Loca\u00e7\u00e3o t\u00e9cnica de equipamentos industriais para testar desempenho real na sua aplica\u00e7\u00e3o.<\/h4>\t\t\t\n\t\t\t\tCom a loca\u00e7\u00e3o estrat\u00e9gica da Calltorque, sua empresa pode testar ferramentas industriais de alto desempenho em ambiente real de opera\u00e7\u00e3o.\nAssim, \u00e9 poss\u00edvel:\n<ul data-start=\"1139\" data-end=\"1309\">\n<li data-start=\"1139\" data-end=\"1183\">\nAvaliar torque, precis\u00e3o e produtividade\n<\/li>\n<li data-start=\"1184\" data-end=\"1222\">\nConfirmar a aplicabilidade t\u00e9cnica\n<\/li>\n<li data-start=\"1223\" data-end=\"1262\">\nReduzir riscos de compra equivocada\n<\/li>\n<li data-start=\"1263\" data-end=\"1309\">\nComparar tecnologias antes do investimento\n<\/li>\n<\/ul>\nDessa forma, voc\u00ea transforma a loca\u00e7\u00e3o em uma etapa estrat\u00e9gica da decis\u00e3o.\n\t\t\t<a href=\"https:\/\/locacao.calltorque.com.br\/\" title=\"Conhecer a loca\u00e7\u00e3o estrat\u00e9gica\" target=\"_blank\" rel=\"noopener\"  role=\"button\" aria-label=\"Conhecer a loca\u00e7\u00e3o estrat\u00e9gica\">\n\t\t\t\t\t\t\tConhecer a loca\u00e7\u00e3o estrat\u00e9gica\n\t\t<\/a>\n\t<h3>\n\t\t\t\tNOSSAS MARCAS MUNDIALMENTE RECONHECIDAS\n\t\t\t<\/h3>\n\t\t<h2>JUNTE-SE A N\u00d3S<\/h2>\t\t\t\n\t\t\t\t<p>Conhe\u00e7a nossa linha de produtos e as in\u00fameras aplica\u00e7\u00f5es, os servi\u00e7os t\u00e9cnicos e de consultoria, a loca\u00e7\u00e3o para Test Drive, e descubra como podemos ajud\u00e1-lo!<\/p>\n\t\t\t<a href=\"https:\/\/calltorque.com.br\/index.php\/produtos\/\" title=\"COMECE POR AQUI\" target=\"_self\"   role=\"button\" aria-label=\"COMECE POR AQUI\">\n\t\t\t\t\t\t\tCOMECE POR AQUI\n\t\t<\/a>\n<h2>\n\t\t\tInscreva-se para receber nossa Newsletter\t<\/h2>\n\t<p>Respeitamos suas escolhas e, por este motivo, nossa news s\u00f3 \u00e9 enviada quinzenalmente para divulgar novidades em produtos e acess\u00f3rios, ofertas de equipamentos ou novas linhas dispon\u00edveis.<\/p>\n\n","protected":false},"excerpt":{"rendered":"<p>Solu\u00e7\u00f5es Industriais de Alta Performance Distribuidor multimarcas de ferramentas industriais premium.H\u00e1 23 anos conectando a ind\u00fastria brasileira \u00e0s melhores tecnologias globais. UMA LINHA COMPLETA de TORQU\u00cdMETROS, BOMBAS HIDR\u00c1ULICAS e MANUAIS, e DIVERSAS FERRAMENTAS INDUSTRIAIS PREMIUM. TECNOLOGIA E DESIGN AO SEU ALCANCE Para a CallTorque aliar novas tecnologias e qualidade de vida ao trabalho \u00e9 o [&hellip;]<\/p>\n","protected":false},"author":1,"featured_media":0,"parent":0,"menu_order":0,"comment_status":"closed","ping_status":"closed","template":"","meta":{"site-sidebar-layout":"default","site-content-layout":"page-builder","ast-site-content-layout":"default","site-content-style":"default","site-sidebar-style":"default","ast-global-header-display":"","ast-banner-title-visibility":"","ast-main-header-display":"","ast-hfb-above-header-display":"","ast-hfb-below-header-display":"","ast-hfb-mobile-header-display":"","site-post-title":"","ast-breadcrumbs-content":"","ast-featured-img":"disabled","footer-sml-layout":"","ast-disable-related-posts":"","theme-transparent-header-meta":"enabled","adv-header-id-meta":"","stick-header-meta":"","header-above-stick-meta":"","header-main-stick-meta":"","header-below-stick-meta":"","astra-migrate-meta-layouts":"default","ast-page-background-enabled":"default","ast-page-background-meta":{"desktop":{"background-color":"","background-image":"","background-repeat":"repeat","background-position":"center center","background-size":"auto","background-attachment":"scroll","background-type":"","background-media":"","overlay-type":"","overlay-color":"","overlay-opacity":"","overlay-gradient":""},"tablet":{"background-color":"","background-image":"","background-repeat":"repeat","background-position":"center center","background-size":"auto","background-attachment":"scroll","background-type":"","background-media":"","overlay-type":"","overlay-color":"","overlay-opacity":"","overlay-gradient":""},"mobile":{"background-color":"","background-image":"","background-repeat":"repeat","background-position":"center center","background-size":"auto","background-attachment":"scroll","background-type":"","background-media":"","overlay-type":"","overlay-color":"","overlay-opacity":"","overlay-gradient":""}},"ast-content-background-meta":{"desktop":{"background-color":"var(--ast-global-color-5)","background-image":"","background-repeat":"repeat","background-position":"center center","background-size":"auto","background-attachment":"scroll","background-type":"","background-media":"","overlay-type":"","overlay-color":"","overlay-opacity":"","overlay-gradient":""},"tablet":{"background-color":"var(--ast-global-color-5)","background-image":"","background-repeat":"repeat","background-position":"center center","background-size":"auto","background-attachment":"scroll","background-type":"","background-media":"","overlay-type":"","overlay-color":"","overlay-opacity":"","overlay-gradient":""},"mobile":{"background-color":"var(--ast-global-color-5)","background-image":"","background-repeat":"repeat","background-position":"center center","background-size":"auto","background-attachment":"scroll","background-type":"","background-media":"","overlay-type":"","overlay-color":"","overlay-opacity":"","overlay-gradient":""}},"footnotes":""},"class_list":["post-149","page","type-page","status-publish","hentry"],"yoast_head":"<!-- This site is optimized with the Yoast SEO plugin v27.5 - https:\/\/yoast.com\/product\/yoast-seo-wordpress\/ -->\n<title>Torqu\u00edmetros e Bombas Hidr\u00e1ulicas Calltorque Ferramentas<\/title>\n<meta name=\"description\" content=\"Torqu\u00edmetros, bombas hidr\u00e1ulicas, ferramentas profissionais e equipamentos industriais premium para todos os setores da ind\u00fastria e manuten\u00e7\u00e3o\" \/>\n<meta name=\"robots\" content=\"index, follow, max-snippet:-1, max-image-preview:large, max-video-preview:-1\" \/>\n<link rel=\"canonical\" href=\"https:\/\/calltorque.com.br\/\" \/>\n<meta property=\"og:locale\" content=\"pt_BR\" \/>\n<meta property=\"og:type\" content=\"article\" \/>\n<meta property=\"og:title\" content=\"Torqu\u00edmetros e Bombas Hidr\u00e1ulicas Calltorque Ferramentas\" \/>\n<meta property=\"og:description\" content=\"Torqu\u00edmetros, bombas hidr\u00e1ulicas, ferramentas profissionais e equipamentos industriais premium para todos os setores da ind\u00fastria e manuten\u00e7\u00e3o\" \/>\n<meta property=\"og:url\" content=\"https:\/\/calltorque.com.br\/\" \/>\n<meta property=\"og:site_name\" content=\"Calltorque Ferramentas Industriais\" \/>\n<meta property=\"article:modified_time\" content=\"2026-02-26T21:47:50+00:00\" \/>\n<meta name=\"twitter:card\" content=\"summary_large_image\" \/>\n<meta name=\"twitter:label1\" content=\"Est. tempo de leitura\" \/>\n\t<meta name=\"twitter:data1\" content=\"2 minutos\" \/>\n<script type=\"application\/ld+json\" class=\"yoast-schema-graph\">{\"@context\":\"https:\\\/\\\/schema.org\",\"@graph\":[{\"@type\":\"WebPage\",\"@id\":\"https:\\\/\\\/calltorque.com.br\\\/\",\"url\":\"https:\\\/\\\/calltorque.com.br\\\/\",\"name\":\"Torqu\u00edmetros e Bombas Hidr\u00e1ulicas Calltorque Ferramentas\",\"isPartOf\":{\"@id\":\"https:\\\/\\\/calltorque.com.br\\\/#website\"},\"datePublished\":\"2018-07-03T08:56:50+00:00\",\"dateModified\":\"2026-02-26T21:47:50+00:00\",\"description\":\"Torqu\u00edmetros, bombas hidr\u00e1ulicas, ferramentas profissionais e equipamentos industriais premium para todos os setores da ind\u00fastria e manuten\u00e7\u00e3o\",\"breadcrumb\":{\"@id\":\"https:\\\/\\\/calltorque.com.br\\\/#breadcrumb\"},\"inLanguage\":\"pt-BR\",\"potentialAction\":[{\"@type\":\"ReadAction\",\"target\":[\"https:\\\/\\\/calltorque.com.br\\\/\"]}]},{\"@type\":\"BreadcrumbList\",\"@id\":\"https:\\\/\\\/calltorque.com.br\\\/#breadcrumb\",\"itemListElement\":[{\"@type\":\"ListItem\",\"position\":1,\"name\":\"Home\",\"item\":\"https:\\\/\\\/calltorque.com.br\\\/\"},{\"@type\":\"ListItem\",\"position\":2,\"name\":\"Home\"}]},{\"@type\":\"WebSite\",\"@id\":\"https:\\\/\\\/calltorque.com.br\\\/#website\",\"url\":\"https:\\\/\\\/calltorque.com.br\\\/\",\"name\":\"Calltorque Ferramentas Industriais\",\"description\":\"Ferramentas Industriais 5.0\",\"publisher\":{\"@id\":\"https:\\\/\\\/calltorque.com.br\\\/#organization\"},\"potentialAction\":[{\"@type\":\"SearchAction\",\"target\":{\"@type\":\"EntryPoint\",\"urlTemplate\":\"https:\\\/\\\/calltorque.com.br\\\/?s={search_term_string}\"},\"query-input\":{\"@type\":\"PropertyValueSpecification\",\"valueRequired\":true,\"valueName\":\"search_term_string\"}}],\"inLanguage\":\"pt-BR\"},{\"@type\":\"Organization\",\"@id\":\"https:\\\/\\\/calltorque.com.br\\\/#organization\",\"name\":\"Calltorque Ferramentas Industriais\",\"url\":\"https:\\\/\\\/calltorque.com.br\\\/\",\"logo\":{\"@type\":\"ImageObject\",\"inLanguage\":\"pt-BR\",\"@id\":\"https:\\\/\\\/calltorque.com.br\\\/#\\\/schema\\\/logo\\\/image\\\/\",\"url\":\"https:\\\/\\\/calltorque.com.br\\\/wp-content\\\/uploads\\\/2021\\\/05\\\/Calltorque_logo1a.png\",\"contentUrl\":\"https:\\\/\\\/calltorque.com.br\\\/wp-content\\\/uploads\\\/2021\\\/05\\\/Calltorque_logo1a.png\",\"width\":400,\"height\":91,\"caption\":\"Calltorque Ferramentas Industriais\"},\"image\":{\"@id\":\"https:\\\/\\\/calltorque.com.br\\\/#\\\/schema\\\/logo\\\/image\\\/\"}}]}<\/script>\n<!-- \/ Yoast SEO plugin. -->","yoast_head_json":{"title":"Torqu\u00edmetros e Bombas Hidr\u00e1ulicas Calltorque Ferramentas","description":"Torqu\u00edmetros, bombas hidr\u00e1ulicas, ferramentas profissionais e equipamentos industriais premium para todos os setores da ind\u00fastria e manuten\u00e7\u00e3o","robots":{"index":"index","follow":"follow","max-snippet":"max-snippet:-1","max-image-preview":"max-image-preview:large","max-video-preview":"max-video-preview:-1"},"canonical":"https:\/\/calltorque.com.br\/","og_locale":"pt_BR","og_type":"article","og_title":"Torqu\u00edmetros e Bombas Hidr\u00e1ulicas Calltorque Ferramentas","og_description":"Torqu\u00edmetros, bombas hidr\u00e1ulicas, ferramentas profissionais e equipamentos industriais premium para todos os setores da ind\u00fastria e manuten\u00e7\u00e3o","og_url":"https:\/\/calltorque.com.br\/","og_site_name":"Calltorque Ferramentas Industriais","article_modified_time":"2026-02-26T21:47:50+00:00","twitter_card":"summary_large_image","twitter_misc":{"Est. tempo de leitura":"2 minutos"},"schema":{"@context":"https:\/\/schema.org","@graph":[{"@type":"WebPage","@id":"https:\/\/calltorque.com.br\/","url":"https:\/\/calltorque.com.br\/","name":"Torqu\u00edmetros e Bombas Hidr\u00e1ulicas Calltorque Ferramentas","isPartOf":{"@id":"https:\/\/calltorque.com.br\/#website"},"datePublished":"2018-07-03T08:56:50+00:00","dateModified":"2026-02-26T21:47:50+00:00","description":"Torqu\u00edmetros, bombas hidr\u00e1ulicas, ferramentas profissionais e equipamentos industriais premium para todos os setores da ind\u00fastria e manuten\u00e7\u00e3o","breadcrumb":{"@id":"https:\/\/calltorque.com.br\/#breadcrumb"},"inLanguage":"pt-BR","potentialAction":[{"@type":"ReadAction","target":["https:\/\/calltorque.com.br\/"]}]},{"@type":"BreadcrumbList","@id":"https:\/\/calltorque.com.br\/#breadcrumb","itemListElement":[{"@type":"ListItem","position":1,"name":"Home","item":"https:\/\/calltorque.com.br\/"},{"@type":"ListItem","position":2,"name":"Home"}]},{"@type":"WebSite","@id":"https:\/\/calltorque.com.br\/#website","url":"https:\/\/calltorque.com.br\/","name":"Calltorque Ferramentas Industriais","description":"Ferramentas Industriais 5.0","publisher":{"@id":"https:\/\/calltorque.com.br\/#organization"},"potentialAction":[{"@type":"SearchAction","target":{"@type":"EntryPoint","urlTemplate":"https:\/\/calltorque.com.br\/?s={search_term_string}"},"query-input":{"@type":"PropertyValueSpecification","valueRequired":true,"valueName":"search_term_string"}}],"inLanguage":"pt-BR"},{"@type":"Organization","@id":"https:\/\/calltorque.com.br\/#organization","name":"Calltorque Ferramentas Industriais","url":"https:\/\/calltorque.com.br\/","logo":{"@type":"ImageObject","inLanguage":"pt-BR","@id":"https:\/\/calltorque.com.br\/#\/schema\/logo\/image\/","url":"https:\/\/calltorque.com.br\/wp-content\/uploads\/2021\/05\/Calltorque_logo1a.png","contentUrl":"https:\/\/calltorque.com.br\/wp-content\/uploads\/2021\/05\/Calltorque_logo1a.png","width":400,"height":91,"caption":"Calltorque Ferramentas Industriais"},"image":{"@id":"https:\/\/calltorque.com.br\/#\/schema\/logo\/image\/"}}]}},"_links":{"self":[{"href":"https:\/\/calltorque.com.br\/index.php\/wp-json\/wp\/v2\/pages\/149","targetHints":{"allow":["GET"]}}],"collection":[{"href":"https:\/\/calltorque.com.br\/index.php\/wp-json\/wp\/v2\/pages"}],"about":[{"href":"https:\/\/calltorque.com.br\/index.php\/wp-json\/wp\/v2\/types\/page"}],"author":[{"embeddable":true,"href":"https:\/\/calltorque.com.br\/index.php\/wp-json\/wp\/v2\/users\/1"}],"replies":[{"embeddable":true,"href":"https:\/\/calltorque.com.br\/index.php\/wp-json\/wp\/v2\/comments?post=149"}],"version-history":[{"count":11,"href":"https:\/\/calltorque.com.br\/index.php\/wp-json\/wp\/v2\/pages\/149\/revisions"}],"predecessor-version":[{"id":4087,"href":"https:\/\/calltorque.com.br\/index.php\/wp-json\/wp\/v2\/pages\/149\/revisions\/4087"}],"wp:attachment":[{"href":"https:\/\/calltorque.com.br\/index.php\/wp-json\/wp\/v2\/media?parent=149"}],"curies":[{"name":"wp","href":"https:\/\/api.w.org\/{rel}","templated":true}]}}