{"id":150,"date":"2018-07-03T05:58:27","date_gmt":"2018-07-03T08:58:27","guid":{"rendered":"https:\/\/calltorque.com.br\/index.php\/about-us\/"},"modified":"2026-02-03T20:40:10","modified_gmt":"2026-02-03T23:40:10","slug":"sobre-nos","status":"publish","type":"page","link":"https:\/\/calltorque.com.br\/index.php\/sobre-nos\/","title":{"rendered":"Sobre N\u00f3s"},"content":{"rendered":"\n\n\t<h1>\n\t\t\t\tSOBRE N\u00d3S\n\t\t\t<\/h1>\n\t\t\t<h5>SOMOS<\/h5><h2>Parceiros de neg\u00f3cios<\/h2>\t\t\t\n\t\t\t\t<p>Desde que foi fundada, em 2003, a CallTorque assiste \u00e0s mudan\u00e7as dos conceitos de produ\u00e7\u00e3o e produtividade implementados por seus clientes.<\/p>\n\t<p><em><strong>Para n\u00f3s da CallTorque, aliar novas tecnologias e qualidade de vida ao trabalho \u00e9 o nosso grande motivo para buscar, constantemente, oferecer o que h\u00e1 de melhor para a sua empresa.<\/strong><\/em><\/p>\n\t<p>Possui extensa linha de produtos e ferramentas industriais com a mais alta tecnologia produzida no mundo. Design inovador, ergonomia, seguran\u00e7a, flexibilidade, adequa\u00e7\u00e3o de necessidades, resist\u00eancia, qualidade, durabilidade, garantia, entre outras, s\u00e3o algumas das caracter\u00edsticas destes produtos.<\/p>\n<p>Al\u00e9m da representa\u00e7\u00e3o e importa\u00e7\u00e3o de ferramentas e equipamentos da mais alta qualidade e mundialmente reconhecidos, a Calltorque trabalha com produtos exclusivos, projetando e desenvolvendo dispositivos e ferramentas especiais.<\/p>\n<h2>\n\t\t\tPOR QUE TRABALHAR COM A CALLTORQUE?\t<\/h2>\n\t<p>Algumas empresas elegem apenas &#8220;o pre\u00e7o&#8221; como o principal quesito para contratar um fornecedor. Por\u00e9m, para n\u00f3s da Calltorque, identificar VALORES e DIFERENCIAIS \u00e9 uma premissa que vai muito al\u00e9m do pre\u00e7o.<\/p>\n\t<p>Oferecer pre\u00e7os competitivos atendendo especialmente \u00e0s necessidades, bem como conquistar a confian\u00e7a de nossos clientes, \u00e9 o que nos motiva a seguir adiante.<\/p>\n\t<p>&nbsp;<\/p>\n<p>Nossos clientes usufruem de um atendimento individualizado e, desta forma, criamos mais valor atrav\u00e9s da troca de experi\u00eancias, entendendo as necessidades e as aplica\u00e7\u00f5es, oferecendo suporte e orienta\u00e7\u00e3o profissional para apresentar solu\u00e7\u00f5es eficientes e inteligentes.<\/p>\n\t<h2>\n\t\t\t\tMarcas l\u00edderes em Tecnologia, Qualidade, Precis\u00e3o e Inova\u00e7\u00e3o!\n\t\t\t<\/h2>\n\t\t<h2>Junte-se \u00e0 n\u00f3s<\/h2>\t\t\t\n\t\t\t\t<p>Conhe\u00e7a os produtos e servi\u00e7os: marcas globais, exemplos de aplica\u00e7\u00f5es, nossos servi\u00e7os t\u00e9cnicos, assessoria e consultoria, veja as vantagens da loca\u00e7\u00e3o para Test Drive, e descubra como podemos ajud\u00e1-lo!<\/p>\n\t\t\t<a href=\"https:\/\/calltorque.com.br\/index.php\/produtos\/\" title=\"COMECE POR AQUI\" target=\"_self\"   role=\"button\" aria-label=\"COMECE POR AQUI\">\n\t\t\t\t\t\t\tCOMECE POR AQUI\n\t\t<\/a>\n\n","protected":false},"excerpt":{"rendered":"<p>SOBRE N\u00d3S SOMOS Parceiros de neg\u00f3cios Desde que foi fundada, em 2003, a CallTorque assiste \u00e0s mudan\u00e7as dos conceitos de produ\u00e7\u00e3o e produtividade implementados por seus clientes. Para n\u00f3s da CallTorque, aliar novas tecnologias e qualidade de vida ao trabalho \u00e9 o nosso grande motivo para buscar, constantemente, oferecer o que h\u00e1 de melhor para [&hellip;]<\/p>\n","protected":false},"author":1,"featured_media":0,"parent":0,"menu_order":0,"comment_status":"closed","ping_status":"closed","template":"","meta":{"site-sidebar-layout":"default","site-content-layout":"page-builder","ast-site-content-layout":"default","site-content-style":"default","site-sidebar-style":"default","ast-global-header-display":"","ast-banner-title-visibility":"","ast-main-header-display":"","ast-hfb-above-header-display":"","ast-hfb-below-header-display":"","ast-hfb-mobile-header-display":"","site-post-title":"disabled","ast-breadcrumbs-content":"","ast-featured-img":"disabled","footer-sml-layout":"","ast-disable-related-posts":"","theme-transparent-header-meta":"enabled","adv-header-id-meta":"","stick-header-meta":"","header-above-stick-meta":"","header-main-stick-meta":"","header-below-stick-meta":"","astra-migrate-meta-layouts":"default","ast-page-background-enabled":"default","ast-page-background-meta":{"desktop":{"background-color":"","background-image":"","background-repeat":"repeat","background-position":"center center","background-size":"auto","background-attachment":"scroll","background-type":"","background-media":"","overlay-type":"","overlay-color":"","overlay-opacity":"","overlay-gradient":""},"tablet":{"background-color":"","background-image":"","background-repeat":"repeat","background-position":"center center","background-size":"auto","background-attachment":"scroll","background-type":"","background-media":"","overlay-type":"","overlay-color":"","overlay-opacity":"","overlay-gradient":""},"mobile":{"background-color":"","background-image":"","background-repeat":"repeat","background-position":"center center","background-size":"auto","background-attachment":"scroll","background-type":"","background-media":"","overlay-type":"","overlay-color":"","overlay-opacity":"","overlay-gradient":""}},"ast-content-background-meta":{"desktop":{"background-color":"var(--ast-global-color-5)","background-image":"","background-repeat":"repeat","background-position":"center center","background-size":"auto","background-attachment":"scroll","background-type":"","background-media":"","overlay-type":"","overlay-color":"","overlay-opacity":"","overlay-gradient":""},"tablet":{"background-color":"var(--ast-global-color-5)","background-image":"","background-repeat":"repeat","background-position":"center center","background-size":"auto","background-attachment":"scroll","background-type":"","background-media":"","overlay-type":"","overlay-color":"","overlay-opacity":"","overlay-gradient":""},"mobile":{"background-color":"var(--ast-global-color-5)","background-image":"","background-repeat":"repeat","background-position":"center center","background-size":"auto","background-attachment":"scroll","background-type":"","background-media":"","overlay-type":"","overlay-color":"","overlay-opacity":"","overlay-gradient":""}},"footnotes":""},"class_list":["post-150","page","type-page","status-publish","hentry"],"yoast_head":"<!-- This site is optimized with the Yoast SEO plugin v27.5 - https:\/\/yoast.com\/product\/yoast-seo-wordpress\/ -->\n<title>Sobre N\u00f3s - Calltorque Ferramentas Industriais<\/title>\n<meta name=\"robots\" content=\"index, follow, max-snippet:-1, max-image-preview:large, max-video-preview:-1\" \/>\n<link rel=\"canonical\" href=\"https:\/\/calltorque.com.br\/index.php\/sobre-nos\/\" \/>\n<meta property=\"og:locale\" content=\"pt_BR\" \/>\n<meta property=\"og:type\" content=\"article\" \/>\n<meta property=\"og:title\" content=\"Sobre N\u00f3s - Calltorque Ferramentas Industriais\" \/>\n<meta property=\"og:description\" content=\"SOBRE N\u00d3S SOMOS Parceiros de neg\u00f3cios Desde que foi fundada, em 2003, a CallTorque assiste \u00e0s mudan\u00e7as dos conceitos de produ\u00e7\u00e3o e produtividade implementados por seus clientes. Para n\u00f3s da CallTorque, aliar novas tecnologias e qualidade de vida ao trabalho \u00e9 o nosso grande motivo para buscar, constantemente, oferecer o que h\u00e1 de melhor para [&hellip;]\" \/>\n<meta property=\"og:url\" content=\"https:\/\/calltorque.com.br\/index.php\/sobre-nos\/\" \/>\n<meta property=\"og:site_name\" content=\"Calltorque Ferramentas Industriais\" \/>\n<meta property=\"article:modified_time\" content=\"2026-02-03T23:40:10+00:00\" \/>\n<meta name=\"twitter:card\" content=\"summary_large_image\" \/>\n<meta name=\"twitter:label1\" content=\"Est. tempo de leitura\" \/>\n\t<meta name=\"twitter:data1\" content=\"1 minuto\" \/>\n<script type=\"application\/ld+json\" class=\"yoast-schema-graph\">{\"@context\":\"https:\\\/\\\/schema.org\",\"@graph\":[{\"@type\":\"WebPage\",\"@id\":\"https:\\\/\\\/calltorque.com.br\\\/index.php\\\/sobre-nos\\\/\",\"url\":\"https:\\\/\\\/calltorque.com.br\\\/index.php\\\/sobre-nos\\\/\",\"name\":\"Sobre N\u00f3s - Calltorque Ferramentas Industriais\",\"isPartOf\":{\"@id\":\"https:\\\/\\\/calltorque.com.br\\\/#website\"},\"datePublished\":\"2018-07-03T08:58:27+00:00\",\"dateModified\":\"2026-02-03T23:40:10+00:00\",\"breadcrumb\":{\"@id\":\"https:\\\/\\\/calltorque.com.br\\\/index.php\\\/sobre-nos\\\/#breadcrumb\"},\"inLanguage\":\"pt-BR\",\"potentialAction\":[{\"@type\":\"ReadAction\",\"target\":[\"https:\\\/\\\/calltorque.com.br\\\/index.php\\\/sobre-nos\\\/\"]}]},{\"@type\":\"BreadcrumbList\",\"@id\":\"https:\\\/\\\/calltorque.com.br\\\/index.php\\\/sobre-nos\\\/#breadcrumb\",\"itemListElement\":[{\"@type\":\"ListItem\",\"position\":1,\"name\":\"Home\",\"item\":\"https:\\\/\\\/calltorque.com.br\\\/\"},{\"@type\":\"ListItem\",\"position\":2,\"name\":\"Sobre N\u00f3s\"}]},{\"@type\":\"WebSite\",\"@id\":\"https:\\\/\\\/calltorque.com.br\\\/#website\",\"url\":\"https:\\\/\\\/calltorque.com.br\\\/\",\"name\":\"Calltorque Ferramentas Industriais\",\"description\":\"Ferramentas Industriais 5.0\",\"publisher\":{\"@id\":\"https:\\\/\\\/calltorque.com.br\\\/#organization\"},\"potentialAction\":[{\"@type\":\"SearchAction\",\"target\":{\"@type\":\"EntryPoint\",\"urlTemplate\":\"https:\\\/\\\/calltorque.com.br\\\/?s={search_term_string}\"},\"query-input\":{\"@type\":\"PropertyValueSpecification\",\"valueRequired\":true,\"valueName\":\"search_term_string\"}}],\"inLanguage\":\"pt-BR\"},{\"@type\":\"Organization\",\"@id\":\"https:\\\/\\\/calltorque.com.br\\\/#organization\",\"name\":\"Calltorque Ferramentas Industriais\",\"url\":\"https:\\\/\\\/calltorque.com.br\\\/\",\"logo\":{\"@type\":\"ImageObject\",\"inLanguage\":\"pt-BR\",\"@id\":\"https:\\\/\\\/calltorque.com.br\\\/#\\\/schema\\\/logo\\\/image\\\/\",\"url\":\"https:\\\/\\\/calltorque.com.br\\\/wp-content\\\/uploads\\\/2021\\\/05\\\/Calltorque_logo1a.png\",\"contentUrl\":\"https:\\\/\\\/calltorque.com.br\\\/wp-content\\\/uploads\\\/2021\\\/05\\\/Calltorque_logo1a.png\",\"width\":400,\"height\":91,\"caption\":\"Calltorque Ferramentas Industriais\"},\"image\":{\"@id\":\"https:\\\/\\\/calltorque.com.br\\\/#\\\/schema\\\/logo\\\/image\\\/\"}}]}<\/script>\n<!-- \/ Yoast SEO plugin. -->","yoast_head_json":{"title":"Sobre N\u00f3s - Calltorque Ferramentas Industriais","robots":{"index":"index","follow":"follow","max-snippet":"max-snippet:-1","max-image-preview":"max-image-preview:large","max-video-preview":"max-video-preview:-1"},"canonical":"https:\/\/calltorque.com.br\/index.php\/sobre-nos\/","og_locale":"pt_BR","og_type":"article","og_title":"Sobre N\u00f3s - Calltorque Ferramentas Industriais","og_description":"SOBRE N\u00d3S SOMOS Parceiros de neg\u00f3cios Desde que foi fundada, em 2003, a CallTorque assiste \u00e0s mudan\u00e7as dos conceitos de produ\u00e7\u00e3o e produtividade implementados por seus clientes. Para n\u00f3s da CallTorque, aliar novas tecnologias e qualidade de vida ao trabalho \u00e9 o nosso grande motivo para buscar, constantemente, oferecer o que h\u00e1 de melhor para [&hellip;]","og_url":"https:\/\/calltorque.com.br\/index.php\/sobre-nos\/","og_site_name":"Calltorque Ferramentas Industriais","article_modified_time":"2026-02-03T23:40:10+00:00","twitter_card":"summary_large_image","twitter_misc":{"Est. tempo de leitura":"1 minuto"},"schema":{"@context":"https:\/\/schema.org","@graph":[{"@type":"WebPage","@id":"https:\/\/calltorque.com.br\/index.php\/sobre-nos\/","url":"https:\/\/calltorque.com.br\/index.php\/sobre-nos\/","name":"Sobre N\u00f3s - Calltorque Ferramentas Industriais","isPartOf":{"@id":"https:\/\/calltorque.com.br\/#website"},"datePublished":"2018-07-03T08:58:27+00:00","dateModified":"2026-02-03T23:40:10+00:00","breadcrumb":{"@id":"https:\/\/calltorque.com.br\/index.php\/sobre-nos\/#breadcrumb"},"inLanguage":"pt-BR","potentialAction":[{"@type":"ReadAction","target":["https:\/\/calltorque.com.br\/index.php\/sobre-nos\/"]}]},{"@type":"BreadcrumbList","@id":"https:\/\/calltorque.com.br\/index.php\/sobre-nos\/#breadcrumb","itemListElement":[{"@type":"ListItem","position":1,"name":"Home","item":"https:\/\/calltorque.com.br\/"},{"@type":"ListItem","position":2,"name":"Sobre N\u00f3s"}]},{"@type":"WebSite","@id":"https:\/\/calltorque.com.br\/#website","url":"https:\/\/calltorque.com.br\/","name":"Calltorque Ferramentas Industriais","description":"Ferramentas Industriais 5.0","publisher":{"@id":"https:\/\/calltorque.com.br\/#organization"},"potentialAction":[{"@type":"SearchAction","target":{"@type":"EntryPoint","urlTemplate":"https:\/\/calltorque.com.br\/?s={search_term_string}"},"query-input":{"@type":"PropertyValueSpecification","valueRequired":true,"valueName":"search_term_string"}}],"inLanguage":"pt-BR"},{"@type":"Organization","@id":"https:\/\/calltorque.com.br\/#organization","name":"Calltorque Ferramentas Industriais","url":"https:\/\/calltorque.com.br\/","logo":{"@type":"ImageObject","inLanguage":"pt-BR","@id":"https:\/\/calltorque.com.br\/#\/schema\/logo\/image\/","url":"https:\/\/calltorque.com.br\/wp-content\/uploads\/2021\/05\/Calltorque_logo1a.png","contentUrl":"https:\/\/calltorque.com.br\/wp-content\/uploads\/2021\/05\/Calltorque_logo1a.png","width":400,"height":91,"caption":"Calltorque Ferramentas Industriais"},"image":{"@id":"https:\/\/calltorque.com.br\/#\/schema\/logo\/image\/"}}]}},"_links":{"self":[{"href":"https:\/\/calltorque.com.br\/index.php\/wp-json\/wp\/v2\/pages\/150","targetHints":{"allow":["GET"]}}],"collection":[{"href":"https:\/\/calltorque.com.br\/index.php\/wp-json\/wp\/v2\/pages"}],"about":[{"href":"https:\/\/calltorque.com.br\/index.php\/wp-json\/wp\/v2\/types\/page"}],"author":[{"embeddable":true,"href":"https:\/\/calltorque.com.br\/index.php\/wp-json\/wp\/v2\/users\/1"}],"replies":[{"embeddable":true,"href":"https:\/\/calltorque.com.br\/index.php\/wp-json\/wp\/v2\/comments?post=150"}],"version-history":[{"count":11,"href":"https:\/\/calltorque.com.br\/index.php\/wp-json\/wp\/v2\/pages\/150\/revisions"}],"predecessor-version":[{"id":4080,"href":"https:\/\/calltorque.com.br\/index.php\/wp-json\/wp\/v2\/pages\/150\/revisions\/4080"}],"wp:attachment":[{"href":"https:\/\/calltorque.com.br\/index.php\/wp-json\/wp\/v2\/media?parent=150"}],"curies":[{"name":"wp","href":"https:\/\/api.w.org\/{rel}","templated":true}]}}