{"id":2143,"date":"2021-11-04T16:09:51","date_gmt":"2021-11-04T19:09:51","guid":{"rendered":"https:\/\/calltorque.com.br\/?page_id=2143"},"modified":"2024-04-29T12:58:06","modified_gmt":"2024-04-29T15:58:06","slug":"aplicador-gripnail-211","status":"publish","type":"page","link":"https:\/\/calltorque.com.br\/index.php\/produtos\/gripnail\/aplicador-gripnail-211\/","title":{"rendered":"APLICADOR GRIPNAIL 211"},"content":{"rendered":"\n\n\t\t\t<h5>APLICADOR<\/h5><h2>GRIPNAIL S\u00c9RIE 211<\/h2>\n\t\t\t\t<p>O Aplicador Gripnail 211 melhora o trabalho do operador com o seu design leve e ergon\u00f4mico. A ferramenta s\u00f3 pesa 2,0 kg. Cada ferramenta vem com um acoplador de ar livre e girat\u00f3rio (The Freedom Swivel) e com um regulador de ar. Os Ciz\u00e9is\/ou Drivers n\u00e3o est\u00e3o inclu\u00eddos, devendo ser pedidos separadamente.<\/p>\n<p>A ferramenta de ar Gripnail 211 \u00e9 usada para direcionar e fixar rebites, exigindo um impacto simples, regulado e preciso. Esta ferramenta ativada por gatilho possui um intertravamento de seguran\u00e7a que evita o disparo acidental, e o impacto \u00e9 ajustado com a press\u00e3o de entrada de ar. O design leve e ergon\u00f4mico possui uma al\u00e7a confort\u00e1vel e almofadada e inclui o acoplador pneum\u00e1tico Freedom Swivel para ajudar a evitar que a mangueira de ar interfira na opera\u00e7\u00e3o.<\/p>\n<p>O Aplicador 211 apresenta um bloqueio de seguran\u00e7a para evitar que os rebites, ou tachas, sejam acidentalmente projetados para fora da aplica\u00e7\u00e3o. Os rebites (tachas) e o ciz\u00e9l devem ser pressionados firmemente, em 90 graus, contra a superf\u00edcie de trabalho, para que o driver entre em contato com o pist\u00e3o. S\u00f3 ent\u00e3o a ferramenta poder\u00e1 ser ativada. Caso o ciz\u00e9l n\u00e3o esteja pressionado, a Tacha n\u00e3o ser\u00e1 aplicada.<\/p>\n\t\t\t\t<img loading=\"lazy\" decoding=\"async\" src=\"https:\/\/calltorque.com.br\/wp-content\/uploads\/2024\/04\/logo.png\" alt=\"logo\" itemprop=\"image\" height=\"112\" width=\"362\" title=\"logo\" onerror=\"this.style.display='none'\"  \/>\n\t\t\t<h5>Combina\u00e7\u00f5es e Recursos<\/h5>\t\t\t\n\t\t\t\t<p>A ferramenta pneum\u00e1tica aplicadora <em><strong>Gripnail 211<\/strong><\/em> \u00e9 utilizada para fixadores (<em>MetalTack<\/em>) que requerem uma fixa\u00e7\u00e3o precisa, com regulagem e com SIMPLES IMPACTO, acionada por um gatilho sens\u00edvel, com sistema de seguran\u00e7a inter travamento, que impede o disparo acidental. O impacto \u00e9 ajustado pela regulagem, em sistema pr\u00f3prio, da press\u00e3o de ar de entrada. O design \u00e9 leve, ergon\u00f4mico e confort\u00e1vel, com al\u00e7a almofadada e boa distribui\u00e7\u00e3o do peso, e inclui um Swivel girat\u00f3rio acoplado, que ajuda a manter a mangueira de ar sem interferir na opera\u00e7\u00e3o do equipamento.<\/p>\n<h4>\n\t\tA Gripnail 211 \u00e9 compat\u00edvel com estes e outros elementos de fixa\u00e7\u00e3o industriais:\n\t<\/h4>\n\t\t\t\t<img decoding=\"async\" src=\"https:\/\/calltorque.com.br\/wp-content\/uploads\/bb-plugin\/cache\/Tacha-metal-tack_-circle.jpg\" alt=\"METAL TACKS\" title=\"Tacha-metal-tack_\" itemprop=\"image\"\/>\n\t\t<h3>MetalTack<\/h3>\t\t\t\n\t\t\t\t<p>Desenvolvido especialmente para fixar pe\u00e7as leves, tais como placas de nome ou numera\u00e7\u00e3o em montagens de produtos met\u00e1licos s\u00f3lidos, tais como bombas, v\u00e1lvulas e m\u00e1quinas.<\/p>\n<a href=\"\" target=\"_self\" rel=\"noopener\">VEJA MAIS<\/a>\t\t\t\n\t\t\t\t<img decoding=\"async\" src=\"https:\/\/calltorque.com.br\/wp-content\/uploads\/bb-plugin\/cache\/Tachas-Leves-Puch-Pins-circle.jpg\" alt=\"PUNCH PIN\" title=\"Tachas-Leves-Puch-Pins\" itemprop=\"image\"\/>\n\t\t<h3>Punch Pin<\/h3>\t\t\t\n\t\t\t\t<p>As tachas PunchPin servem para prender cargas leves a uma folha de metal em menos tempo do que se leva para fazer um furo ou para preparar um adesivo.<\/p>\n<a href=\"\" target=\"_self\" rel=\"noopener\">VEJA MAIS<\/a>\t\t\t\n\t\t\t\t<img decoding=\"async\" src=\"https:\/\/calltorque.com.br\/wp-content\/uploads\/bb-plugin\/cache\/Tachas-Simples-Drive-Tacks-circle.jpg\" alt=\"DRIVE TACK\" title=\"Tachas-Simples-Drive-Tacks\" itemprop=\"image\"\/>\n\t\t<h3>Drive Tack<\/h3>\t\t\t\n\t\t\t\t<p>F\u00e1cil de alinhar e fixar, o DriveTack \u00e9 o melhor produto do mercado para a fixa\u00e7\u00e3o em furos j\u00e1 existentes.<\/p>\n<a href=\"\" target=\"_self\" rel=\"noopener\">VEJA MAIS<\/a>\t\t\t\n\t\t\t\t<img decoding=\"async\" src=\"https:\/\/calltorque.com.br\/wp-content\/uploads\/bb-plugin\/cache\/Fixador-de-fios-e-cabos_Tack-mount_w-circle.jpg\" alt=\"TACK MOUNT\" title=\"Fixador-de-fios-e-cabos_Tack-mount_w\" itemprop=\"image\"\/>\n\t\t<h3>TACK MOUNT<\/h3>\t\t\t\n\t\t\t\t<p>Um Tacha Tack Mount possibilita uma fixa\u00e7\u00e3o r\u00e1pida, permanente e mec\u00e2nica, sem a necessidade de qualquer prepara\u00e7\u00e3o de superf\u00edcie para conex\u00f5es, fios ou cabos, pois n\u00e3o utiliza adesivos.<\/p>\n<a href=\"https:\/\/calltorque.com.br\/index.php\/produtos\/gripnail\/fixador-tack-mount\/\" target=\"_blank\" rel=\"noopener\">VEJA MAIS<\/a>\t\t\t\n<h4>\n\t\tMAIS INFORMA\u00c7\u00d5ES\n\t<\/h4>\n\t\t\t<a href=\"https:\/\/calltorque.com.br\/wp-content\/uploads\/2021\/11\/Gripnail211_FerramentaPneumatica-1.pdf\" target=\"_blank\" rel=\"noopener\">\n\t\t\t\t\t\tVER DADOS T\u00c9CNICOS E DIMENSIONAIS\n\t\t\t\t\t<\/a>\n\t\t\t<a href=\"https:\/\/calltorque.com.br\/index.php\/catalogos\/\" target=\"_self\" rel=\"noopener\">\n\t\t\t\t\t\tVEJA MAIS EM CAT\u00c1LOGOS E MANUAIS\n\t\t\t\t\t<\/a>\n<h2>\n\t\tVoc\u00ea conhece nosso test drive?\n\t<\/h2>\n\t<p>Com a op\u00e7\u00e3o TEST DRIVE da <em><strong>Calltorque<\/strong><\/em>, \u00e9 poss\u00edvel ALUGAR FERRAMENTAS de ALTO DESEMPENHO para testar em opera\u00e7\u00f5es regulares ou eventuais de sua empresa em in\u00fameras situa\u00e7\u00f5es; Confirmar se as necessidades das aplica\u00e7\u00f5es ser\u00e3o plenamente atendidas; Poder sempre experimentar a tecnologia dos equipamentos, entre outros benef\u00edcios!<\/p>\n<p>SAIBA MAIS sobre nosso Test Drive:<\/p>\n\t\t\t<a href=\"#\" role=\"button\">\n\t\t\t\t\t\tEnvie uma mensagem que entraremos em contato\n\t\t\t\t\t<\/a>\n\t\t<div class=\"wpforms-container \" id=\"wpforms-17\"><form id=\"wpforms-form-17\" class=\"wpforms-validate wpforms-form\" data-formid=\"17\" method=\"post\" enctype=\"multipart\/form-data\" action=\"\/index.php\/wp-json\/wp\/v2\/pages\/2143\" data-token=\"bd00dc2e14afca663174b56d450bf8fd\" data-token-time=\"1777822652\"><noscript class=\"wpforms-error-noscript\">Ative o JavaScript no seu navegador para preencher este formul\u00e1rio.<\/noscript><div class=\"wpforms-field-container\"><div id=\"wpforms-17-field_0-container\" class=\"wpforms-field wpforms-field-name\" data-field-id=\"0\"><label class=\"wpforms-field-label wpforms-label-hide\" for=\"wpforms-17-field_0\">Nome <span class=\"wpforms-required-label\">*<\/span><\/label><input type=\"text\" id=\"wpforms-17-field_0\" class=\"wpforms-field-large wpforms-field-required\" name=\"wpforms[fields][0]\" placeholder=\"Seu nome completo*\" required><\/div><div id=\"wpforms-17-field_5-container\" class=\"wpforms-field wpforms-field-name\" data-field-id=\"5\"><label class=\"wpforms-field-label wpforms-label-hide\" for=\"wpforms-17-field_5\">Empresa <span class=\"wpforms-required-label\">*<\/span><\/label><input type=\"text\" id=\"wpforms-17-field_5\" class=\"wpforms-field-large wpforms-field-required\" name=\"wpforms[fields][5]\" placeholder=\"Qual \u00e9 sua empresa?*\" required><\/div><div id=\"wpforms-17-field_1-container\" class=\"wpforms-field wpforms-field-email\" data-field-id=\"1\"><label class=\"wpforms-field-label wpforms-label-hide\" for=\"wpforms-17-field_1\">Email <span class=\"wpforms-required-label\">*<\/span><\/label><div class=\"wpforms-field-row wpforms-field-large\"><div class=\"wpforms-field-row-block wpforms-one-half wpforms-first\"><input type=\"email\" id=\"wpforms-17-field_1\" class=\"wpforms-field-required wpforms-field-email-primary\" name=\"wpforms[fields][1][primary]\" placeholder=\"Seu e-mail*\" spellcheck=\"false\" required><label for=\"wpforms-17-field_1\" class=\"wpforms-field-sublabel after wpforms-sublabel-hide\">E-mail<\/label><\/div><div class=\"wpforms-field-row-block wpforms-one-half\"><input type=\"email\" id=\"wpforms-17-field_1-secondary\" class=\"wpforms-field-email-secondary wpforms-field-required\" data-rule-confirm=\"#wpforms-17-field_1\" name=\"wpforms[fields][1][secondary]\" placeholder=\"Confirme seu e-mail*\" spellcheck=\"false\" required><label for=\"wpforms-17-field_1-secondary\" class=\"wpforms-field-sublabel after wpforms-sublabel-hide\">Confirmar e-mail<\/label><\/div><\/div><\/div><div id=\"wpforms-17-field_4-container\" class=\"wpforms-field wpforms-field-number\" data-field-id=\"4\"><label class=\"wpforms-field-label wpforms-label-hide\" for=\"wpforms-17-field_4\">N\u00fameros <span class=\"wpforms-required-label\">*<\/span><\/label><input type=\"number\" id=\"wpforms-17-field_4\" class=\"wpforms-field-medium wpforms-field-required\" name=\"wpforms[fields][4]\" placeholder=\"Celular com c\u00f3digo de \u00e1rea*\" step=\"any\" required><\/div><div id=\"wpforms-17-field_6-container\" class=\"wpforms-field wpforms-field-number\" data-field-id=\"6\"><label class=\"wpforms-field-label wpforms-label-hide\" for=\"wpforms-17-field_6\">Telefone Comercial <span class=\"wpforms-required-label\">*<\/span><\/label><input type=\"number\" id=\"wpforms-17-field_6\" class=\"wpforms-field-medium wpforms-field-required\" name=\"wpforms[fields][6]\" placeholder=\"Telefone Comercial com c\u00f3digo de \u00e1rea*\" step=\"any\" required><\/div><div id=\"wpforms-17-field_7-container\" class=\"wpforms-field wpforms-field-select wpforms-field-select-style-modern\" data-field-id=\"7\"><label class=\"wpforms-field-label\" for=\"wpforms-17-field_7\">Sobre o que voc\u00ea gostaria de falar? <span class=\"wpforms-required-label\">*<\/span><\/label><select id=\"wpforms-17-field_7\" class=\"wpforms-field-large wpforms-field-required choicesjs-select\" data-size-class=\"wpforms-field-row wpforms-field-large\" data-search-enabled=\"\" name=\"wpforms[fields][7]\" required=\"required\"><option value=\"\" class=\"placeholder\" disabled  selected='selected'><\/option><option value=\"Atendimento Comercial\"  class=\"choice-1 depth-1\"  >Atendimento Comercial<\/option><option value=\"Mais informa\u00e7\u00f5es sobre o Test Drive\"  class=\"choice-2 depth-1\"  >Mais informa\u00e7\u00f5es sobre o Test Drive<\/option><option value=\"Administrativo\/Financeiro\"  class=\"choice-3 depth-1\"  >Administrativo\/Financeiro<\/option><option value=\"Representante Comercial na sua regi\u00e3o\"  class=\"choice-4 depth-1\"  >Representante Comercial na sua regi\u00e3o<\/option><option value=\"Outro assunto\"  class=\"choice-5 depth-1\"  >Outro assunto<\/option><\/select><\/div><div id=\"wpforms-17-field_2-container\" class=\"wpforms-field wpforms-field-textarea\" data-field-id=\"2\"><label class=\"wpforms-field-label wpforms-label-hide\" for=\"wpforms-17-field_2\">Sua mensagem <span class=\"wpforms-required-label\">*<\/span><\/label><textarea id=\"wpforms-17-field_2\" class=\"wpforms-field-medium wpforms-field-required\" name=\"wpforms[fields][2]\" placeholder=\"Escreva sua mensagem.                                                                                                                                                                                                        Se desejar, indique o melhor hor\u00e1rio para entrarmos em contato!\" required><\/textarea><div class=\"wpforms-field-description\">Este formul\u00e1rio coleta seu nome e e-mail para que possamos entrar em contato com voc\u00ea. Consulte nossa p\u00e1gina de Pol\u00edtica de Privacidade para entender completamente como protegemos e gerenciamos seus dados enviados.<\/div><\/div><\/div><!-- .wpforms-field-container --><div class=\"wpforms-field wpforms-field-hp\"><label for=\"wpforms-17-field-hp\" class=\"wpforms-field-label\">Phone<\/label><input type=\"text\" name=\"wpforms[hp]\" id=\"wpforms-17-field-hp\" class=\"wpforms-field-medium\"><\/div><div class=\"wpforms-recaptcha-container wpforms-is-recaptcha wpforms-is-recaptcha-type-v3\" ><input type=\"hidden\" name=\"wpforms[recaptcha]\" value=\"\"><\/div><div class=\"wpforms-submit-container\" ><input type=\"hidden\" name=\"wpforms[id]\" value=\"17\"><input type=\"hidden\" name=\"page_title\" value=\"\"><input type=\"hidden\" name=\"page_url\" value=\"https:\/\/calltorque.com.br\/index.php\/wp-json\/wp\/v2\/pages\/2143\"><input type=\"hidden\" name=\"url_referer\" value=\"\"><button type=\"submit\" name=\"wpforms[submit]\" id=\"wpforms-submit-17\" class=\"wpforms-submit\" data-alt-text=\"Enviando . . .\" data-submit-text=\"ENVIAR\" aria-live=\"assertive\" value=\"wpforms-submit\">ENVIAR<\/button><\/div><\/form><\/div>  <!-- .wpforms-container -->\t\n\n","protected":false},"excerpt":{"rendered":"<p>APLICADOR GRIPNAIL S\u00c9RIE 211 O Aplicador Gripnail 211 melhora o trabalho do operador com o seu design leve e ergon\u00f4mico. A ferramenta s\u00f3 pesa 2,0 kg. Cada ferramenta vem com um acoplador de ar livre e girat\u00f3rio (The Freedom Swivel) e com um regulador de ar. Os Ciz\u00e9is\/ou Drivers n\u00e3o est\u00e3o inclu\u00eddos, devendo ser pedidos [&hellip;]<\/p>\n","protected":false},"author":1,"featured_media":0,"parent":1369,"menu_order":0,"comment_status":"closed","ping_status":"closed","template":"","meta":{"site-sidebar-layout":"default","site-content-layout":"page-builder","ast-site-content-layout":"default","site-content-style":"default","site-sidebar-style":"default","ast-global-header-display":"","ast-banner-title-visibility":"","ast-main-header-display":"","ast-hfb-above-header-display":"","ast-hfb-below-header-display":"","ast-hfb-mobile-header-display":"","site-post-title":"disabled","ast-breadcrumbs-content":"","ast-featured-img":"disabled","footer-sml-layout":"","ast-disable-related-posts":"","theme-transparent-header-meta":"enabled","adv-header-id-meta":"","stick-header-meta":"","header-above-stick-meta":"","header-main-stick-meta":"","header-below-stick-meta":"","astra-migrate-meta-layouts":"default","ast-page-background-enabled":"default","ast-page-background-meta":{"desktop":{"background-color":"","background-image":"","background-repeat":"repeat","background-position":"center center","background-size":"auto","background-attachment":"scroll","background-type":"","background-media":"","overlay-type":"","overlay-color":"","overlay-opacity":"","overlay-gradient":""},"tablet":{"background-color":"","background-image":"","background-repeat":"repeat","background-position":"center center","background-size":"auto","background-attachment":"scroll","background-type":"","background-media":"","overlay-type":"","overlay-color":"","overlay-opacity":"","overlay-gradient":""},"mobile":{"background-color":"","background-image":"","background-repeat":"repeat","background-position":"center center","background-size":"auto","background-attachment":"scroll","background-type":"","background-media":"","overlay-type":"","overlay-color":"","overlay-opacity":"","overlay-gradient":""}},"ast-content-background-meta":{"desktop":{"background-color":"var(--ast-global-color-5)","background-image":"","background-repeat":"repeat","background-position":"center center","background-size":"auto","background-attachment":"scroll","background-type":"","background-media":"","overlay-type":"","overlay-color":"","overlay-opacity":"","overlay-gradient":""},"tablet":{"background-color":"var(--ast-global-color-5)","background-image":"","background-repeat":"repeat","background-position":"center center","background-size":"auto","background-attachment":"scroll","background-type":"","background-media":"","overlay-type":"","overlay-color":"","overlay-opacity":"","overlay-gradient":""},"mobile":{"background-color":"var(--ast-global-color-5)","background-image":"","background-repeat":"repeat","background-position":"center center","background-size":"auto","background-attachment":"scroll","background-type":"","background-media":"","overlay-type":"","overlay-color":"","overlay-opacity":"","overlay-gradient":""}},"footnotes":""},"class_list":["post-2143","page","type-page","status-publish","hentry"],"yoast_head":"<!-- This site is optimized with the Yoast SEO plugin v27.5 - https:\/\/yoast.com\/product\/yoast-seo-wordpress\/ -->\n<title>APLICADOR GRIPNAIL 211 - Calltorque Ferramentas Industriais<\/title>\n<meta name=\"robots\" content=\"index, follow, max-snippet:-1, max-image-preview:large, max-video-preview:-1\" \/>\n<link rel=\"canonical\" href=\"https:\/\/calltorque.com.br\/index.php\/produtos\/gripnail\/aplicador-gripnail-211\/\" \/>\n<meta property=\"og:locale\" content=\"pt_BR\" \/>\n<meta property=\"og:type\" content=\"article\" \/>\n<meta property=\"og:title\" content=\"APLICADOR GRIPNAIL 211 - Calltorque Ferramentas Industriais\" \/>\n<meta property=\"og:description\" content=\"APLICADOR GRIPNAIL S\u00c9RIE 211 O Aplicador Gripnail 211 melhora o trabalho do operador com o seu design leve e ergon\u00f4mico. A ferramenta s\u00f3 pesa 2,0 kg. Cada ferramenta vem com um acoplador de ar livre e girat\u00f3rio (The Freedom Swivel) e com um regulador de ar. Os Ciz\u00e9is\/ou Drivers n\u00e3o est\u00e3o inclu\u00eddos, devendo ser pedidos [&hellip;]\" \/>\n<meta property=\"og:url\" content=\"https:\/\/calltorque.com.br\/index.php\/produtos\/gripnail\/aplicador-gripnail-211\/\" \/>\n<meta property=\"og:site_name\" content=\"Calltorque Ferramentas Industriais\" \/>\n<meta property=\"article:modified_time\" content=\"2024-04-29T15:58:06+00:00\" \/>\n<meta property=\"og:image\" content=\"https:\/\/calltorque.com.br\/wp-content\/uploads\/2024\/04\/logo.png\" \/>\n<meta name=\"twitter:card\" content=\"summary_large_image\" \/>\n<meta name=\"twitter:label1\" content=\"Est. tempo de leitura\" \/>\n\t<meta name=\"twitter:data1\" content=\"2 minutos\" \/>\n<script type=\"application\/ld+json\" class=\"yoast-schema-graph\">{\"@context\":\"https:\\\/\\\/schema.org\",\"@graph\":[{\"@type\":\"WebPage\",\"@id\":\"https:\\\/\\\/calltorque.com.br\\\/index.php\\\/produtos\\\/gripnail\\\/aplicador-gripnail-211\\\/\",\"url\":\"https:\\\/\\\/calltorque.com.br\\\/index.php\\\/produtos\\\/gripnail\\\/aplicador-gripnail-211\\\/\",\"name\":\"APLICADOR GRIPNAIL 211 - Calltorque Ferramentas Industriais\",\"isPartOf\":{\"@id\":\"https:\\\/\\\/calltorque.com.br\\\/#website\"},\"primaryImageOfPage\":{\"@id\":\"https:\\\/\\\/calltorque.com.br\\\/index.php\\\/produtos\\\/gripnail\\\/aplicador-gripnail-211\\\/#primaryimage\"},\"image\":{\"@id\":\"https:\\\/\\\/calltorque.com.br\\\/index.php\\\/produtos\\\/gripnail\\\/aplicador-gripnail-211\\\/#primaryimage\"},\"thumbnailUrl\":\"https:\\\/\\\/calltorque.com.br\\\/wp-content\\\/uploads\\\/2024\\\/04\\\/logo.png\",\"datePublished\":\"2021-11-04T19:09:51+00:00\",\"dateModified\":\"2024-04-29T15:58:06+00:00\",\"breadcrumb\":{\"@id\":\"https:\\\/\\\/calltorque.com.br\\\/index.php\\\/produtos\\\/gripnail\\\/aplicador-gripnail-211\\\/#breadcrumb\"},\"inLanguage\":\"pt-BR\",\"potentialAction\":[{\"@type\":\"ReadAction\",\"target\":[\"https:\\\/\\\/calltorque.com.br\\\/index.php\\\/produtos\\\/gripnail\\\/aplicador-gripnail-211\\\/\"]}]},{\"@type\":\"ImageObject\",\"inLanguage\":\"pt-BR\",\"@id\":\"https:\\\/\\\/calltorque.com.br\\\/index.php\\\/produtos\\\/gripnail\\\/aplicador-gripnail-211\\\/#primaryimage\",\"url\":\"https:\\\/\\\/calltorque.com.br\\\/wp-content\\\/uploads\\\/2024\\\/04\\\/logo.png\",\"contentUrl\":\"https:\\\/\\\/calltorque.com.br\\\/wp-content\\\/uploads\\\/2024\\\/04\\\/logo.png\",\"width\":362,\"height\":112},{\"@type\":\"BreadcrumbList\",\"@id\":\"https:\\\/\\\/calltorque.com.br\\\/index.php\\\/produtos\\\/gripnail\\\/aplicador-gripnail-211\\\/#breadcrumb\",\"itemListElement\":[{\"@type\":\"ListItem\",\"position\":1,\"name\":\"Home\",\"item\":\"https:\\\/\\\/calltorque.com.br\\\/\"},{\"@type\":\"ListItem\",\"position\":2,\"name\":\"Produtos\",\"item\":\"https:\\\/\\\/calltorque.com.br\\\/index.php\\\/produtos\\\/\"},{\"@type\":\"ListItem\",\"position\":3,\"name\":\"GRIPNAIL\",\"item\":\"https:\\\/\\\/calltorque.com.br\\\/index.php\\\/produtos\\\/gripnail\\\/\"},{\"@type\":\"ListItem\",\"position\":4,\"name\":\"APLICADOR GRIPNAIL 211\"}]},{\"@type\":\"WebSite\",\"@id\":\"https:\\\/\\\/calltorque.com.br\\\/#website\",\"url\":\"https:\\\/\\\/calltorque.com.br\\\/\",\"name\":\"Calltorque Ferramentas Industriais\",\"description\":\"Ferramentas Industriais 5.0\",\"publisher\":{\"@id\":\"https:\\\/\\\/calltorque.com.br\\\/#organization\"},\"potentialAction\":[{\"@type\":\"SearchAction\",\"target\":{\"@type\":\"EntryPoint\",\"urlTemplate\":\"https:\\\/\\\/calltorque.com.br\\\/?s={search_term_string}\"},\"query-input\":{\"@type\":\"PropertyValueSpecification\",\"valueRequired\":true,\"valueName\":\"search_term_string\"}}],\"inLanguage\":\"pt-BR\"},{\"@type\":\"Organization\",\"@id\":\"https:\\\/\\\/calltorque.com.br\\\/#organization\",\"name\":\"Calltorque Ferramentas Industriais\",\"url\":\"https:\\\/\\\/calltorque.com.br\\\/\",\"logo\":{\"@type\":\"ImageObject\",\"inLanguage\":\"pt-BR\",\"@id\":\"https:\\\/\\\/calltorque.com.br\\\/#\\\/schema\\\/logo\\\/image\\\/\",\"url\":\"https:\\\/\\\/calltorque.com.br\\\/wp-content\\\/uploads\\\/2021\\\/05\\\/Calltorque_logo1a.png\",\"contentUrl\":\"https:\\\/\\\/calltorque.com.br\\\/wp-content\\\/uploads\\\/2021\\\/05\\\/Calltorque_logo1a.png\",\"width\":400,\"height\":91,\"caption\":\"Calltorque Ferramentas Industriais\"},\"image\":{\"@id\":\"https:\\\/\\\/calltorque.com.br\\\/#\\\/schema\\\/logo\\\/image\\\/\"}}]}<\/script>\n<!-- \/ Yoast SEO plugin. -->","yoast_head_json":{"title":"APLICADOR GRIPNAIL 211 - Calltorque Ferramentas Industriais","robots":{"index":"index","follow":"follow","max-snippet":"max-snippet:-1","max-image-preview":"max-image-preview:large","max-video-preview":"max-video-preview:-1"},"canonical":"https:\/\/calltorque.com.br\/index.php\/produtos\/gripnail\/aplicador-gripnail-211\/","og_locale":"pt_BR","og_type":"article","og_title":"APLICADOR GRIPNAIL 211 - Calltorque Ferramentas Industriais","og_description":"APLICADOR GRIPNAIL S\u00c9RIE 211 O Aplicador Gripnail 211 melhora o trabalho do operador com o seu design leve e ergon\u00f4mico. A ferramenta s\u00f3 pesa 2,0 kg. Cada ferramenta vem com um acoplador de ar livre e girat\u00f3rio (The Freedom Swivel) e com um regulador de ar. Os Ciz\u00e9is\/ou Drivers n\u00e3o est\u00e3o inclu\u00eddos, devendo ser pedidos [&hellip;]","og_url":"https:\/\/calltorque.com.br\/index.php\/produtos\/gripnail\/aplicador-gripnail-211\/","og_site_name":"Calltorque Ferramentas Industriais","article_modified_time":"2024-04-29T15:58:06+00:00","og_image":[{"url":"https:\/\/calltorque.com.br\/wp-content\/uploads\/2024\/04\/logo.png","type":"","width":"","height":""}],"twitter_card":"summary_large_image","twitter_misc":{"Est. tempo de leitura":"2 minutos"},"schema":{"@context":"https:\/\/schema.org","@graph":[{"@type":"WebPage","@id":"https:\/\/calltorque.com.br\/index.php\/produtos\/gripnail\/aplicador-gripnail-211\/","url":"https:\/\/calltorque.com.br\/index.php\/produtos\/gripnail\/aplicador-gripnail-211\/","name":"APLICADOR GRIPNAIL 211 - Calltorque Ferramentas Industriais","isPartOf":{"@id":"https:\/\/calltorque.com.br\/#website"},"primaryImageOfPage":{"@id":"https:\/\/calltorque.com.br\/index.php\/produtos\/gripnail\/aplicador-gripnail-211\/#primaryimage"},"image":{"@id":"https:\/\/calltorque.com.br\/index.php\/produtos\/gripnail\/aplicador-gripnail-211\/#primaryimage"},"thumbnailUrl":"https:\/\/calltorque.com.br\/wp-content\/uploads\/2024\/04\/logo.png","datePublished":"2021-11-04T19:09:51+00:00","dateModified":"2024-04-29T15:58:06+00:00","breadcrumb":{"@id":"https:\/\/calltorque.com.br\/index.php\/produtos\/gripnail\/aplicador-gripnail-211\/#breadcrumb"},"inLanguage":"pt-BR","potentialAction":[{"@type":"ReadAction","target":["https:\/\/calltorque.com.br\/index.php\/produtos\/gripnail\/aplicador-gripnail-211\/"]}]},{"@type":"ImageObject","inLanguage":"pt-BR","@id":"https:\/\/calltorque.com.br\/index.php\/produtos\/gripnail\/aplicador-gripnail-211\/#primaryimage","url":"https:\/\/calltorque.com.br\/wp-content\/uploads\/2024\/04\/logo.png","contentUrl":"https:\/\/calltorque.com.br\/wp-content\/uploads\/2024\/04\/logo.png","width":362,"height":112},{"@type":"BreadcrumbList","@id":"https:\/\/calltorque.com.br\/index.php\/produtos\/gripnail\/aplicador-gripnail-211\/#breadcrumb","itemListElement":[{"@type":"ListItem","position":1,"name":"Home","item":"https:\/\/calltorque.com.br\/"},{"@type":"ListItem","position":2,"name":"Produtos","item":"https:\/\/calltorque.com.br\/index.php\/produtos\/"},{"@type":"ListItem","position":3,"name":"GRIPNAIL","item":"https:\/\/calltorque.com.br\/index.php\/produtos\/gripnail\/"},{"@type":"ListItem","position":4,"name":"APLICADOR GRIPNAIL 211"}]},{"@type":"WebSite","@id":"https:\/\/calltorque.com.br\/#website","url":"https:\/\/calltorque.com.br\/","name":"Calltorque Ferramentas Industriais","description":"Ferramentas Industriais 5.0","publisher":{"@id":"https:\/\/calltorque.com.br\/#organization"},"potentialAction":[{"@type":"SearchAction","target":{"@type":"EntryPoint","urlTemplate":"https:\/\/calltorque.com.br\/?s={search_term_string}"},"query-input":{"@type":"PropertyValueSpecification","valueRequired":true,"valueName":"search_term_string"}}],"inLanguage":"pt-BR"},{"@type":"Organization","@id":"https:\/\/calltorque.com.br\/#organization","name":"Calltorque Ferramentas Industriais","url":"https:\/\/calltorque.com.br\/","logo":{"@type":"ImageObject","inLanguage":"pt-BR","@id":"https:\/\/calltorque.com.br\/#\/schema\/logo\/image\/","url":"https:\/\/calltorque.com.br\/wp-content\/uploads\/2021\/05\/Calltorque_logo1a.png","contentUrl":"https:\/\/calltorque.com.br\/wp-content\/uploads\/2021\/05\/Calltorque_logo1a.png","width":400,"height":91,"caption":"Calltorque Ferramentas Industriais"},"image":{"@id":"https:\/\/calltorque.com.br\/#\/schema\/logo\/image\/"}}]}},"_links":{"self":[{"href":"https:\/\/calltorque.com.br\/index.php\/wp-json\/wp\/v2\/pages\/2143","targetHints":{"allow":["GET"]}}],"collection":[{"href":"https:\/\/calltorque.com.br\/index.php\/wp-json\/wp\/v2\/pages"}],"about":[{"href":"https:\/\/calltorque.com.br\/index.php\/wp-json\/wp\/v2\/types\/page"}],"author":[{"embeddable":true,"href":"https:\/\/calltorque.com.br\/index.php\/wp-json\/wp\/v2\/users\/1"}],"replies":[{"embeddable":true,"href":"https:\/\/calltorque.com.br\/index.php\/wp-json\/wp\/v2\/comments?post=2143"}],"version-history":[{"count":10,"href":"https:\/\/calltorque.com.br\/index.php\/wp-json\/wp\/v2\/pages\/2143\/revisions"}],"predecessor-version":[{"id":3748,"href":"https:\/\/calltorque.com.br\/index.php\/wp-json\/wp\/v2\/pages\/2143\/revisions\/3748"}],"up":[{"embeddable":true,"href":"https:\/\/calltorque.com.br\/index.php\/wp-json\/wp\/v2\/pages\/1369"}],"wp:attachment":[{"href":"https:\/\/calltorque.com.br\/index.php\/wp-json\/wp\/v2\/media?parent=2143"}],"curies":[{"name":"wp","href":"https:\/\/api.w.org\/{rel}","templated":true}]}}