{"id":2193,"date":"2021-11-05T17:56:28","date_gmt":"2021-11-05T20:56:28","guid":{"rendered":"https:\/\/calltorque.com.br\/?page_id=2193"},"modified":"2024-04-29T12:51:45","modified_gmt":"2024-04-29T15:51:45","slug":"tachas-punch-pin","status":"publish","type":"page","link":"https:\/\/calltorque.com.br\/index.php\/produtos\/gripnail\/tachas-punch-pin\/","title":{"rendered":"Tachas Punch Pin"},"content":{"rendered":"\n\n\t\t\t<h5>REBITES OU TACHAS<\/h5><h2>PUNCH PIN<\/h2>\n\t\t\t\t<p>As tachas <em><strong>Punch Pin<\/strong><\/em> servem para prender cargas leves a uma folha de metal em menos tempo do que se leva para fazer um furo ou para preparar um adesivo.<\/p>\n<p>Cada <em><strong>Punch Pin<\/strong><\/em> tem uma ponta de a\u00e7o afiada que perfura a chapa. Com ranhuras anulares especialmente concebidas, ele captura o metal de base e com seguran\u00e7a, fixando o <strong><em>Punch Pin<\/em><\/strong> no lugar. Esta fixa\u00e7\u00e3o permanente, em apenas uma etapa, \u00e9 perfeita para a fixa\u00e7\u00e3o de pequenos componentes, como placas de identifica\u00e7\u00e3o para metais de espessura fina, como portas met\u00e1licas, arm\u00e1rios el\u00e9tricos ou tubos de a\u00e7o, e ainda podem ser aplicados diretamente sobre graxa, \u00f3leo ou tinta.<\/p>\n<h2>\n\t\ttachas punch pin suportam at\u00e9 125kg\n\t<\/h2>\n\t\t\t<h5>VANTAGENS DE USO<\/h5>\t\t\t\n\t\t\t\t<ul>\n<li>Usando uma tacha <em><strong>Punch Pin<\/strong><\/em> problemas dispendiosos associados a outros m\u00e9todos de fixa\u00e7\u00e3o s\u00e3o eliminados.<\/li>\n<li>Os adesivos (colas) s\u00e3o sujos e podem ter uma vida \u00fatil inferior e n\u00e3o permanente.<\/li>\n<li>Furos de perfura\u00e7\u00e3o podem causar danos se houver uma perfura\u00e7\u00e3o muito profunda, e s\u00e3o de dif\u00edcil limpeza podendo danificar componentes ou pe\u00e7as caras.<\/li>\n<li>Fixadores que requerem perfura\u00e7\u00e3o tamb\u00e9m precisam de um alinhamento perfeito.<\/li>\n<\/ul>\n\t\t\t\t<img loading=\"lazy\" decoding=\"async\" src=\"https:\/\/calltorque.com.br\/wp-content\/uploads\/2024\/04\/logo.png\" alt=\"logo\" itemprop=\"image\" height=\"112\" width=\"362\" title=\"logo\" onerror=\"this.style.display='none'\"  \/>\n\t\t\t<h5>Aplica\u00e7\u00e3o Simples<\/h5>\t\t\t\n\t\t\t\t<p>Posicione a tacha Punch Pin na ponta da aplicadora GripNail# 211, empurre a ferramenta contra o metal base e puxe o gatilho: a tacha Punch Pin \u00e9 inserida em um \u00fanico impacto. A fixa\u00e7\u00e3o \u00e9 r\u00e1pida e permanente.<\/p>\n\t\t\t<h5>Sem prepara\u00e7\u00e3o de superf\u00edcie<\/h5>\t\t\t\n\t\t\t\t<p>As ranhuras anulares especialmente moldadas, agarram o metal de base mais macio formando uma fixa\u00e7\u00e3o permanente, que suporta at\u00e9 125kg. A tacha Punch Pin n\u00e3o requer limpeza nem perfura\u00e7\u00e3o, e as unidades de fixa\u00e7\u00e3o s\u00e3o constru\u00eddas em a\u00e7o endurecido e poder ser fixadas atrav\u00e9s da sujeira, \u00f3leo, graxa e a maioria das tintas.<\/p>\n\t\t\t<h5>Sem problemas de alinhamento<\/h5>\t\t\t\n\t\t\t\t<p>Uma tacha Punch Pin faz seu pr\u00f3prio furo no metal de base, para que nunca haja um problema de alinhamento entre os furos de fixa\u00e7\u00e3o e os furos do metal de base.<\/p>\n<h4>\n\t\tConhe\u00e7a a aplicadora GRIPNAIL 211 e outros itens de fixa\u00e7\u00e3o industriais:\n\t<\/h4>\n\t\t\t\t<img decoding=\"async\" src=\"https:\/\/calltorque.com.br\/wp-content\/uploads\/bb-plugin\/cache\/Gripnail-Aplicador-circle.jpg\" alt=\"APLICADORA GRIPNAIL 211\" title=\"Gripnail-Aplicador\" itemprop=\"image\"\/>\n\t\t<h3>GRIPNAIL 211<\/h3>\t\t\t\n\t\t\t\t<p>A ferramenta aplicadora Gripnail 211 funciona com ar comprimido e \u00e9 usada para direcionar e fixar rebites, exigindo um impacto simples, regulado e preciso.<\/p>\n<a href=\"https:\/\/calltorque.com.br\/index.php\/gripnail\/aplicador-gripnail-211\/\" target=\"_blank\" rel=\"noopener\">VEJA MAIS<\/a>\t\t\t\n\t\t\t\t<img decoding=\"async\" src=\"https:\/\/calltorque.com.br\/wp-content\/uploads\/bb-plugin\/cache\/Tachas-Simples-Drive-Tacks-circle.jpg\" alt=\"DRIVE TACK\" title=\"Tachas-Simples-Drive-Tacks\" itemprop=\"image\"\/>\n\t\t<h3>DRIVE TACK<\/h3>\t\t\t\n\t\t\t\t<p>F\u00e1cil de alinhar e fixar, o DriveTack \u00e9 o melhor produto do mercado para a fixa\u00e7\u00e3o em furos j\u00e1 existentes.<\/p>\n<a href=\"https:\/\/calltorque.com.br\/index.php\/gripnail\/rebites-drive-tack\/\" target=\"_self\" rel=\"noopener\">VEJA MAIS<\/a>\t\t\t\n\t\t\t\t<img decoding=\"async\" src=\"https:\/\/calltorque.com.br\/wp-content\/uploads\/bb-plugin\/cache\/Tacha-metal-tack_-circle.jpg\" alt=\"METAL TACKS\" title=\"Tacha-metal-tack_\" itemprop=\"image\"\/>\n\t\t<h3>Metal Tack<\/h3>\t\t\t\n\t\t\t\t<p>Desenvolvido especialmente para fixar pe\u00e7as leves, tais como placas de nome ou numera\u00e7\u00e3o em montagens de produtos met\u00e1licos s\u00f3lidos, tais como bombas, v\u00e1lvulas e m\u00e1quinas.<\/p>\n<a href=\"https:\/\/calltorque.com.br\/index.php\/gripnail\/rebites-metal-tack\/\" target=\"_self\" rel=\"noopener\">VEJA MAIS<\/a>\t\t\t\n\t\t\t\t<img decoding=\"async\" src=\"https:\/\/calltorque.com.br\/wp-content\/uploads\/bb-plugin\/cache\/Fixador-de-fios-e-cabos_Tack-mount_w-circle.jpg\" alt=\"TACK MOUNT\" title=\"Fixador-de-fios-e-cabos_Tack-mount_w\" itemprop=\"image\"\/>\n\t\t<h3>TACK MOUNT<\/h3>\t\t\t\n\t\t\t\t<p>Um Tacha Tack Mount possibilita uma fixa\u00e7\u00e3o r\u00e1pida, permanente e mec\u00e2nica, sem a necessidade de qualquer prepara\u00e7\u00e3o de superf\u00edcie para conex\u00f5es, fios ou cabos, pois n\u00e3o utiliza adesivos.<\/p>\n<a href=\"https:\/\/calltorque.com.br\/index.php\/gripnail\/fixador-tack-mount\/\" target=\"_self\" rel=\"noopener\">VEJA MAIS<\/a>\t\t\t\n<h4>\n\t\tMAIS INFORMA\u00c7\u00d5ES\n\t<\/h4>\n\t\t\t<a href=\"https:\/\/calltorque.com.br\/index.php\/catalogos\/\" target=\"_self\" rel=\"noopener\">\n\t\t\t\t\t\tVEJA MAIS EM CAT\u00c1LOGOS E MANUAIS\n\t\t\t\t\t<\/a>\n<h2>\n\t\tVoc\u00ea conhece nosso test drive?\n\t<\/h2>\n\t<p>Com a op\u00e7\u00e3o TEST DRIVE da <em><strong>Calltorque<\/strong><\/em>, \u00e9 poss\u00edvel ALUGAR FERRAMENTAS de ALTO DESEMPENHO para testar em opera\u00e7\u00f5es regulares ou eventuais de sua empresa em in\u00fameras situa\u00e7\u00f5es; Confirmar se as necessidades das aplica\u00e7\u00f5es ser\u00e3o plenamente atendidas; Poder sempre experimentar a tecnologia dos equipamentos, entre outros benef\u00edcios!<\/p>\n<p>SAIBA MAIS sobre nosso Test Drive:<\/p>\n\t\t\t<a href=\"#\" role=\"button\">\n\t\t\t\t\t\tEnvie uma mensagem que entraremos em contato\n\t\t\t\t\t<\/a>\n\t\t<div class=\"wpforms-container \" id=\"wpforms-17\"><form id=\"wpforms-form-17\" class=\"wpforms-validate wpforms-form\" data-formid=\"17\" method=\"post\" enctype=\"multipart\/form-data\" action=\"\/index.php\/wp-json\/wp\/v2\/pages\/2193\" data-token=\"bd00dc2e14afca663174b56d450bf8fd\" data-token-time=\"1777822622\"><noscript class=\"wpforms-error-noscript\">Ative o JavaScript no seu navegador para preencher este formul\u00e1rio.<\/noscript><div class=\"wpforms-field-container\"><div id=\"wpforms-17-field_0-container\" class=\"wpforms-field wpforms-field-name\" data-field-id=\"0\"><label class=\"wpforms-field-label wpforms-label-hide\" for=\"wpforms-17-field_0\">Nome <span class=\"wpforms-required-label\">*<\/span><\/label><input type=\"text\" id=\"wpforms-17-field_0\" class=\"wpforms-field-large wpforms-field-required\" name=\"wpforms[fields][0]\" placeholder=\"Seu nome completo*\" required><\/div><div id=\"wpforms-17-field_5-container\" class=\"wpforms-field wpforms-field-name\" data-field-id=\"5\"><label class=\"wpforms-field-label wpforms-label-hide\" for=\"wpforms-17-field_5\">Empresa <span class=\"wpforms-required-label\">*<\/span><\/label><input type=\"text\" id=\"wpforms-17-field_5\" class=\"wpforms-field-large wpforms-field-required\" name=\"wpforms[fields][5]\" placeholder=\"Qual \u00e9 sua empresa?*\" required><\/div><div id=\"wpforms-17-field_1-container\" class=\"wpforms-field wpforms-field-email\" data-field-id=\"1\"><label class=\"wpforms-field-label wpforms-label-hide\" for=\"wpforms-17-field_1\">Email <span class=\"wpforms-required-label\">*<\/span><\/label><div class=\"wpforms-field-row wpforms-field-large\"><div class=\"wpforms-field-row-block wpforms-one-half wpforms-first\"><input type=\"email\" id=\"wpforms-17-field_1\" class=\"wpforms-field-required wpforms-field-email-primary\" name=\"wpforms[fields][1][primary]\" placeholder=\"Seu e-mail*\" spellcheck=\"false\" required><label for=\"wpforms-17-field_1\" class=\"wpforms-field-sublabel after wpforms-sublabel-hide\">E-mail<\/label><\/div><div class=\"wpforms-field-row-block wpforms-one-half\"><input type=\"email\" id=\"wpforms-17-field_1-secondary\" class=\"wpforms-field-email-secondary wpforms-field-required\" data-rule-confirm=\"#wpforms-17-field_1\" name=\"wpforms[fields][1][secondary]\" placeholder=\"Confirme seu e-mail*\" spellcheck=\"false\" required><label for=\"wpforms-17-field_1-secondary\" class=\"wpforms-field-sublabel after wpforms-sublabel-hide\">Confirmar e-mail<\/label><\/div><\/div><\/div><div id=\"wpforms-17-field_4-container\" class=\"wpforms-field wpforms-field-number\" data-field-id=\"4\"><label class=\"wpforms-field-label wpforms-label-hide\" for=\"wpforms-17-field_4\">N\u00fameros <span class=\"wpforms-required-label\">*<\/span><\/label><input type=\"number\" id=\"wpforms-17-field_4\" class=\"wpforms-field-medium wpforms-field-required\" name=\"wpforms[fields][4]\" placeholder=\"Celular com c\u00f3digo de \u00e1rea*\" step=\"any\" required><\/div><div id=\"wpforms-17-field_6-container\" class=\"wpforms-field wpforms-field-number\" data-field-id=\"6\"><label class=\"wpforms-field-label wpforms-label-hide\" for=\"wpforms-17-field_6\">Telefone Comercial <span class=\"wpforms-required-label\">*<\/span><\/label><input type=\"number\" id=\"wpforms-17-field_6\" class=\"wpforms-field-medium wpforms-field-required\" name=\"wpforms[fields][6]\" placeholder=\"Telefone Comercial com c\u00f3digo de \u00e1rea*\" step=\"any\" required><\/div><div id=\"wpforms-17-field_7-container\" class=\"wpforms-field wpforms-field-select wpforms-field-select-style-modern\" data-field-id=\"7\"><label class=\"wpforms-field-label\" for=\"wpforms-17-field_7\">Sobre o que voc\u00ea gostaria de falar? <span class=\"wpforms-required-label\">*<\/span><\/label><select id=\"wpforms-17-field_7\" class=\"wpforms-field-large wpforms-field-required choicesjs-select\" data-size-class=\"wpforms-field-row wpforms-field-large\" data-search-enabled=\"\" name=\"wpforms[fields][7]\" required=\"required\"><option value=\"\" class=\"placeholder\" disabled  selected='selected'><\/option><option value=\"Atendimento Comercial\"  class=\"choice-1 depth-1\"  >Atendimento Comercial<\/option><option value=\"Mais informa\u00e7\u00f5es sobre o Test Drive\"  class=\"choice-2 depth-1\"  >Mais informa\u00e7\u00f5es sobre o Test Drive<\/option><option value=\"Administrativo\/Financeiro\"  class=\"choice-3 depth-1\"  >Administrativo\/Financeiro<\/option><option value=\"Representante Comercial na sua regi\u00e3o\"  class=\"choice-4 depth-1\"  >Representante Comercial na sua regi\u00e3o<\/option><option value=\"Outro assunto\"  class=\"choice-5 depth-1\"  >Outro assunto<\/option><\/select><\/div><div id=\"wpforms-17-field_2-container\" class=\"wpforms-field wpforms-field-textarea\" data-field-id=\"2\"><label class=\"wpforms-field-label wpforms-label-hide\" for=\"wpforms-17-field_2\">Sua mensagem <span class=\"wpforms-required-label\">*<\/span><\/label><textarea id=\"wpforms-17-field_2\" class=\"wpforms-field-medium wpforms-field-required\" name=\"wpforms[fields][2]\" placeholder=\"Escreva sua mensagem.                                                                                                                                                                                                        Se desejar, indique o melhor hor\u00e1rio para entrarmos em contato!\" required><\/textarea><div class=\"wpforms-field-description\">Este formul\u00e1rio coleta seu nome e e-mail para que possamos entrar em contato com voc\u00ea. Consulte nossa p\u00e1gina de Pol\u00edtica de Privacidade para entender completamente como protegemos e gerenciamos seus dados enviados.<\/div><\/div><\/div><!-- .wpforms-field-container --><div class=\"wpforms-field wpforms-field-hp\"><label for=\"wpforms-17-field-hp\" class=\"wpforms-field-label\">Email<\/label><input type=\"text\" name=\"wpforms[hp]\" id=\"wpforms-17-field-hp\" class=\"wpforms-field-medium\"><\/div><div class=\"wpforms-recaptcha-container wpforms-is-recaptcha wpforms-is-recaptcha-type-v3\" ><input type=\"hidden\" name=\"wpforms[recaptcha]\" value=\"\"><\/div><div class=\"wpforms-submit-container\" ><input type=\"hidden\" name=\"wpforms[id]\" value=\"17\"><input type=\"hidden\" name=\"page_title\" value=\"\"><input type=\"hidden\" name=\"page_url\" value=\"https:\/\/calltorque.com.br\/index.php\/wp-json\/wp\/v2\/pages\/2193\"><input type=\"hidden\" name=\"url_referer\" value=\"\"><button type=\"submit\" name=\"wpforms[submit]\" id=\"wpforms-submit-17\" class=\"wpforms-submit\" data-alt-text=\"Enviando . . .\" data-submit-text=\"ENVIAR\" aria-live=\"assertive\" value=\"wpforms-submit\">ENVIAR<\/button><\/div><\/form><\/div>  <!-- .wpforms-container -->\t\n\n","protected":false},"excerpt":{"rendered":"<p>REBITES OU TACHAS PUNCH PIN As tachas Punch Pin servem para prender cargas leves a uma folha de metal em menos tempo do que se leva para fazer um furo ou para preparar um adesivo. Cada Punch Pin tem uma ponta de a\u00e7o afiada que perfura a chapa. Com ranhuras anulares especialmente concebidas, ele captura [&hellip;]<\/p>\n","protected":false},"author":1,"featured_media":0,"parent":1369,"menu_order":0,"comment_status":"closed","ping_status":"closed","template":"","meta":{"site-sidebar-layout":"default","site-content-layout":"page-builder","ast-site-content-layout":"default","site-content-style":"default","site-sidebar-style":"default","ast-global-header-display":"","ast-banner-title-visibility":"","ast-main-header-display":"","ast-hfb-above-header-display":"","ast-hfb-below-header-display":"","ast-hfb-mobile-header-display":"","site-post-title":"disabled","ast-breadcrumbs-content":"","ast-featured-img":"disabled","footer-sml-layout":"","ast-disable-related-posts":"","theme-transparent-header-meta":"enabled","adv-header-id-meta":"","stick-header-meta":"","header-above-stick-meta":"","header-main-stick-meta":"","header-below-stick-meta":"","astra-migrate-meta-layouts":"default","ast-page-background-enabled":"default","ast-page-background-meta":{"desktop":{"background-color":"","background-image":"","background-repeat":"repeat","background-position":"center center","background-size":"auto","background-attachment":"scroll","background-type":"","background-media":"","overlay-type":"","overlay-color":"","overlay-opacity":"","overlay-gradient":""},"tablet":{"background-color":"","background-image":"","background-repeat":"repeat","background-position":"center center","background-size":"auto","background-attachment":"scroll","background-type":"","background-media":"","overlay-type":"","overlay-color":"","overlay-opacity":"","overlay-gradient":""},"mobile":{"background-color":"","background-image":"","background-repeat":"repeat","background-position":"center center","background-size":"auto","background-attachment":"scroll","background-type":"","background-media":"","overlay-type":"","overlay-color":"","overlay-opacity":"","overlay-gradient":""}},"ast-content-background-meta":{"desktop":{"background-color":"var(--ast-global-color-5)","background-image":"","background-repeat":"repeat","background-position":"center center","background-size":"auto","background-attachment":"scroll","background-type":"","background-media":"","overlay-type":"","overlay-color":"","overlay-opacity":"","overlay-gradient":""},"tablet":{"background-color":"var(--ast-global-color-5)","background-image":"","background-repeat":"repeat","background-position":"center center","background-size":"auto","background-attachment":"scroll","background-type":"","background-media":"","overlay-type":"","overlay-color":"","overlay-opacity":"","overlay-gradient":""},"mobile":{"background-color":"var(--ast-global-color-5)","background-image":"","background-repeat":"repeat","background-position":"center center","background-size":"auto","background-attachment":"scroll","background-type":"","background-media":"","overlay-type":"","overlay-color":"","overlay-opacity":"","overlay-gradient":""}},"footnotes":""},"class_list":["post-2193","page","type-page","status-publish","hentry"],"yoast_head":"<!-- This site is optimized with the Yoast SEO plugin v27.5 - https:\/\/yoast.com\/product\/yoast-seo-wordpress\/ -->\n<title>Tachas Punch Pin - Calltorque Ferramentas Industriais<\/title>\n<meta name=\"robots\" content=\"index, follow, max-snippet:-1, max-image-preview:large, max-video-preview:-1\" \/>\n<link rel=\"canonical\" href=\"https:\/\/calltorque.com.br\/index.php\/produtos\/gripnail\/tachas-punch-pin\/\" \/>\n<meta property=\"og:locale\" content=\"pt_BR\" \/>\n<meta property=\"og:type\" content=\"article\" \/>\n<meta property=\"og:title\" content=\"Tachas Punch Pin - Calltorque Ferramentas Industriais\" \/>\n<meta property=\"og:description\" content=\"REBITES OU TACHAS PUNCH PIN As tachas Punch Pin servem para prender cargas leves a uma folha de metal em menos tempo do que se leva para fazer um furo ou para preparar um adesivo. Cada Punch Pin tem uma ponta de a\u00e7o afiada que perfura a chapa. Com ranhuras anulares especialmente concebidas, ele captura [&hellip;]\" \/>\n<meta property=\"og:url\" content=\"https:\/\/calltorque.com.br\/index.php\/produtos\/gripnail\/tachas-punch-pin\/\" \/>\n<meta property=\"og:site_name\" content=\"Calltorque Ferramentas Industriais\" \/>\n<meta property=\"article:modified_time\" content=\"2024-04-29T15:51:45+00:00\" \/>\n<meta property=\"og:image\" content=\"https:\/\/calltorque.com.br\/wp-content\/uploads\/2024\/04\/logo.png\" \/>\n<meta name=\"twitter:card\" content=\"summary_large_image\" \/>\n<meta name=\"twitter:label1\" content=\"Est. tempo de leitura\" \/>\n\t<meta name=\"twitter:data1\" content=\"4 minutos\" \/>\n<script type=\"application\/ld+json\" class=\"yoast-schema-graph\">{\"@context\":\"https:\\\/\\\/schema.org\",\"@graph\":[{\"@type\":\"WebPage\",\"@id\":\"https:\\\/\\\/calltorque.com.br\\\/index.php\\\/produtos\\\/gripnail\\\/tachas-punch-pin\\\/\",\"url\":\"https:\\\/\\\/calltorque.com.br\\\/index.php\\\/produtos\\\/gripnail\\\/tachas-punch-pin\\\/\",\"name\":\"Tachas Punch Pin - Calltorque Ferramentas Industriais\",\"isPartOf\":{\"@id\":\"https:\\\/\\\/calltorque.com.br\\\/#website\"},\"primaryImageOfPage\":{\"@id\":\"https:\\\/\\\/calltorque.com.br\\\/index.php\\\/produtos\\\/gripnail\\\/tachas-punch-pin\\\/#primaryimage\"},\"image\":{\"@id\":\"https:\\\/\\\/calltorque.com.br\\\/index.php\\\/produtos\\\/gripnail\\\/tachas-punch-pin\\\/#primaryimage\"},\"thumbnailUrl\":\"https:\\\/\\\/calltorque.com.br\\\/wp-content\\\/uploads\\\/2024\\\/04\\\/logo.png\",\"datePublished\":\"2021-11-05T20:56:28+00:00\",\"dateModified\":\"2024-04-29T15:51:45+00:00\",\"breadcrumb\":{\"@id\":\"https:\\\/\\\/calltorque.com.br\\\/index.php\\\/produtos\\\/gripnail\\\/tachas-punch-pin\\\/#breadcrumb\"},\"inLanguage\":\"pt-BR\",\"potentialAction\":[{\"@type\":\"ReadAction\",\"target\":[\"https:\\\/\\\/calltorque.com.br\\\/index.php\\\/produtos\\\/gripnail\\\/tachas-punch-pin\\\/\"]}]},{\"@type\":\"ImageObject\",\"inLanguage\":\"pt-BR\",\"@id\":\"https:\\\/\\\/calltorque.com.br\\\/index.php\\\/produtos\\\/gripnail\\\/tachas-punch-pin\\\/#primaryimage\",\"url\":\"https:\\\/\\\/calltorque.com.br\\\/wp-content\\\/uploads\\\/2024\\\/04\\\/logo.png\",\"contentUrl\":\"https:\\\/\\\/calltorque.com.br\\\/wp-content\\\/uploads\\\/2024\\\/04\\\/logo.png\",\"width\":362,\"height\":112},{\"@type\":\"BreadcrumbList\",\"@id\":\"https:\\\/\\\/calltorque.com.br\\\/index.php\\\/produtos\\\/gripnail\\\/tachas-punch-pin\\\/#breadcrumb\",\"itemListElement\":[{\"@type\":\"ListItem\",\"position\":1,\"name\":\"Home\",\"item\":\"https:\\\/\\\/calltorque.com.br\\\/\"},{\"@type\":\"ListItem\",\"position\":2,\"name\":\"Produtos\",\"item\":\"https:\\\/\\\/calltorque.com.br\\\/index.php\\\/produtos\\\/\"},{\"@type\":\"ListItem\",\"position\":3,\"name\":\"GRIPNAIL\",\"item\":\"https:\\\/\\\/calltorque.com.br\\\/index.php\\\/produtos\\\/gripnail\\\/\"},{\"@type\":\"ListItem\",\"position\":4,\"name\":\"Tachas Punch Pin\"}]},{\"@type\":\"WebSite\",\"@id\":\"https:\\\/\\\/calltorque.com.br\\\/#website\",\"url\":\"https:\\\/\\\/calltorque.com.br\\\/\",\"name\":\"Calltorque Ferramentas Industriais\",\"description\":\"Ferramentas Industriais 5.0\",\"publisher\":{\"@id\":\"https:\\\/\\\/calltorque.com.br\\\/#organization\"},\"potentialAction\":[{\"@type\":\"SearchAction\",\"target\":{\"@type\":\"EntryPoint\",\"urlTemplate\":\"https:\\\/\\\/calltorque.com.br\\\/?s={search_term_string}\"},\"query-input\":{\"@type\":\"PropertyValueSpecification\",\"valueRequired\":true,\"valueName\":\"search_term_string\"}}],\"inLanguage\":\"pt-BR\"},{\"@type\":\"Organization\",\"@id\":\"https:\\\/\\\/calltorque.com.br\\\/#organization\",\"name\":\"Calltorque Ferramentas Industriais\",\"url\":\"https:\\\/\\\/calltorque.com.br\\\/\",\"logo\":{\"@type\":\"ImageObject\",\"inLanguage\":\"pt-BR\",\"@id\":\"https:\\\/\\\/calltorque.com.br\\\/#\\\/schema\\\/logo\\\/image\\\/\",\"url\":\"https:\\\/\\\/calltorque.com.br\\\/wp-content\\\/uploads\\\/2021\\\/05\\\/Calltorque_logo1a.png\",\"contentUrl\":\"https:\\\/\\\/calltorque.com.br\\\/wp-content\\\/uploads\\\/2021\\\/05\\\/Calltorque_logo1a.png\",\"width\":400,\"height\":91,\"caption\":\"Calltorque Ferramentas Industriais\"},\"image\":{\"@id\":\"https:\\\/\\\/calltorque.com.br\\\/#\\\/schema\\\/logo\\\/image\\\/\"}}]}<\/script>\n<!-- \/ Yoast SEO plugin. -->","yoast_head_json":{"title":"Tachas Punch Pin - Calltorque Ferramentas Industriais","robots":{"index":"index","follow":"follow","max-snippet":"max-snippet:-1","max-image-preview":"max-image-preview:large","max-video-preview":"max-video-preview:-1"},"canonical":"https:\/\/calltorque.com.br\/index.php\/produtos\/gripnail\/tachas-punch-pin\/","og_locale":"pt_BR","og_type":"article","og_title":"Tachas Punch Pin - Calltorque Ferramentas Industriais","og_description":"REBITES OU TACHAS PUNCH PIN As tachas Punch Pin servem para prender cargas leves a uma folha de metal em menos tempo do que se leva para fazer um furo ou para preparar um adesivo. Cada Punch Pin tem uma ponta de a\u00e7o afiada que perfura a chapa. Com ranhuras anulares especialmente concebidas, ele captura [&hellip;]","og_url":"https:\/\/calltorque.com.br\/index.php\/produtos\/gripnail\/tachas-punch-pin\/","og_site_name":"Calltorque Ferramentas Industriais","article_modified_time":"2024-04-29T15:51:45+00:00","og_image":[{"url":"https:\/\/calltorque.com.br\/wp-content\/uploads\/2024\/04\/logo.png","type":"","width":"","height":""}],"twitter_card":"summary_large_image","twitter_misc":{"Est. tempo de leitura":"4 minutos"},"schema":{"@context":"https:\/\/schema.org","@graph":[{"@type":"WebPage","@id":"https:\/\/calltorque.com.br\/index.php\/produtos\/gripnail\/tachas-punch-pin\/","url":"https:\/\/calltorque.com.br\/index.php\/produtos\/gripnail\/tachas-punch-pin\/","name":"Tachas Punch Pin - Calltorque Ferramentas Industriais","isPartOf":{"@id":"https:\/\/calltorque.com.br\/#website"},"primaryImageOfPage":{"@id":"https:\/\/calltorque.com.br\/index.php\/produtos\/gripnail\/tachas-punch-pin\/#primaryimage"},"image":{"@id":"https:\/\/calltorque.com.br\/index.php\/produtos\/gripnail\/tachas-punch-pin\/#primaryimage"},"thumbnailUrl":"https:\/\/calltorque.com.br\/wp-content\/uploads\/2024\/04\/logo.png","datePublished":"2021-11-05T20:56:28+00:00","dateModified":"2024-04-29T15:51:45+00:00","breadcrumb":{"@id":"https:\/\/calltorque.com.br\/index.php\/produtos\/gripnail\/tachas-punch-pin\/#breadcrumb"},"inLanguage":"pt-BR","potentialAction":[{"@type":"ReadAction","target":["https:\/\/calltorque.com.br\/index.php\/produtos\/gripnail\/tachas-punch-pin\/"]}]},{"@type":"ImageObject","inLanguage":"pt-BR","@id":"https:\/\/calltorque.com.br\/index.php\/produtos\/gripnail\/tachas-punch-pin\/#primaryimage","url":"https:\/\/calltorque.com.br\/wp-content\/uploads\/2024\/04\/logo.png","contentUrl":"https:\/\/calltorque.com.br\/wp-content\/uploads\/2024\/04\/logo.png","width":362,"height":112},{"@type":"BreadcrumbList","@id":"https:\/\/calltorque.com.br\/index.php\/produtos\/gripnail\/tachas-punch-pin\/#breadcrumb","itemListElement":[{"@type":"ListItem","position":1,"name":"Home","item":"https:\/\/calltorque.com.br\/"},{"@type":"ListItem","position":2,"name":"Produtos","item":"https:\/\/calltorque.com.br\/index.php\/produtos\/"},{"@type":"ListItem","position":3,"name":"GRIPNAIL","item":"https:\/\/calltorque.com.br\/index.php\/produtos\/gripnail\/"},{"@type":"ListItem","position":4,"name":"Tachas Punch Pin"}]},{"@type":"WebSite","@id":"https:\/\/calltorque.com.br\/#website","url":"https:\/\/calltorque.com.br\/","name":"Calltorque Ferramentas Industriais","description":"Ferramentas Industriais 5.0","publisher":{"@id":"https:\/\/calltorque.com.br\/#organization"},"potentialAction":[{"@type":"SearchAction","target":{"@type":"EntryPoint","urlTemplate":"https:\/\/calltorque.com.br\/?s={search_term_string}"},"query-input":{"@type":"PropertyValueSpecification","valueRequired":true,"valueName":"search_term_string"}}],"inLanguage":"pt-BR"},{"@type":"Organization","@id":"https:\/\/calltorque.com.br\/#organization","name":"Calltorque Ferramentas Industriais","url":"https:\/\/calltorque.com.br\/","logo":{"@type":"ImageObject","inLanguage":"pt-BR","@id":"https:\/\/calltorque.com.br\/#\/schema\/logo\/image\/","url":"https:\/\/calltorque.com.br\/wp-content\/uploads\/2021\/05\/Calltorque_logo1a.png","contentUrl":"https:\/\/calltorque.com.br\/wp-content\/uploads\/2021\/05\/Calltorque_logo1a.png","width":400,"height":91,"caption":"Calltorque Ferramentas Industriais"},"image":{"@id":"https:\/\/calltorque.com.br\/#\/schema\/logo\/image\/"}}]}},"_links":{"self":[{"href":"https:\/\/calltorque.com.br\/index.php\/wp-json\/wp\/v2\/pages\/2193","targetHints":{"allow":["GET"]}}],"collection":[{"href":"https:\/\/calltorque.com.br\/index.php\/wp-json\/wp\/v2\/pages"}],"about":[{"href":"https:\/\/calltorque.com.br\/index.php\/wp-json\/wp\/v2\/types\/page"}],"author":[{"embeddable":true,"href":"https:\/\/calltorque.com.br\/index.php\/wp-json\/wp\/v2\/users\/1"}],"replies":[{"embeddable":true,"href":"https:\/\/calltorque.com.br\/index.php\/wp-json\/wp\/v2\/comments?post=2193"}],"version-history":[{"count":10,"href":"https:\/\/calltorque.com.br\/index.php\/wp-json\/wp\/v2\/pages\/2193\/revisions"}],"predecessor-version":[{"id":3743,"href":"https:\/\/calltorque.com.br\/index.php\/wp-json\/wp\/v2\/pages\/2193\/revisions\/3743"}],"up":[{"embeddable":true,"href":"https:\/\/calltorque.com.br\/index.php\/wp-json\/wp\/v2\/pages\/1369"}],"wp:attachment":[{"href":"https:\/\/calltorque.com.br\/index.php\/wp-json\/wp\/v2\/media?parent=2193"}],"curies":[{"name":"wp","href":"https:\/\/api.w.org\/{rel}","templated":true}]}}