{"id":2259,"date":"2021-11-06T14:26:07","date_gmt":"2021-11-06T17:26:07","guid":{"rendered":"https:\/\/calltorque.com.br\/?page_id=2259"},"modified":"2022-02-23T10:50:00","modified_gmt":"2022-02-23T13:50:00","slug":"mangueiras","status":"publish","type":"page","link":"https:\/\/calltorque.com.br\/index.php\/produtos\/cejn\/mangueiras\/","title":{"rendered":"Mangueiras"},"content":{"rendered":"\n\n\t\t\t<h5>MANGUEIRAS DE<\/h5><h2>ULTRA ALTA PRESS\u00c3O<\/h2>\n\t\t\t\t<p><strong>70 Mpa, DN 6<\/strong><\/p>\n<p>As mangueiras de Ultra Alta Press\u00e3o CEJN para sistemas hidr\u00e1ulicos s\u00e3o fabricadas em pol\u00edmero refor\u00e7ado com a\u00e7o espiralado, mantendo sua flexibilidade, e atendem \u00e0s mais diversas aplica\u00e7\u00f5es com seguran\u00e7a.<\/p>\n<p>A baixa expans\u00e3o volum\u00e9trica resulta em tempo de resposta r\u00e1pido em sistemas hidr\u00e1ulicos, proporcionando tamb\u00e9m m\u00ednima queda de press\u00e3o. As mangueiras podem ser cortadas em qualquer comprimento e montadas com uma ampla linha de conex\u00f5es, espigas e engates, de acordo com a solicita\u00e7\u00e3o do cliente.<\/p>\n<p>A variedade de conex\u00f5es de alta press\u00e3o de alta performance \u00e9 um excelente complemento para as mais diversas aplica\u00e7\u00f5es, atendendo todos os padr\u00f5es de qualidade exigidos. Esta qualidade se completa atrav\u00e9s dos testes de press\u00e3o e performance realizados antes do envio do produto, assegurando ao cliente a imediata utiliza\u00e7\u00e3o, economizando tempo e dinheiro.<\/p>\n\t\t\t\t<img decoding=\"async\" src=\"https:\/\/calltorque.com.br\/wp-content\/uploads\/2022\/01\/CEJN-LogoWeb-130x83-1.png\" alt=\"CEJN-LogoWeb-130x83\" itemprop=\"image\" title=\"CEJN-LogoWeb-130x83\" onerror=\"this.style.display='none'\"  \/>\n<h4>\n\t\tFabricadas em pol\u00edmero refor\u00e7ado com a\u00e7o espiralado, mantendo sua flexibilidade, e atendem \u00e0s mais diversas aplica\u00e7\u00f5es com seguran\u00e7a.\n\t<\/h4>\n<h4>\n\t\tMAIS INFORMA\u00c7\u00d5ES\n\t<\/h4>\n\t\t\t<a href=\"https:\/\/calltorque.com.br\/index.php\/catalogos\/\" target=\"_self\" role=\"button\" rel=\"noopener\">\n\t\t\t\t\t\tVEJA MAIS EM CAT\u00c1LOGOS E MANUAIS\n\t\t\t\t\t<\/a>\n\t<h2>\n\t\t\t\tconhe\u00e7a outras solu\u00e7\u00f5es da cejn\n\t\t\t<\/h2>\n\t\t\t<p>A CEJN concentra-se no desenvolvimento de solu\u00e7\u00f5es de engenharia inovadoras com foco na seguran\u00e7a.<\/p>\t\n\t\t\t<h3>junte-se \u00e0 n\u00f3s<\/h3>\t\t\t\n\t\t\t\t<p>Nossos clientes usufruem de um atendimento individualizado e, desta forma, criamos mais valor atrav\u00e9s da troca de experi\u00eancias, entendendo as necessidades e as aplica\u00e7\u00f5es, oferecendo suporte e orienta\u00e7\u00e3o profissional para apresentar solu\u00e7\u00f5es eficientes e inteligentes.<\/p>\n<p>Atendemos em todo o Brasil!<\/p>\n\t\t\t<a href=\"\" target=\"_self\" role=\"button\" aria-label=\"Solicite o contato de um Representante mais pr\u00f3ximo de sua empresa\" rel=\"noopener\">\n\t\t\t\t\t\t\tSolicite o contato de um Representante mais pr\u00f3ximo de sua empresa\n\t\t<\/a>\n<h2>\n\t\tVoc\u00ea conhece nosso test drive?\n\t<\/h2>\n\t<p>Com a op\u00e7\u00e3o TEST DRIVE da <em><strong>Calltorque<\/strong><\/em>, \u00e9 poss\u00edvel ALUGAR FERRAMENTAS de ALTO DESEMPENHO para testar em opera\u00e7\u00f5es regulares ou eventuais de sua empresa em in\u00fameras situa\u00e7\u00f5es; Confirmar se as necessidades das aplica\u00e7\u00f5es ser\u00e3o plenamente atendidas; Poder sempre experimentar a tecnologia dos equipamentos, entre outros benef\u00edcios!<\/p>\n<p>SAIBA MAIS sobre nosso Test Drive:<\/p>\n\t\t\t<a href=\"#\" role=\"button\">\n\t\t\t\t\t\tEnvie uma mensagem que entraremos em contato\n\t\t\t\t\t<\/a>\n\t\t<div class=\"wpforms-container \" id=\"wpforms-17\"><form id=\"wpforms-form-17\" class=\"wpforms-validate wpforms-form\" data-formid=\"17\" method=\"post\" enctype=\"multipart\/form-data\" action=\"\/index.php\/wp-json\/wp\/v2\/pages\/2259\" data-token=\"bd00dc2e14afca663174b56d450bf8fd\" data-token-time=\"1777817086\"><noscript class=\"wpforms-error-noscript\">Ative o JavaScript no seu navegador para preencher este formul\u00e1rio.<\/noscript><div class=\"wpforms-field-container\"><div id=\"wpforms-17-field_0-container\" class=\"wpforms-field wpforms-field-name\" data-field-id=\"0\"><label class=\"wpforms-field-label wpforms-label-hide\" for=\"wpforms-17-field_0\">Nome <span class=\"wpforms-required-label\">*<\/span><\/label><input type=\"text\" id=\"wpforms-17-field_0\" class=\"wpforms-field-large wpforms-field-required\" name=\"wpforms[fields][0]\" placeholder=\"Seu nome completo*\" required><\/div><div id=\"wpforms-17-field_5-container\" class=\"wpforms-field wpforms-field-name\" data-field-id=\"5\"><label class=\"wpforms-field-label wpforms-label-hide\" for=\"wpforms-17-field_5\">Empresa <span class=\"wpforms-required-label\">*<\/span><\/label><input type=\"text\" id=\"wpforms-17-field_5\" class=\"wpforms-field-large wpforms-field-required\" name=\"wpforms[fields][5]\" placeholder=\"Qual \u00e9 sua empresa?*\" required><\/div><div id=\"wpforms-17-field_1-container\" class=\"wpforms-field wpforms-field-email\" data-field-id=\"1\"><label class=\"wpforms-field-label wpforms-label-hide\" for=\"wpforms-17-field_1\">Email <span class=\"wpforms-required-label\">*<\/span><\/label><div class=\"wpforms-field-row wpforms-field-large\"><div class=\"wpforms-field-row-block wpforms-one-half wpforms-first\"><input type=\"email\" id=\"wpforms-17-field_1\" class=\"wpforms-field-required wpforms-field-email-primary\" name=\"wpforms[fields][1][primary]\" placeholder=\"Seu e-mail*\" spellcheck=\"false\" required><label for=\"wpforms-17-field_1\" class=\"wpforms-field-sublabel after wpforms-sublabel-hide\">E-mail<\/label><\/div><div class=\"wpforms-field-row-block wpforms-one-half\"><input type=\"email\" id=\"wpforms-17-field_1-secondary\" class=\"wpforms-field-email-secondary wpforms-field-required\" data-rule-confirm=\"#wpforms-17-field_1\" name=\"wpforms[fields][1][secondary]\" placeholder=\"Confirme seu e-mail*\" spellcheck=\"false\" required><label for=\"wpforms-17-field_1-secondary\" class=\"wpforms-field-sublabel after wpforms-sublabel-hide\">Confirmar e-mail<\/label><\/div><\/div><\/div><div id=\"wpforms-17-field_4-container\" class=\"wpforms-field wpforms-field-number\" data-field-id=\"4\"><label class=\"wpforms-field-label wpforms-label-hide\" for=\"wpforms-17-field_4\">N\u00fameros <span class=\"wpforms-required-label\">*<\/span><\/label><input type=\"number\" id=\"wpforms-17-field_4\" class=\"wpforms-field-medium wpforms-field-required\" name=\"wpforms[fields][4]\" placeholder=\"Celular com c\u00f3digo de \u00e1rea*\" step=\"any\" required><\/div><div id=\"wpforms-17-field_6-container\" class=\"wpforms-field wpforms-field-number\" data-field-id=\"6\"><label class=\"wpforms-field-label wpforms-label-hide\" for=\"wpforms-17-field_6\">Telefone Comercial <span class=\"wpforms-required-label\">*<\/span><\/label><input type=\"number\" id=\"wpforms-17-field_6\" class=\"wpforms-field-medium wpforms-field-required\" name=\"wpforms[fields][6]\" placeholder=\"Telefone Comercial com c\u00f3digo de \u00e1rea*\" step=\"any\" required><\/div><div id=\"wpforms-17-field_7-container\" class=\"wpforms-field wpforms-field-select wpforms-field-select-style-modern\" data-field-id=\"7\"><label class=\"wpforms-field-label\" for=\"wpforms-17-field_7\">Sobre o que voc\u00ea gostaria de falar? <span class=\"wpforms-required-label\">*<\/span><\/label><select id=\"wpforms-17-field_7\" class=\"wpforms-field-large wpforms-field-required choicesjs-select\" data-size-class=\"wpforms-field-row wpforms-field-large\" data-search-enabled=\"\" name=\"wpforms[fields][7]\" required=\"required\"><option value=\"\" class=\"placeholder\" disabled  selected='selected'><\/option><option value=\"Atendimento Comercial\"  class=\"choice-1 depth-1\"  >Atendimento Comercial<\/option><option value=\"Mais informa\u00e7\u00f5es sobre o Test Drive\"  class=\"choice-2 depth-1\"  >Mais informa\u00e7\u00f5es sobre o Test Drive<\/option><option value=\"Administrativo\/Financeiro\"  class=\"choice-3 depth-1\"  >Administrativo\/Financeiro<\/option><option value=\"Representante Comercial na sua regi\u00e3o\"  class=\"choice-4 depth-1\"  >Representante Comercial na sua regi\u00e3o<\/option><option value=\"Outro assunto\"  class=\"choice-5 depth-1\"  >Outro assunto<\/option><\/select><\/div><div id=\"wpforms-17-field_2-container\" class=\"wpforms-field wpforms-field-textarea\" data-field-id=\"2\"><label class=\"wpforms-field-label wpforms-label-hide\" for=\"wpforms-17-field_2\">Sua mensagem <span class=\"wpforms-required-label\">*<\/span><\/label><textarea id=\"wpforms-17-field_2\" class=\"wpforms-field-medium wpforms-field-required\" name=\"wpforms[fields][2]\" placeholder=\"Escreva sua mensagem.                                                                                                                                                                                                        Se desejar, indique o melhor hor\u00e1rio para entrarmos em contato!\" required><\/textarea><div class=\"wpforms-field-description\">Este formul\u00e1rio coleta seu nome e e-mail para que possamos entrar em contato com voc\u00ea. Consulte nossa p\u00e1gina de Pol\u00edtica de Privacidade para entender completamente como protegemos e gerenciamos seus dados enviados.<\/div><\/div><\/div><!-- .wpforms-field-container --><div class=\"wpforms-field wpforms-field-hp\"><label for=\"wpforms-17-field-hp\" class=\"wpforms-field-label\">Phone<\/label><input type=\"text\" name=\"wpforms[hp]\" id=\"wpforms-17-field-hp\" class=\"wpforms-field-medium\"><\/div><div class=\"wpforms-recaptcha-container wpforms-is-recaptcha wpforms-is-recaptcha-type-v3\" ><input type=\"hidden\" name=\"wpforms[recaptcha]\" value=\"\"><\/div><div class=\"wpforms-submit-container\" ><input type=\"hidden\" name=\"wpforms[id]\" value=\"17\"><input type=\"hidden\" name=\"page_title\" value=\"\"><input type=\"hidden\" name=\"page_url\" value=\"https:\/\/calltorque.com.br\/index.php\/wp-json\/wp\/v2\/pages\/2259\"><input type=\"hidden\" name=\"url_referer\" value=\"\"><button type=\"submit\" name=\"wpforms[submit]\" id=\"wpforms-submit-17\" class=\"wpforms-submit\" data-alt-text=\"Enviando . . .\" data-submit-text=\"ENVIAR\" aria-live=\"assertive\" value=\"wpforms-submit\">ENVIAR<\/button><\/div><\/form><\/div>  <!-- .wpforms-container -->\t\n\n","protected":false},"excerpt":{"rendered":"<p>MANGUEIRAS DE ULTRA ALTA PRESS\u00c3O 70 Mpa, DN 6 As mangueiras de Ultra Alta Press\u00e3o CEJN para sistemas hidr\u00e1ulicos s\u00e3o fabricadas em pol\u00edmero refor\u00e7ado com a\u00e7o espiralado, mantendo sua flexibilidade, e atendem \u00e0s mais diversas aplica\u00e7\u00f5es com seguran\u00e7a. A baixa expans\u00e3o volum\u00e9trica resulta em tempo de resposta r\u00e1pido em sistemas hidr\u00e1ulicos, proporcionando tamb\u00e9m m\u00ednima queda [&hellip;]<\/p>\n","protected":false},"author":1,"featured_media":0,"parent":1374,"menu_order":0,"comment_status":"closed","ping_status":"closed","template":"","meta":{"site-sidebar-layout":"default","site-content-layout":"page-builder","ast-site-content-layout":"default","site-content-style":"default","site-sidebar-style":"default","ast-global-header-display":"","ast-banner-title-visibility":"","ast-main-header-display":"","ast-hfb-above-header-display":"","ast-hfb-below-header-display":"","ast-hfb-mobile-header-display":"","site-post-title":"disabled","ast-breadcrumbs-content":"","ast-featured-img":"disabled","footer-sml-layout":"","ast-disable-related-posts":"","theme-transparent-header-meta":"enabled","adv-header-id-meta":"","stick-header-meta":"","header-above-stick-meta":"","header-main-stick-meta":"","header-below-stick-meta":"","astra-migrate-meta-layouts":"default","ast-page-background-enabled":"default","ast-page-background-meta":{"desktop":{"background-color":"","background-image":"","background-repeat":"repeat","background-position":"center center","background-size":"auto","background-attachment":"scroll","background-type":"","background-media":"","overlay-type":"","overlay-color":"","overlay-opacity":"","overlay-gradient":""},"tablet":{"background-color":"","background-image":"","background-repeat":"repeat","background-position":"center center","background-size":"auto","background-attachment":"scroll","background-type":"","background-media":"","overlay-type":"","overlay-color":"","overlay-opacity":"","overlay-gradient":""},"mobile":{"background-color":"","background-image":"","background-repeat":"repeat","background-position":"center center","background-size":"auto","background-attachment":"scroll","background-type":"","background-media":"","overlay-type":"","overlay-color":"","overlay-opacity":"","overlay-gradient":""}},"ast-content-background-meta":{"desktop":{"background-color":"var(--ast-global-color-5)","background-image":"","background-repeat":"repeat","background-position":"center center","background-size":"auto","background-attachment":"scroll","background-type":"","background-media":"","overlay-type":"","overlay-color":"","overlay-opacity":"","overlay-gradient":""},"tablet":{"background-color":"var(--ast-global-color-5)","background-image":"","background-repeat":"repeat","background-position":"center center","background-size":"auto","background-attachment":"scroll","background-type":"","background-media":"","overlay-type":"","overlay-color":"","overlay-opacity":"","overlay-gradient":""},"mobile":{"background-color":"var(--ast-global-color-5)","background-image":"","background-repeat":"repeat","background-position":"center center","background-size":"auto","background-attachment":"scroll","background-type":"","background-media":"","overlay-type":"","overlay-color":"","overlay-opacity":"","overlay-gradient":""}},"footnotes":""},"class_list":["post-2259","page","type-page","status-publish","hentry"],"yoast_head":"<!-- This site is optimized with the Yoast SEO plugin v27.5 - https:\/\/yoast.com\/product\/yoast-seo-wordpress\/ -->\n<title>Mangueiras - Calltorque Ferramentas Industriais<\/title>\n<meta name=\"robots\" content=\"index, follow, max-snippet:-1, max-image-preview:large, max-video-preview:-1\" \/>\n<link rel=\"canonical\" href=\"https:\/\/calltorque.com.br\/index.php\/produtos\/cejn\/mangueiras\/\" \/>\n<meta property=\"og:locale\" content=\"pt_BR\" \/>\n<meta property=\"og:type\" content=\"article\" \/>\n<meta property=\"og:title\" content=\"Mangueiras - Calltorque Ferramentas Industriais\" \/>\n<meta property=\"og:description\" content=\"MANGUEIRAS DE ULTRA ALTA PRESS\u00c3O 70 Mpa, DN 6 As mangueiras de Ultra Alta Press\u00e3o CEJN para sistemas hidr\u00e1ulicos s\u00e3o fabricadas em pol\u00edmero refor\u00e7ado com a\u00e7o espiralado, mantendo sua flexibilidade, e atendem \u00e0s mais diversas aplica\u00e7\u00f5es com seguran\u00e7a. A baixa expans\u00e3o volum\u00e9trica resulta em tempo de resposta r\u00e1pido em sistemas hidr\u00e1ulicos, proporcionando tamb\u00e9m m\u00ednima queda [&hellip;]\" \/>\n<meta property=\"og:url\" content=\"https:\/\/calltorque.com.br\/index.php\/produtos\/cejn\/mangueiras\/\" \/>\n<meta property=\"og:site_name\" content=\"Calltorque Ferramentas Industriais\" \/>\n<meta property=\"article:modified_time\" content=\"2022-02-23T13:50:00+00:00\" \/>\n<meta property=\"og:image\" content=\"https:\/\/calltorque.com.br\/wp-content\/uploads\/2022\/01\/CEJN-LogoWeb-130x83-1.png\" \/>\n<meta name=\"twitter:card\" content=\"summary_large_image\" \/>\n<meta name=\"twitter:label1\" content=\"Est. tempo de leitura\" \/>\n\t<meta name=\"twitter:data1\" content=\"2 minutos\" \/>\n<script type=\"application\/ld+json\" class=\"yoast-schema-graph\">{\"@context\":\"https:\\\/\\\/schema.org\",\"@graph\":[{\"@type\":\"WebPage\",\"@id\":\"https:\\\/\\\/calltorque.com.br\\\/index.php\\\/produtos\\\/cejn\\\/mangueiras\\\/\",\"url\":\"https:\\\/\\\/calltorque.com.br\\\/index.php\\\/produtos\\\/cejn\\\/mangueiras\\\/\",\"name\":\"Mangueiras - Calltorque Ferramentas Industriais\",\"isPartOf\":{\"@id\":\"https:\\\/\\\/calltorque.com.br\\\/#website\"},\"primaryImageOfPage\":{\"@id\":\"https:\\\/\\\/calltorque.com.br\\\/index.php\\\/produtos\\\/cejn\\\/mangueiras\\\/#primaryimage\"},\"image\":{\"@id\":\"https:\\\/\\\/calltorque.com.br\\\/index.php\\\/produtos\\\/cejn\\\/mangueiras\\\/#primaryimage\"},\"thumbnailUrl\":\"https:\\\/\\\/calltorque.com.br\\\/wp-content\\\/uploads\\\/2022\\\/01\\\/CEJN-LogoWeb-130x83-1.png\",\"datePublished\":\"2021-11-06T17:26:07+00:00\",\"dateModified\":\"2022-02-23T13:50:00+00:00\",\"breadcrumb\":{\"@id\":\"https:\\\/\\\/calltorque.com.br\\\/index.php\\\/produtos\\\/cejn\\\/mangueiras\\\/#breadcrumb\"},\"inLanguage\":\"pt-BR\",\"potentialAction\":[{\"@type\":\"ReadAction\",\"target\":[\"https:\\\/\\\/calltorque.com.br\\\/index.php\\\/produtos\\\/cejn\\\/mangueiras\\\/\"]}]},{\"@type\":\"ImageObject\",\"inLanguage\":\"pt-BR\",\"@id\":\"https:\\\/\\\/calltorque.com.br\\\/index.php\\\/produtos\\\/cejn\\\/mangueiras\\\/#primaryimage\",\"url\":\"https:\\\/\\\/calltorque.com.br\\\/wp-content\\\/uploads\\\/2022\\\/01\\\/CEJN-LogoWeb-130x83-1.png\",\"contentUrl\":\"https:\\\/\\\/calltorque.com.br\\\/wp-content\\\/uploads\\\/2022\\\/01\\\/CEJN-LogoWeb-130x83-1.png\",\"width\":130,\"height\":83},{\"@type\":\"BreadcrumbList\",\"@id\":\"https:\\\/\\\/calltorque.com.br\\\/index.php\\\/produtos\\\/cejn\\\/mangueiras\\\/#breadcrumb\",\"itemListElement\":[{\"@type\":\"ListItem\",\"position\":1,\"name\":\"Home\",\"item\":\"https:\\\/\\\/calltorque.com.br\\\/\"},{\"@type\":\"ListItem\",\"position\":2,\"name\":\"Produtos\",\"item\":\"https:\\\/\\\/calltorque.com.br\\\/index.php\\\/produtos\\\/\"},{\"@type\":\"ListItem\",\"position\":3,\"name\":\"CEJN\",\"item\":\"https:\\\/\\\/calltorque.com.br\\\/index.php\\\/produtos\\\/cejn\\\/\"},{\"@type\":\"ListItem\",\"position\":4,\"name\":\"Mangueiras\"}]},{\"@type\":\"WebSite\",\"@id\":\"https:\\\/\\\/calltorque.com.br\\\/#website\",\"url\":\"https:\\\/\\\/calltorque.com.br\\\/\",\"name\":\"Calltorque Ferramentas Industriais\",\"description\":\"Ferramentas Industriais 5.0\",\"publisher\":{\"@id\":\"https:\\\/\\\/calltorque.com.br\\\/#organization\"},\"potentialAction\":[{\"@type\":\"SearchAction\",\"target\":{\"@type\":\"EntryPoint\",\"urlTemplate\":\"https:\\\/\\\/calltorque.com.br\\\/?s={search_term_string}\"},\"query-input\":{\"@type\":\"PropertyValueSpecification\",\"valueRequired\":true,\"valueName\":\"search_term_string\"}}],\"inLanguage\":\"pt-BR\"},{\"@type\":\"Organization\",\"@id\":\"https:\\\/\\\/calltorque.com.br\\\/#organization\",\"name\":\"Calltorque Ferramentas Industriais\",\"url\":\"https:\\\/\\\/calltorque.com.br\\\/\",\"logo\":{\"@type\":\"ImageObject\",\"inLanguage\":\"pt-BR\",\"@id\":\"https:\\\/\\\/calltorque.com.br\\\/#\\\/schema\\\/logo\\\/image\\\/\",\"url\":\"https:\\\/\\\/calltorque.com.br\\\/wp-content\\\/uploads\\\/2021\\\/05\\\/Calltorque_logo1a.png\",\"contentUrl\":\"https:\\\/\\\/calltorque.com.br\\\/wp-content\\\/uploads\\\/2021\\\/05\\\/Calltorque_logo1a.png\",\"width\":400,\"height\":91,\"caption\":\"Calltorque Ferramentas Industriais\"},\"image\":{\"@id\":\"https:\\\/\\\/calltorque.com.br\\\/#\\\/schema\\\/logo\\\/image\\\/\"}}]}<\/script>\n<!-- \/ Yoast SEO plugin. -->","yoast_head_json":{"title":"Mangueiras - Calltorque Ferramentas Industriais","robots":{"index":"index","follow":"follow","max-snippet":"max-snippet:-1","max-image-preview":"max-image-preview:large","max-video-preview":"max-video-preview:-1"},"canonical":"https:\/\/calltorque.com.br\/index.php\/produtos\/cejn\/mangueiras\/","og_locale":"pt_BR","og_type":"article","og_title":"Mangueiras - Calltorque Ferramentas Industriais","og_description":"MANGUEIRAS DE ULTRA ALTA PRESS\u00c3O 70 Mpa, DN 6 As mangueiras de Ultra Alta Press\u00e3o CEJN para sistemas hidr\u00e1ulicos s\u00e3o fabricadas em pol\u00edmero refor\u00e7ado com a\u00e7o espiralado, mantendo sua flexibilidade, e atendem \u00e0s mais diversas aplica\u00e7\u00f5es com seguran\u00e7a. A baixa expans\u00e3o volum\u00e9trica resulta em tempo de resposta r\u00e1pido em sistemas hidr\u00e1ulicos, proporcionando tamb\u00e9m m\u00ednima queda [&hellip;]","og_url":"https:\/\/calltorque.com.br\/index.php\/produtos\/cejn\/mangueiras\/","og_site_name":"Calltorque Ferramentas Industriais","article_modified_time":"2022-02-23T13:50:00+00:00","og_image":[{"url":"https:\/\/calltorque.com.br\/wp-content\/uploads\/2022\/01\/CEJN-LogoWeb-130x83-1.png","type":"","width":"","height":""}],"twitter_card":"summary_large_image","twitter_misc":{"Est. tempo de leitura":"2 minutos"},"schema":{"@context":"https:\/\/schema.org","@graph":[{"@type":"WebPage","@id":"https:\/\/calltorque.com.br\/index.php\/produtos\/cejn\/mangueiras\/","url":"https:\/\/calltorque.com.br\/index.php\/produtos\/cejn\/mangueiras\/","name":"Mangueiras - Calltorque Ferramentas Industriais","isPartOf":{"@id":"https:\/\/calltorque.com.br\/#website"},"primaryImageOfPage":{"@id":"https:\/\/calltorque.com.br\/index.php\/produtos\/cejn\/mangueiras\/#primaryimage"},"image":{"@id":"https:\/\/calltorque.com.br\/index.php\/produtos\/cejn\/mangueiras\/#primaryimage"},"thumbnailUrl":"https:\/\/calltorque.com.br\/wp-content\/uploads\/2022\/01\/CEJN-LogoWeb-130x83-1.png","datePublished":"2021-11-06T17:26:07+00:00","dateModified":"2022-02-23T13:50:00+00:00","breadcrumb":{"@id":"https:\/\/calltorque.com.br\/index.php\/produtos\/cejn\/mangueiras\/#breadcrumb"},"inLanguage":"pt-BR","potentialAction":[{"@type":"ReadAction","target":["https:\/\/calltorque.com.br\/index.php\/produtos\/cejn\/mangueiras\/"]}]},{"@type":"ImageObject","inLanguage":"pt-BR","@id":"https:\/\/calltorque.com.br\/index.php\/produtos\/cejn\/mangueiras\/#primaryimage","url":"https:\/\/calltorque.com.br\/wp-content\/uploads\/2022\/01\/CEJN-LogoWeb-130x83-1.png","contentUrl":"https:\/\/calltorque.com.br\/wp-content\/uploads\/2022\/01\/CEJN-LogoWeb-130x83-1.png","width":130,"height":83},{"@type":"BreadcrumbList","@id":"https:\/\/calltorque.com.br\/index.php\/produtos\/cejn\/mangueiras\/#breadcrumb","itemListElement":[{"@type":"ListItem","position":1,"name":"Home","item":"https:\/\/calltorque.com.br\/"},{"@type":"ListItem","position":2,"name":"Produtos","item":"https:\/\/calltorque.com.br\/index.php\/produtos\/"},{"@type":"ListItem","position":3,"name":"CEJN","item":"https:\/\/calltorque.com.br\/index.php\/produtos\/cejn\/"},{"@type":"ListItem","position":4,"name":"Mangueiras"}]},{"@type":"WebSite","@id":"https:\/\/calltorque.com.br\/#website","url":"https:\/\/calltorque.com.br\/","name":"Calltorque Ferramentas Industriais","description":"Ferramentas Industriais 5.0","publisher":{"@id":"https:\/\/calltorque.com.br\/#organization"},"potentialAction":[{"@type":"SearchAction","target":{"@type":"EntryPoint","urlTemplate":"https:\/\/calltorque.com.br\/?s={search_term_string}"},"query-input":{"@type":"PropertyValueSpecification","valueRequired":true,"valueName":"search_term_string"}}],"inLanguage":"pt-BR"},{"@type":"Organization","@id":"https:\/\/calltorque.com.br\/#organization","name":"Calltorque Ferramentas Industriais","url":"https:\/\/calltorque.com.br\/","logo":{"@type":"ImageObject","inLanguage":"pt-BR","@id":"https:\/\/calltorque.com.br\/#\/schema\/logo\/image\/","url":"https:\/\/calltorque.com.br\/wp-content\/uploads\/2021\/05\/Calltorque_logo1a.png","contentUrl":"https:\/\/calltorque.com.br\/wp-content\/uploads\/2021\/05\/Calltorque_logo1a.png","width":400,"height":91,"caption":"Calltorque Ferramentas Industriais"},"image":{"@id":"https:\/\/calltorque.com.br\/#\/schema\/logo\/image\/"}}]}},"_links":{"self":[{"href":"https:\/\/calltorque.com.br\/index.php\/wp-json\/wp\/v2\/pages\/2259","targetHints":{"allow":["GET"]}}],"collection":[{"href":"https:\/\/calltorque.com.br\/index.php\/wp-json\/wp\/v2\/pages"}],"about":[{"href":"https:\/\/calltorque.com.br\/index.php\/wp-json\/wp\/v2\/types\/page"}],"author":[{"embeddable":true,"href":"https:\/\/calltorque.com.br\/index.php\/wp-json\/wp\/v2\/users\/1"}],"replies":[{"embeddable":true,"href":"https:\/\/calltorque.com.br\/index.php\/wp-json\/wp\/v2\/comments?post=2259"}],"version-history":[{"count":8,"href":"https:\/\/calltorque.com.br\/index.php\/wp-json\/wp\/v2\/pages\/2259\/revisions"}],"predecessor-version":[{"id":3012,"href":"https:\/\/calltorque.com.br\/index.php\/wp-json\/wp\/v2\/pages\/2259\/revisions\/3012"}],"up":[{"embeddable":true,"href":"https:\/\/calltorque.com.br\/index.php\/wp-json\/wp\/v2\/pages\/1374"}],"wp:attachment":[{"href":"https:\/\/calltorque.com.br\/index.php\/wp-json\/wp\/v2\/media?parent=2259"}],"curies":[{"name":"wp","href":"https:\/\/api.w.org\/{rel}","templated":true}]}}