{"id":2620,"date":"2022-01-22T17:13:16","date_gmt":"2022-01-22T20:13:16","guid":{"rendered":"https:\/\/calltorque.com.br\/?page_id=2620"},"modified":"2022-02-23T10:54:38","modified_gmt":"2022-02-23T13:54:38","slug":"hyspan-pistol-grip","status":"publish","type":"page","link":"https:\/\/calltorque.com.br\/index.php\/produtos\/christie\/hyspan-pistol-grip\/","title":{"rendered":"Hyspan PISTOL GRIP"},"content":{"rendered":"\n\n\t\t\t<h5>FERRAMENTA<\/h5><h2>HYSPAN PISTOL GRIP<\/h2>\n\t\t\t\t<p><strong>FERRAMENTA DE TORQUE HIDR\u00c1ULICO SUBAQU\u00c1TICA<\/strong><\/p>\n<p>A Ferramenta de Torque Hidr\u00e1ulica Pistol Grip que \u00e9 at\u00e9\u00a0<strong>26 vezes mais r\u00e1pida<\/strong>\u00a0do que as Ferramentas de Torque Hidr\u00e1ulica Estilo Ratchet.<\/p>\n<p>A ferramenta Hyspan Pistol Grip Torque Tool \u00e9 a ferramenta perfeita para aparafusamento dif\u00edcil e cr\u00edtico em todos os ambientes operacionais, incluindo aplica\u00e7\u00f5es submarinas e offshore.\u00a0Essa ferramenta robusta tamb\u00e9m \u00e9 vers\u00e1til e pode ser usada para outras aplica\u00e7\u00f5es al\u00e9m do aparafusamento, como o aperto de v\u00e1lvulas.<\/p>\n<ul>\n<li>Repetibilidade de +\/-4%<\/li>\n<li>Baixo n\u00edvel de ru\u00eddo de 76 dB(A)<\/li>\n<li>Sem impacto e baixa vibra\u00e7\u00e3o (menos de 0,5 m\/s\u00a0<sup>2<\/sup>\u00a0)<\/li>\n<li>F\u00e1cil acesso \u00e0 comuta\u00e7\u00e3o direta e reversa<\/li>\n<li>Gatilho de seguran\u00e7a superdimensionado<\/li>\n<li>Acabamento em tinta de alta visibilidade, resistente \u00e0 corros\u00e3o e de qualidade mar\u00edtima\u00a0<\/li>\n<li>Ponto de eleva\u00e7\u00e3o integral<\/li>\n<li>Acoplamentos de libera\u00e7\u00e3o r\u00e1pida<\/li>\n<li>Fornecido com certificados de calibra\u00e7\u00e3o individuais<br \/><\/li>\n<\/ul>\n\t\t\t\t<img decoding=\"async\" src=\"https:\/\/calltorque.com.br\/wp-content\/uploads\/2022\/01\/Christie-LogoWeb_190x88.png\" alt=\"Christie-LogoWeb_190x88\" itemprop=\"image\" title=\"Christie-LogoWeb_190x88\" onerror=\"this.style.display='none'\"  \/>\n\t<h2>\n\t\t\t\tA FLEXIBILIDADE DO HYSPAN PG\n\t\t\t<\/h2>\n\t\t\t<p>A flexibilidade do Hyspan PG permite que a ferramenta seja operada atrav\u00e9s de uma fonte de alimenta\u00e7\u00e3o ou de uma alimenta\u00e7\u00e3o hidr\u00e1ulica na hidr\u00e1ulica do ve\u00edculo da planta e nos Ve\u00edculos de Opera\u00e7\u00e3o Remota &#8211; ROVs.<\/p>\t\n<h4>\n\t\tMAIS INFORMA\u00c7\u00d5ES\n\t<\/h4>\n\t\t\t<a href=\"https:\/\/calltorque.com.br\/wp-content\/uploads\/2022\/01\/Catalogo-Hyspan-Pistol-Grip_Christie_Calltorque.pdf\" target=\"_blank\" role=\"button\" rel=\"noopener\">\n\t\t\t\t\t\tVER CAT\u00c1LOGO DA HYSPAN PISTOL GRIP\n\t\t\t\t\t<\/a>\n\t\t\t<a href=\"https:\/\/calltorque.com.br\/index.php\/produtos\/christie\/hyspan-ht-remoto\/\" target=\"_blank\" role=\"button\" rel=\"noopener\">\n\t\t\t\t\t\t\tCONHE\u00c7A A HYSPAN HT TORQUE HIDR\u00c1ULICO REMOTO\n\t\t\t\t\t<\/a>\n<h2>\n\t\tVoc\u00ea conhece nosso test drive?\n\t<\/h2>\n\t<p>Com a op\u00e7\u00e3o TEST DRIVE da <em><strong>Calltorque<\/strong><\/em>, \u00e9 poss\u00edvel ALUGAR FERRAMENTAS de ALTO DESEMPENHO para testar em opera\u00e7\u00f5es regulares ou eventuais de sua empresa em in\u00fameras situa\u00e7\u00f5es; Confirmar se as necessidades das aplica\u00e7\u00f5es ser\u00e3o plenamente atendidas; Poder sempre experimentar a tecnologia dos equipamentos, entre outros benef\u00edcios!<\/p>\n<p>SAIBA MAIS sobre nosso Test Drive:<\/p>\n\t\t\t<a href=\"#\" role=\"button\">\n\t\t\t\t\t\tEnvie uma mensagem que entraremos em contato\n\t\t\t\t\t<\/a>\n\t\t<div class=\"wpforms-container \" id=\"wpforms-17\"><form id=\"wpforms-form-17\" class=\"wpforms-validate wpforms-form\" data-formid=\"17\" method=\"post\" enctype=\"multipart\/form-data\" action=\"\/index.php\/wp-json\/wp\/v2\/pages\/2620\" data-token=\"bd00dc2e14afca663174b56d450bf8fd\" data-token-time=\"1777816144\"><noscript class=\"wpforms-error-noscript\">Ative o JavaScript no seu navegador para preencher este formul\u00e1rio.<\/noscript><div class=\"wpforms-field-container\"><div id=\"wpforms-17-field_0-container\" class=\"wpforms-field wpforms-field-name\" data-field-id=\"0\"><label class=\"wpforms-field-label wpforms-label-hide\" for=\"wpforms-17-field_0\">Nome <span class=\"wpforms-required-label\">*<\/span><\/label><input type=\"text\" id=\"wpforms-17-field_0\" class=\"wpforms-field-large wpforms-field-required\" name=\"wpforms[fields][0]\" placeholder=\"Seu nome completo*\" required><\/div><div id=\"wpforms-17-field_5-container\" class=\"wpforms-field wpforms-field-name\" data-field-id=\"5\"><label class=\"wpforms-field-label wpforms-label-hide\" for=\"wpforms-17-field_5\">Empresa <span class=\"wpforms-required-label\">*<\/span><\/label><input type=\"text\" id=\"wpforms-17-field_5\" class=\"wpforms-field-large wpforms-field-required\" name=\"wpforms[fields][5]\" placeholder=\"Qual \u00e9 sua empresa?*\" required><\/div><div id=\"wpforms-17-field_1-container\" class=\"wpforms-field wpforms-field-email\" data-field-id=\"1\"><label class=\"wpforms-field-label wpforms-label-hide\" for=\"wpforms-17-field_1\">Email <span class=\"wpforms-required-label\">*<\/span><\/label><div class=\"wpforms-field-row wpforms-field-large\"><div class=\"wpforms-field-row-block wpforms-one-half wpforms-first\"><input type=\"email\" id=\"wpforms-17-field_1\" class=\"wpforms-field-required wpforms-field-email-primary\" name=\"wpforms[fields][1][primary]\" placeholder=\"Seu e-mail*\" spellcheck=\"false\" required><label for=\"wpforms-17-field_1\" class=\"wpforms-field-sublabel after wpforms-sublabel-hide\">E-mail<\/label><\/div><div class=\"wpforms-field-row-block wpforms-one-half\"><input type=\"email\" id=\"wpforms-17-field_1-secondary\" class=\"wpforms-field-email-secondary wpforms-field-required\" data-rule-confirm=\"#wpforms-17-field_1\" name=\"wpforms[fields][1][secondary]\" placeholder=\"Confirme seu e-mail*\" spellcheck=\"false\" required><label for=\"wpforms-17-field_1-secondary\" class=\"wpforms-field-sublabel after wpforms-sublabel-hide\">Confirmar e-mail<\/label><\/div><\/div><\/div><div id=\"wpforms-17-field_4-container\" class=\"wpforms-field wpforms-field-number\" data-field-id=\"4\"><label class=\"wpforms-field-label wpforms-label-hide\" for=\"wpforms-17-field_4\">N\u00fameros <span class=\"wpforms-required-label\">*<\/span><\/label><input type=\"number\" id=\"wpforms-17-field_4\" class=\"wpforms-field-medium wpforms-field-required\" name=\"wpforms[fields][4]\" placeholder=\"Celular com c\u00f3digo de \u00e1rea*\" step=\"any\" required><\/div><div id=\"wpforms-17-field_6-container\" class=\"wpforms-field wpforms-field-number\" data-field-id=\"6\"><label class=\"wpforms-field-label wpforms-label-hide\" for=\"wpforms-17-field_6\">Telefone Comercial <span class=\"wpforms-required-label\">*<\/span><\/label><input type=\"number\" id=\"wpforms-17-field_6\" class=\"wpforms-field-medium wpforms-field-required\" name=\"wpforms[fields][6]\" placeholder=\"Telefone Comercial com c\u00f3digo de \u00e1rea*\" step=\"any\" required><\/div><div id=\"wpforms-17-field_7-container\" class=\"wpforms-field wpforms-field-select wpforms-field-select-style-modern\" data-field-id=\"7\"><label class=\"wpforms-field-label\" for=\"wpforms-17-field_7\">Sobre o que voc\u00ea gostaria de falar? <span class=\"wpforms-required-label\">*<\/span><\/label><select id=\"wpforms-17-field_7\" class=\"wpforms-field-large wpforms-field-required choicesjs-select\" data-size-class=\"wpforms-field-row wpforms-field-large\" data-search-enabled=\"\" name=\"wpforms[fields][7]\" required=\"required\"><option value=\"\" class=\"placeholder\" disabled  selected='selected'><\/option><option value=\"Atendimento Comercial\"  class=\"choice-1 depth-1\"  >Atendimento Comercial<\/option><option value=\"Mais informa\u00e7\u00f5es sobre o Test Drive\"  class=\"choice-2 depth-1\"  >Mais informa\u00e7\u00f5es sobre o Test Drive<\/option><option value=\"Administrativo\/Financeiro\"  class=\"choice-3 depth-1\"  >Administrativo\/Financeiro<\/option><option value=\"Representante Comercial na sua regi\u00e3o\"  class=\"choice-4 depth-1\"  >Representante Comercial na sua regi\u00e3o<\/option><option value=\"Outro assunto\"  class=\"choice-5 depth-1\"  >Outro assunto<\/option><\/select><\/div><div id=\"wpforms-17-field_2-container\" class=\"wpforms-field wpforms-field-textarea\" data-field-id=\"2\"><label class=\"wpforms-field-label wpforms-label-hide\" for=\"wpforms-17-field_2\">Sua mensagem <span class=\"wpforms-required-label\">*<\/span><\/label><textarea id=\"wpforms-17-field_2\" class=\"wpforms-field-medium wpforms-field-required\" name=\"wpforms[fields][2]\" placeholder=\"Escreva sua mensagem.                                                                                                                                                                                                        Se desejar, indique o melhor hor\u00e1rio para entrarmos em contato!\" required><\/textarea><div class=\"wpforms-field-description\">Este formul\u00e1rio coleta seu nome e e-mail para que possamos entrar em contato com voc\u00ea. Consulte nossa p\u00e1gina de Pol\u00edtica de Privacidade para entender completamente como protegemos e gerenciamos seus dados enviados.<\/div><\/div><\/div><!-- .wpforms-field-container --><div class=\"wpforms-field wpforms-field-hp\"><label for=\"wpforms-17-field-hp\" class=\"wpforms-field-label\">Website<\/label><input type=\"text\" name=\"wpforms[hp]\" id=\"wpforms-17-field-hp\" class=\"wpforms-field-medium\"><\/div><div class=\"wpforms-recaptcha-container wpforms-is-recaptcha wpforms-is-recaptcha-type-v3\" ><input type=\"hidden\" name=\"wpforms[recaptcha]\" value=\"\"><\/div><div class=\"wpforms-submit-container\" ><input type=\"hidden\" name=\"wpforms[id]\" value=\"17\"><input type=\"hidden\" name=\"page_title\" value=\"\"><input type=\"hidden\" name=\"page_url\" value=\"https:\/\/calltorque.com.br\/index.php\/wp-json\/wp\/v2\/pages\/2620\"><input type=\"hidden\" name=\"url_referer\" value=\"\"><button type=\"submit\" name=\"wpforms[submit]\" id=\"wpforms-submit-17\" class=\"wpforms-submit\" data-alt-text=\"Enviando . . .\" data-submit-text=\"ENVIAR\" aria-live=\"assertive\" value=\"wpforms-submit\">ENVIAR<\/button><\/div><\/form><\/div>  <!-- .wpforms-container -->\t\n\n","protected":false},"excerpt":{"rendered":"<p>FERRAMENTA HYSPAN PISTOL GRIP FERRAMENTA DE TORQUE HIDR\u00c1ULICO SUBAQU\u00c1TICA A Ferramenta de Torque Hidr\u00e1ulica Pistol Grip que \u00e9 at\u00e9\u00a026 vezes mais r\u00e1pida\u00a0do que as Ferramentas de Torque Hidr\u00e1ulica Estilo Ratchet. A ferramenta Hyspan Pistol Grip Torque Tool \u00e9 a ferramenta perfeita para aparafusamento dif\u00edcil e cr\u00edtico em todos os ambientes operacionais, incluindo aplica\u00e7\u00f5es submarinas e [&hellip;]<\/p>\n","protected":false},"author":1,"featured_media":0,"parent":1411,"menu_order":0,"comment_status":"closed","ping_status":"closed","template":"","meta":{"site-sidebar-layout":"default","site-content-layout":"page-builder","ast-site-content-layout":"default","site-content-style":"default","site-sidebar-style":"default","ast-global-header-display":"","ast-banner-title-visibility":"","ast-main-header-display":"","ast-hfb-above-header-display":"","ast-hfb-below-header-display":"","ast-hfb-mobile-header-display":"","site-post-title":"disabled","ast-breadcrumbs-content":"","ast-featured-img":"disabled","footer-sml-layout":"","ast-disable-related-posts":"","theme-transparent-header-meta":"enabled","adv-header-id-meta":"","stick-header-meta":"","header-above-stick-meta":"","header-main-stick-meta":"","header-below-stick-meta":"","astra-migrate-meta-layouts":"default","ast-page-background-enabled":"default","ast-page-background-meta":{"desktop":{"background-color":"","background-image":"","background-repeat":"repeat","background-position":"center center","background-size":"auto","background-attachment":"scroll","background-type":"","background-media":"","overlay-type":"","overlay-color":"","overlay-opacity":"","overlay-gradient":""},"tablet":{"background-color":"","background-image":"","background-repeat":"repeat","background-position":"center center","background-size":"auto","background-attachment":"scroll","background-type":"","background-media":"","overlay-type":"","overlay-color":"","overlay-opacity":"","overlay-gradient":""},"mobile":{"background-color":"","background-image":"","background-repeat":"repeat","background-position":"center center","background-size":"auto","background-attachment":"scroll","background-type":"","background-media":"","overlay-type":"","overlay-color":"","overlay-opacity":"","overlay-gradient":""}},"ast-content-background-meta":{"desktop":{"background-color":"var(--ast-global-color-5)","background-image":"","background-repeat":"repeat","background-position":"center center","background-size":"auto","background-attachment":"scroll","background-type":"","background-media":"","overlay-type":"","overlay-color":"","overlay-opacity":"","overlay-gradient":""},"tablet":{"background-color":"var(--ast-global-color-5)","background-image":"","background-repeat":"repeat","background-position":"center center","background-size":"auto","background-attachment":"scroll","background-type":"","background-media":"","overlay-type":"","overlay-color":"","overlay-opacity":"","overlay-gradient":""},"mobile":{"background-color":"var(--ast-global-color-5)","background-image":"","background-repeat":"repeat","background-position":"center center","background-size":"auto","background-attachment":"scroll","background-type":"","background-media":"","overlay-type":"","overlay-color":"","overlay-opacity":"","overlay-gradient":""}},"footnotes":""},"class_list":["post-2620","page","type-page","status-publish","hentry"],"yoast_head":"<!-- This site is optimized with the Yoast SEO plugin v27.5 - https:\/\/yoast.com\/product\/yoast-seo-wordpress\/ -->\n<title>Hyspan PISTOL GRIP - Calltorque Ferramentas Industriais<\/title>\n<meta name=\"robots\" content=\"index, follow, max-snippet:-1, max-image-preview:large, max-video-preview:-1\" \/>\n<link rel=\"canonical\" href=\"https:\/\/calltorque.com.br\/index.php\/produtos\/christie\/hyspan-pistol-grip\/\" \/>\n<meta property=\"og:locale\" content=\"pt_BR\" \/>\n<meta property=\"og:type\" content=\"article\" \/>\n<meta property=\"og:title\" content=\"Hyspan PISTOL GRIP - Calltorque Ferramentas Industriais\" \/>\n<meta property=\"og:description\" content=\"FERRAMENTA HYSPAN PISTOL GRIP FERRAMENTA DE TORQUE HIDR\u00c1ULICO SUBAQU\u00c1TICA A Ferramenta de Torque Hidr\u00e1ulica Pistol Grip que \u00e9 at\u00e9\u00a026 vezes mais r\u00e1pida\u00a0do que as Ferramentas de Torque Hidr\u00e1ulica Estilo Ratchet. A ferramenta Hyspan Pistol Grip Torque Tool \u00e9 a ferramenta perfeita para aparafusamento dif\u00edcil e cr\u00edtico em todos os ambientes operacionais, incluindo aplica\u00e7\u00f5es submarinas e [&hellip;]\" \/>\n<meta property=\"og:url\" content=\"https:\/\/calltorque.com.br\/index.php\/produtos\/christie\/hyspan-pistol-grip\/\" \/>\n<meta property=\"og:site_name\" content=\"Calltorque Ferramentas Industriais\" \/>\n<meta property=\"article:modified_time\" content=\"2022-02-23T13:54:38+00:00\" \/>\n<meta property=\"og:image\" content=\"https:\/\/calltorque.com.br\/wp-content\/uploads\/2022\/01\/Christie-LogoWeb_190x88.png\" \/>\n<meta name=\"twitter:card\" content=\"summary_large_image\" \/>\n<meta name=\"twitter:label1\" content=\"Est. tempo de leitura\" \/>\n\t<meta name=\"twitter:data1\" content=\"3 minutos\" \/>\n<script type=\"application\/ld+json\" class=\"yoast-schema-graph\">{\"@context\":\"https:\\\/\\\/schema.org\",\"@graph\":[{\"@type\":\"WebPage\",\"@id\":\"https:\\\/\\\/calltorque.com.br\\\/index.php\\\/produtos\\\/christie\\\/hyspan-pistol-grip\\\/\",\"url\":\"https:\\\/\\\/calltorque.com.br\\\/index.php\\\/produtos\\\/christie\\\/hyspan-pistol-grip\\\/\",\"name\":\"Hyspan PISTOL GRIP - Calltorque Ferramentas Industriais\",\"isPartOf\":{\"@id\":\"https:\\\/\\\/calltorque.com.br\\\/#website\"},\"primaryImageOfPage\":{\"@id\":\"https:\\\/\\\/calltorque.com.br\\\/index.php\\\/produtos\\\/christie\\\/hyspan-pistol-grip\\\/#primaryimage\"},\"image\":{\"@id\":\"https:\\\/\\\/calltorque.com.br\\\/index.php\\\/produtos\\\/christie\\\/hyspan-pistol-grip\\\/#primaryimage\"},\"thumbnailUrl\":\"https:\\\/\\\/calltorque.com.br\\\/wp-content\\\/uploads\\\/2022\\\/01\\\/Christie-LogoWeb_190x88.png\",\"datePublished\":\"2022-01-22T20:13:16+00:00\",\"dateModified\":\"2022-02-23T13:54:38+00:00\",\"breadcrumb\":{\"@id\":\"https:\\\/\\\/calltorque.com.br\\\/index.php\\\/produtos\\\/christie\\\/hyspan-pistol-grip\\\/#breadcrumb\"},\"inLanguage\":\"pt-BR\",\"potentialAction\":[{\"@type\":\"ReadAction\",\"target\":[\"https:\\\/\\\/calltorque.com.br\\\/index.php\\\/produtos\\\/christie\\\/hyspan-pistol-grip\\\/\"]}]},{\"@type\":\"ImageObject\",\"inLanguage\":\"pt-BR\",\"@id\":\"https:\\\/\\\/calltorque.com.br\\\/index.php\\\/produtos\\\/christie\\\/hyspan-pistol-grip\\\/#primaryimage\",\"url\":\"https:\\\/\\\/calltorque.com.br\\\/wp-content\\\/uploads\\\/2022\\\/01\\\/Christie-LogoWeb_190x88.png\",\"contentUrl\":\"https:\\\/\\\/calltorque.com.br\\\/wp-content\\\/uploads\\\/2022\\\/01\\\/Christie-LogoWeb_190x88.png\",\"width\":190,\"height\":88},{\"@type\":\"BreadcrumbList\",\"@id\":\"https:\\\/\\\/calltorque.com.br\\\/index.php\\\/produtos\\\/christie\\\/hyspan-pistol-grip\\\/#breadcrumb\",\"itemListElement\":[{\"@type\":\"ListItem\",\"position\":1,\"name\":\"Home\",\"item\":\"https:\\\/\\\/calltorque.com.br\\\/\"},{\"@type\":\"ListItem\",\"position\":2,\"name\":\"Produtos\",\"item\":\"https:\\\/\\\/calltorque.com.br\\\/index.php\\\/produtos\\\/\"},{\"@type\":\"ListItem\",\"position\":3,\"name\":\"CHRISTIE\",\"item\":\"https:\\\/\\\/calltorque.com.br\\\/index.php\\\/produtos\\\/christie\\\/\"},{\"@type\":\"ListItem\",\"position\":4,\"name\":\"Hyspan PISTOL GRIP\"}]},{\"@type\":\"WebSite\",\"@id\":\"https:\\\/\\\/calltorque.com.br\\\/#website\",\"url\":\"https:\\\/\\\/calltorque.com.br\\\/\",\"name\":\"Calltorque Ferramentas Industriais\",\"description\":\"Ferramentas Industriais 5.0\",\"publisher\":{\"@id\":\"https:\\\/\\\/calltorque.com.br\\\/#organization\"},\"potentialAction\":[{\"@type\":\"SearchAction\",\"target\":{\"@type\":\"EntryPoint\",\"urlTemplate\":\"https:\\\/\\\/calltorque.com.br\\\/?s={search_term_string}\"},\"query-input\":{\"@type\":\"PropertyValueSpecification\",\"valueRequired\":true,\"valueName\":\"search_term_string\"}}],\"inLanguage\":\"pt-BR\"},{\"@type\":\"Organization\",\"@id\":\"https:\\\/\\\/calltorque.com.br\\\/#organization\",\"name\":\"Calltorque Ferramentas Industriais\",\"url\":\"https:\\\/\\\/calltorque.com.br\\\/\",\"logo\":{\"@type\":\"ImageObject\",\"inLanguage\":\"pt-BR\",\"@id\":\"https:\\\/\\\/calltorque.com.br\\\/#\\\/schema\\\/logo\\\/image\\\/\",\"url\":\"https:\\\/\\\/calltorque.com.br\\\/wp-content\\\/uploads\\\/2021\\\/05\\\/Calltorque_logo1a.png\",\"contentUrl\":\"https:\\\/\\\/calltorque.com.br\\\/wp-content\\\/uploads\\\/2021\\\/05\\\/Calltorque_logo1a.png\",\"width\":400,\"height\":91,\"caption\":\"Calltorque Ferramentas Industriais\"},\"image\":{\"@id\":\"https:\\\/\\\/calltorque.com.br\\\/#\\\/schema\\\/logo\\\/image\\\/\"}}]}<\/script>\n<!-- \/ Yoast SEO plugin. -->","yoast_head_json":{"title":"Hyspan PISTOL GRIP - Calltorque Ferramentas Industriais","robots":{"index":"index","follow":"follow","max-snippet":"max-snippet:-1","max-image-preview":"max-image-preview:large","max-video-preview":"max-video-preview:-1"},"canonical":"https:\/\/calltorque.com.br\/index.php\/produtos\/christie\/hyspan-pistol-grip\/","og_locale":"pt_BR","og_type":"article","og_title":"Hyspan PISTOL GRIP - Calltorque Ferramentas Industriais","og_description":"FERRAMENTA HYSPAN PISTOL GRIP FERRAMENTA DE TORQUE HIDR\u00c1ULICO SUBAQU\u00c1TICA A Ferramenta de Torque Hidr\u00e1ulica Pistol Grip que \u00e9 at\u00e9\u00a026 vezes mais r\u00e1pida\u00a0do que as Ferramentas de Torque Hidr\u00e1ulica Estilo Ratchet. A ferramenta Hyspan Pistol Grip Torque Tool \u00e9 a ferramenta perfeita para aparafusamento dif\u00edcil e cr\u00edtico em todos os ambientes operacionais, incluindo aplica\u00e7\u00f5es submarinas e [&hellip;]","og_url":"https:\/\/calltorque.com.br\/index.php\/produtos\/christie\/hyspan-pistol-grip\/","og_site_name":"Calltorque Ferramentas Industriais","article_modified_time":"2022-02-23T13:54:38+00:00","og_image":[{"url":"https:\/\/calltorque.com.br\/wp-content\/uploads\/2022\/01\/Christie-LogoWeb_190x88.png","type":"","width":"","height":""}],"twitter_card":"summary_large_image","twitter_misc":{"Est. tempo de leitura":"3 minutos"},"schema":{"@context":"https:\/\/schema.org","@graph":[{"@type":"WebPage","@id":"https:\/\/calltorque.com.br\/index.php\/produtos\/christie\/hyspan-pistol-grip\/","url":"https:\/\/calltorque.com.br\/index.php\/produtos\/christie\/hyspan-pistol-grip\/","name":"Hyspan PISTOL GRIP - Calltorque Ferramentas Industriais","isPartOf":{"@id":"https:\/\/calltorque.com.br\/#website"},"primaryImageOfPage":{"@id":"https:\/\/calltorque.com.br\/index.php\/produtos\/christie\/hyspan-pistol-grip\/#primaryimage"},"image":{"@id":"https:\/\/calltorque.com.br\/index.php\/produtos\/christie\/hyspan-pistol-grip\/#primaryimage"},"thumbnailUrl":"https:\/\/calltorque.com.br\/wp-content\/uploads\/2022\/01\/Christie-LogoWeb_190x88.png","datePublished":"2022-01-22T20:13:16+00:00","dateModified":"2022-02-23T13:54:38+00:00","breadcrumb":{"@id":"https:\/\/calltorque.com.br\/index.php\/produtos\/christie\/hyspan-pistol-grip\/#breadcrumb"},"inLanguage":"pt-BR","potentialAction":[{"@type":"ReadAction","target":["https:\/\/calltorque.com.br\/index.php\/produtos\/christie\/hyspan-pistol-grip\/"]}]},{"@type":"ImageObject","inLanguage":"pt-BR","@id":"https:\/\/calltorque.com.br\/index.php\/produtos\/christie\/hyspan-pistol-grip\/#primaryimage","url":"https:\/\/calltorque.com.br\/wp-content\/uploads\/2022\/01\/Christie-LogoWeb_190x88.png","contentUrl":"https:\/\/calltorque.com.br\/wp-content\/uploads\/2022\/01\/Christie-LogoWeb_190x88.png","width":190,"height":88},{"@type":"BreadcrumbList","@id":"https:\/\/calltorque.com.br\/index.php\/produtos\/christie\/hyspan-pistol-grip\/#breadcrumb","itemListElement":[{"@type":"ListItem","position":1,"name":"Home","item":"https:\/\/calltorque.com.br\/"},{"@type":"ListItem","position":2,"name":"Produtos","item":"https:\/\/calltorque.com.br\/index.php\/produtos\/"},{"@type":"ListItem","position":3,"name":"CHRISTIE","item":"https:\/\/calltorque.com.br\/index.php\/produtos\/christie\/"},{"@type":"ListItem","position":4,"name":"Hyspan PISTOL GRIP"}]},{"@type":"WebSite","@id":"https:\/\/calltorque.com.br\/#website","url":"https:\/\/calltorque.com.br\/","name":"Calltorque Ferramentas Industriais","description":"Ferramentas Industriais 5.0","publisher":{"@id":"https:\/\/calltorque.com.br\/#organization"},"potentialAction":[{"@type":"SearchAction","target":{"@type":"EntryPoint","urlTemplate":"https:\/\/calltorque.com.br\/?s={search_term_string}"},"query-input":{"@type":"PropertyValueSpecification","valueRequired":true,"valueName":"search_term_string"}}],"inLanguage":"pt-BR"},{"@type":"Organization","@id":"https:\/\/calltorque.com.br\/#organization","name":"Calltorque Ferramentas Industriais","url":"https:\/\/calltorque.com.br\/","logo":{"@type":"ImageObject","inLanguage":"pt-BR","@id":"https:\/\/calltorque.com.br\/#\/schema\/logo\/image\/","url":"https:\/\/calltorque.com.br\/wp-content\/uploads\/2021\/05\/Calltorque_logo1a.png","contentUrl":"https:\/\/calltorque.com.br\/wp-content\/uploads\/2021\/05\/Calltorque_logo1a.png","width":400,"height":91,"caption":"Calltorque Ferramentas Industriais"},"image":{"@id":"https:\/\/calltorque.com.br\/#\/schema\/logo\/image\/"}}]}},"_links":{"self":[{"href":"https:\/\/calltorque.com.br\/index.php\/wp-json\/wp\/v2\/pages\/2620","targetHints":{"allow":["GET"]}}],"collection":[{"href":"https:\/\/calltorque.com.br\/index.php\/wp-json\/wp\/v2\/pages"}],"about":[{"href":"https:\/\/calltorque.com.br\/index.php\/wp-json\/wp\/v2\/types\/page"}],"author":[{"embeddable":true,"href":"https:\/\/calltorque.com.br\/index.php\/wp-json\/wp\/v2\/users\/1"}],"replies":[{"embeddable":true,"href":"https:\/\/calltorque.com.br\/index.php\/wp-json\/wp\/v2\/comments?post=2620"}],"version-history":[{"count":4,"href":"https:\/\/calltorque.com.br\/index.php\/wp-json\/wp\/v2\/pages\/2620\/revisions"}],"predecessor-version":[{"id":3014,"href":"https:\/\/calltorque.com.br\/index.php\/wp-json\/wp\/v2\/pages\/2620\/revisions\/3014"}],"up":[{"embeddable":true,"href":"https:\/\/calltorque.com.br\/index.php\/wp-json\/wp\/v2\/pages\/1411"}],"wp:attachment":[{"href":"https:\/\/calltorque.com.br\/index.php\/wp-json\/wp\/v2\/media?parent=2620"}],"curies":[{"name":"wp","href":"https:\/\/api.w.org\/{rel}","templated":true}]}}