{"id":3179,"date":"2023-07-05T10:07:45","date_gmt":"2023-07-05T13:07:45","guid":{"rendered":"https:\/\/calltorque.com.br\/?page_id=3179"},"modified":"2024-05-02T18:15:03","modified_gmt":"2024-05-02T21:15:03","slug":"mid-variacor","status":"publish","type":"page","link":"https:\/\/calltorque.com.br\/index.php\/produtos\/mid-variacor\/","title":{"rendered":"MID &#8211; DYNA VARIACOR"},"content":{"rendered":"\n\n\t\t\t\t<img loading=\"lazy\" decoding=\"async\" src=\"https:\/\/calltorque.com.br\/wp-content\/uploads\/2023\/07\/MID-transparente.png\" alt=\"MID transparente\" itemprop=\"image\" height=\"254\" width=\"1123\" title=\"MID transparente\" onerror=\"this.style.display='none'\"  \/>\n\t<p>A M.I.D., uma empresa francesa, apresenta um sistema altamente inovador chamado Variacor\u00ae.<\/p>\n\t\t\t<h2>SOBRE A MID<\/h2>\t\t\t\n\t\t\t\t<p>A M.I.D, uma empresa francesa, apresenta um sistema de conex\u00e3o altamente inovador chamado de Variacor\u00ae: esse produto, patenteado internacionalmente, tem um \u00e2ngulo operacional que pode variar de 90\u00b0 a 360\u00b0.<\/p>\n<p>A estrutura especial do conector Variacor\u00ae inclui outras propriedades interessantes: a se\u00e7\u00e3o transversal \u00e9 constante da entrada \u00e0 sa\u00edda, independentemente do \u00e2ngulo escolhido. As perdas de press\u00e3o s\u00e3o, portanto, limitadas, e o conector pode transportar fluidos, gases e outros materiais. mas tamb\u00e9m p\u00f3s, cabos el\u00e9tricos, etc.<\/p>\n<p>Desta forma, o sistema Variacor\u00aetorna todas as mangueiras flex\u00edveis e direcion\u00e1veis, independentemente da press\u00e3o;<\/p>\n<ul>\n<li>Reduz o recuo ao manusear e mover a mangueira.<\/li>\n<li>Aumenta a capacidade de manobra da mangueira: menos esfor\u00e7o, mais precis\u00e3o.<\/li>\n<li>Facilita o uso da lan\u00e7a em espa\u00e7os confinados, como apartamentos, por\u00f5es e t\u00faneis.<\/li>\n<\/ul>\n<p>Este sistema tamb\u00e9m garante que o tubo de alimenta\u00e7\u00e3o do esguicho de lavagem permane\u00e7a flex\u00edvel e direcional.<\/p>\n<ul>\n<li><strong>Economia:<\/strong> n\u00e3o h\u00e1 mais desgaste prematuro do tubo de alimenta\u00e7\u00e3o flex\u00edvel.<\/li>\n<li><strong>Facilidade de uso:<\/strong> menos estresse causado pela rigidez do tubo flex\u00edvel facilita a lavagem em locais de dif\u00edcil acesso.<\/li>\n<li><strong>Conforto:<\/strong> n\u00e3o h\u00e1 espiralamento do tubo flex\u00edvel que j\u00e1 est\u00e1 na posi\u00e7\u00e3o ideal.<\/li>\n<li><strong>Longa vida \u00fatil:<\/strong> Componentes mec\u00e2nicos em a\u00e7o inoxid\u00e1vel e corpo de alum\u00ednio adequados para processamento de alimentos.<\/li>\n<\/ul>\n\t\t\t<a href=\"https:\/\/calltorque.com.br\/wp-content\/uploads\/2023\/07\/MID-Variacor_e-folder_jul2023.pdf\" target=\"_blank\" rel=\"noopener\">\n\t\t\t\t\t\tVeja o folder digital da MID Variacor\n\t\t\t\t\t<\/a>\n\t\t\t\t<img loading=\"lazy\" decoding=\"async\" src=\"https:\/\/calltorque.com.br\/wp-content\/uploads\/2023\/07\/Dyna-Variacor_Calltorque_w.jpg\" alt=\"Dyna Variacor Pistola\" itemprop=\"image\" height=\"600\" width=\"600\" title=\"Dyna-Variacor_Calltorque_w\" onerror=\"this.style.display='none'\"  \/>\n\t<iframe loading=\"lazy\" width=\"560\" height=\"315\" src=\"https:\/\/www.youtube.com\/embed\/Ke7uLhOHLtg\" title=\"YouTube video player\" frameborder=\"0\" allow=\"accelerometer; autoplay; clipboard-write; encrypted-media; gyroscope; picture-in-picture; web-share\" allowfullscreen><\/iframe>\n\t<h2>\n\t\t\t\tCONHE\u00c7A AS SOLU\u00c7\u00d5ES M.I.D. S\u00c9RIE DYNA VARIACOR\n\t\t\t<\/h2>\n\t\t\t<p>Descubra a linha exclusiva de produtos da M.I.D. abaixo.<\/p>\t\n<h2>\n\t\tVoc\u00ea conhece nosso test drive?\n\t<\/h2>\n\t<p>Com a op\u00e7\u00e3o TEST DRIVE da <em><strong>Calltorque<\/strong><\/em>, \u00e9 poss\u00edvel ALUGAR FERRAMENTAS de ALTO DESEMPENHO para testar em opera\u00e7\u00f5es regulares ou eventuais de sua empresa em in\u00fameras situa\u00e7\u00f5es; Confirmar se as necessidades das aplica\u00e7\u00f5es ser\u00e3o plenamente atendidas; Poder sempre experimentar a tecnologia dos equipamentos, entre outros benef\u00edcios!<\/p>\n<p>SAIBA MAIS sobre nosso Test Drive:<\/p>\n\t\t\t<a href=\"https:\/\/locacao.calltorque.com.br\/\" target=\"_blank\" rel=\"noopener\">\n\t\t\t\t\t\tVer mais informa\u00e7\u00f5es sobre o Test Drive\n\t\t\t\t\t<\/a>\n\t\t\t<h3>junte-se \u00e0 n\u00f3s<\/h3>\t\t\t\n\t\t\t\t<p>Nossos clientes usufruem de um atendimento individualizado e, desta forma, criamos mais valor atrav\u00e9s da troca de experi\u00eancias, entendendo as necessidades e as aplica\u00e7\u00f5es, oferecendo suporte e orienta\u00e7\u00e3o profissional para apresentar solu\u00e7\u00f5es eficientes e inteligentes.<\/p>\n<p>Atendemos em todo o Brasil!<\/p>\n\t\t\t<a href=\"https:\/\/calltorque.com.br\/index.php\/contato\/\" target=\"_self\" role=\"button\" aria-label=\"Solicite o contato de um Representante mais pr\u00f3ximo de sua empresa\" rel=\"noopener\">\n\t\t\t\t\t\t\tSolicite o contato de um Representante mais pr\u00f3ximo de sua empresa\n\t\t<\/a>\n\n","protected":false},"excerpt":{"rendered":"<p>A M.I.D., uma empresa francesa, apresenta um sistema altamente inovador chamado Variacor\u00ae. SOBRE A MID A M.I.D, uma empresa francesa, apresenta um sistema de conex\u00e3o altamente inovador chamado de Variacor\u00ae: esse produto, patenteado internacionalmente, tem um \u00e2ngulo operacional que pode variar de 90\u00b0 a 360\u00b0. A estrutura especial do conector Variacor\u00ae inclui outras propriedades interessantes: [&hellip;]<\/p>\n","protected":false},"author":1,"featured_media":0,"parent":1127,"menu_order":0,"comment_status":"closed","ping_status":"closed","template":"","meta":{"site-sidebar-layout":"default","site-content-layout":"page-builder","ast-site-content-layout":"default","site-content-style":"default","site-sidebar-style":"default","ast-global-header-display":"","ast-banner-title-visibility":"","ast-main-header-display":"","ast-hfb-above-header-display":"","ast-hfb-below-header-display":"","ast-hfb-mobile-header-display":"","site-post-title":"disabled","ast-breadcrumbs-content":"","ast-featured-img":"disabled","footer-sml-layout":"","ast-disable-related-posts":"","theme-transparent-header-meta":"enabled","adv-header-id-meta":"","stick-header-meta":"","header-above-stick-meta":"","header-main-stick-meta":"","header-below-stick-meta":"","astra-migrate-meta-layouts":"default","ast-page-background-enabled":"default","ast-page-background-meta":{"desktop":{"background-color":"","background-image":"","background-repeat":"repeat","background-position":"center center","background-size":"auto","background-attachment":"scroll","background-type":"","background-media":"","overlay-type":"","overlay-color":"","overlay-opacity":"","overlay-gradient":""},"tablet":{"background-color":"","background-image":"","background-repeat":"repeat","background-position":"center center","background-size":"auto","background-attachment":"scroll","background-type":"","background-media":"","overlay-type":"","overlay-color":"","overlay-opacity":"","overlay-gradient":""},"mobile":{"background-color":"","background-image":"","background-repeat":"repeat","background-position":"center center","background-size":"auto","background-attachment":"scroll","background-type":"","background-media":"","overlay-type":"","overlay-color":"","overlay-opacity":"","overlay-gradient":""}},"ast-content-background-meta":{"desktop":{"background-color":"var(--ast-global-color-5)","background-image":"","background-repeat":"repeat","background-position":"center center","background-size":"auto","background-attachment":"scroll","background-type":"","background-media":"","overlay-type":"","overlay-color":"","overlay-opacity":"","overlay-gradient":""},"tablet":{"background-color":"var(--ast-global-color-5)","background-image":"","background-repeat":"repeat","background-position":"center center","background-size":"auto","background-attachment":"scroll","background-type":"","background-media":"","overlay-type":"","overlay-color":"","overlay-opacity":"","overlay-gradient":""},"mobile":{"background-color":"var(--ast-global-color-5)","background-image":"","background-repeat":"repeat","background-position":"center center","background-size":"auto","background-attachment":"scroll","background-type":"","background-media":"","overlay-type":"","overlay-color":"","overlay-opacity":"","overlay-gradient":""}},"footnotes":""},"class_list":["post-3179","page","type-page","status-publish","hentry"],"yoast_head":"<!-- This site is optimized with the Yoast SEO plugin v27.5 - https:\/\/yoast.com\/product\/yoast-seo-wordpress\/ -->\n<title>MID - DYNA VARIACOR - Calltorque Ferramentas Industriais<\/title>\n<meta name=\"robots\" content=\"index, follow, max-snippet:-1, max-image-preview:large, max-video-preview:-1\" \/>\n<link rel=\"canonical\" href=\"https:\/\/calltorque.com.br\/index.php\/produtos\/mid-variacor\/\" \/>\n<meta property=\"og:locale\" content=\"pt_BR\" \/>\n<meta property=\"og:type\" content=\"article\" \/>\n<meta property=\"og:title\" content=\"MID - DYNA VARIACOR - Calltorque Ferramentas Industriais\" \/>\n<meta property=\"og:description\" content=\"A M.I.D., uma empresa francesa, apresenta um sistema altamente inovador chamado Variacor\u00ae. SOBRE A MID A M.I.D, uma empresa francesa, apresenta um sistema de conex\u00e3o altamente inovador chamado de Variacor\u00ae: esse produto, patenteado internacionalmente, tem um \u00e2ngulo operacional que pode variar de 90\u00b0 a 360\u00b0. A estrutura especial do conector Variacor\u00ae inclui outras propriedades interessantes: [&hellip;]\" \/>\n<meta property=\"og:url\" content=\"https:\/\/calltorque.com.br\/index.php\/produtos\/mid-variacor\/\" \/>\n<meta property=\"og:site_name\" content=\"Calltorque Ferramentas Industriais\" \/>\n<meta property=\"article:modified_time\" content=\"2024-05-02T21:15:03+00:00\" \/>\n<meta property=\"og:image\" content=\"https:\/\/calltorque.com.br\/wp-content\/uploads\/2023\/07\/MID-transparente.png\" \/>\n<meta name=\"twitter:card\" content=\"summary_large_image\" \/>\n<meta name=\"twitter:label1\" content=\"Est. tempo de leitura\" \/>\n\t<meta name=\"twitter:data1\" content=\"3 minutos\" \/>\n<script type=\"application\/ld+json\" class=\"yoast-schema-graph\">{\"@context\":\"https:\\\/\\\/schema.org\",\"@graph\":[{\"@type\":\"WebPage\",\"@id\":\"https:\\\/\\\/calltorque.com.br\\\/index.php\\\/produtos\\\/mid-variacor\\\/\",\"url\":\"https:\\\/\\\/calltorque.com.br\\\/index.php\\\/produtos\\\/mid-variacor\\\/\",\"name\":\"MID - DYNA VARIACOR - Calltorque Ferramentas Industriais\",\"isPartOf\":{\"@id\":\"https:\\\/\\\/calltorque.com.br\\\/#website\"},\"primaryImageOfPage\":{\"@id\":\"https:\\\/\\\/calltorque.com.br\\\/index.php\\\/produtos\\\/mid-variacor\\\/#primaryimage\"},\"image\":{\"@id\":\"https:\\\/\\\/calltorque.com.br\\\/index.php\\\/produtos\\\/mid-variacor\\\/#primaryimage\"},\"thumbnailUrl\":\"https:\\\/\\\/calltorque.com.br\\\/wp-content\\\/uploads\\\/2023\\\/07\\\/MID-transparente.png\",\"datePublished\":\"2023-07-05T13:07:45+00:00\",\"dateModified\":\"2024-05-02T21:15:03+00:00\",\"breadcrumb\":{\"@id\":\"https:\\\/\\\/calltorque.com.br\\\/index.php\\\/produtos\\\/mid-variacor\\\/#breadcrumb\"},\"inLanguage\":\"pt-BR\",\"potentialAction\":[{\"@type\":\"ReadAction\",\"target\":[\"https:\\\/\\\/calltorque.com.br\\\/index.php\\\/produtos\\\/mid-variacor\\\/\"]}]},{\"@type\":\"ImageObject\",\"inLanguage\":\"pt-BR\",\"@id\":\"https:\\\/\\\/calltorque.com.br\\\/index.php\\\/produtos\\\/mid-variacor\\\/#primaryimage\",\"url\":\"https:\\\/\\\/calltorque.com.br\\\/wp-content\\\/uploads\\\/2023\\\/07\\\/MID-transparente.png\",\"contentUrl\":\"https:\\\/\\\/calltorque.com.br\\\/wp-content\\\/uploads\\\/2023\\\/07\\\/MID-transparente.png\",\"width\":1123,\"height\":254},{\"@type\":\"BreadcrumbList\",\"@id\":\"https:\\\/\\\/calltorque.com.br\\\/index.php\\\/produtos\\\/mid-variacor\\\/#breadcrumb\",\"itemListElement\":[{\"@type\":\"ListItem\",\"position\":1,\"name\":\"Home\",\"item\":\"https:\\\/\\\/calltorque.com.br\\\/\"},{\"@type\":\"ListItem\",\"position\":2,\"name\":\"Produtos\",\"item\":\"https:\\\/\\\/calltorque.com.br\\\/index.php\\\/produtos\\\/\"},{\"@type\":\"ListItem\",\"position\":3,\"name\":\"MID &#8211; DYNA VARIACOR\"}]},{\"@type\":\"WebSite\",\"@id\":\"https:\\\/\\\/calltorque.com.br\\\/#website\",\"url\":\"https:\\\/\\\/calltorque.com.br\\\/\",\"name\":\"Calltorque Ferramentas Industriais\",\"description\":\"Ferramentas Industriais 5.0\",\"publisher\":{\"@id\":\"https:\\\/\\\/calltorque.com.br\\\/#organization\"},\"potentialAction\":[{\"@type\":\"SearchAction\",\"target\":{\"@type\":\"EntryPoint\",\"urlTemplate\":\"https:\\\/\\\/calltorque.com.br\\\/?s={search_term_string}\"},\"query-input\":{\"@type\":\"PropertyValueSpecification\",\"valueRequired\":true,\"valueName\":\"search_term_string\"}}],\"inLanguage\":\"pt-BR\"},{\"@type\":\"Organization\",\"@id\":\"https:\\\/\\\/calltorque.com.br\\\/#organization\",\"name\":\"Calltorque Ferramentas Industriais\",\"url\":\"https:\\\/\\\/calltorque.com.br\\\/\",\"logo\":{\"@type\":\"ImageObject\",\"inLanguage\":\"pt-BR\",\"@id\":\"https:\\\/\\\/calltorque.com.br\\\/#\\\/schema\\\/logo\\\/image\\\/\",\"url\":\"https:\\\/\\\/calltorque.com.br\\\/wp-content\\\/uploads\\\/2021\\\/05\\\/Calltorque_logo1a.png\",\"contentUrl\":\"https:\\\/\\\/calltorque.com.br\\\/wp-content\\\/uploads\\\/2021\\\/05\\\/Calltorque_logo1a.png\",\"width\":400,\"height\":91,\"caption\":\"Calltorque Ferramentas Industriais\"},\"image\":{\"@id\":\"https:\\\/\\\/calltorque.com.br\\\/#\\\/schema\\\/logo\\\/image\\\/\"}}]}<\/script>\n<!-- \/ Yoast SEO plugin. -->","yoast_head_json":{"title":"MID - DYNA VARIACOR - Calltorque Ferramentas Industriais","robots":{"index":"index","follow":"follow","max-snippet":"max-snippet:-1","max-image-preview":"max-image-preview:large","max-video-preview":"max-video-preview:-1"},"canonical":"https:\/\/calltorque.com.br\/index.php\/produtos\/mid-variacor\/","og_locale":"pt_BR","og_type":"article","og_title":"MID - DYNA VARIACOR - Calltorque Ferramentas Industriais","og_description":"A M.I.D., uma empresa francesa, apresenta um sistema altamente inovador chamado Variacor\u00ae. SOBRE A MID A M.I.D, uma empresa francesa, apresenta um sistema de conex\u00e3o altamente inovador chamado de Variacor\u00ae: esse produto, patenteado internacionalmente, tem um \u00e2ngulo operacional que pode variar de 90\u00b0 a 360\u00b0. A estrutura especial do conector Variacor\u00ae inclui outras propriedades interessantes: [&hellip;]","og_url":"https:\/\/calltorque.com.br\/index.php\/produtos\/mid-variacor\/","og_site_name":"Calltorque Ferramentas Industriais","article_modified_time":"2024-05-02T21:15:03+00:00","og_image":[{"url":"https:\/\/calltorque.com.br\/wp-content\/uploads\/2023\/07\/MID-transparente.png","type":"","width":"","height":""}],"twitter_card":"summary_large_image","twitter_misc":{"Est. tempo de leitura":"3 minutos"},"schema":{"@context":"https:\/\/schema.org","@graph":[{"@type":"WebPage","@id":"https:\/\/calltorque.com.br\/index.php\/produtos\/mid-variacor\/","url":"https:\/\/calltorque.com.br\/index.php\/produtos\/mid-variacor\/","name":"MID - DYNA VARIACOR - Calltorque Ferramentas Industriais","isPartOf":{"@id":"https:\/\/calltorque.com.br\/#website"},"primaryImageOfPage":{"@id":"https:\/\/calltorque.com.br\/index.php\/produtos\/mid-variacor\/#primaryimage"},"image":{"@id":"https:\/\/calltorque.com.br\/index.php\/produtos\/mid-variacor\/#primaryimage"},"thumbnailUrl":"https:\/\/calltorque.com.br\/wp-content\/uploads\/2023\/07\/MID-transparente.png","datePublished":"2023-07-05T13:07:45+00:00","dateModified":"2024-05-02T21:15:03+00:00","breadcrumb":{"@id":"https:\/\/calltorque.com.br\/index.php\/produtos\/mid-variacor\/#breadcrumb"},"inLanguage":"pt-BR","potentialAction":[{"@type":"ReadAction","target":["https:\/\/calltorque.com.br\/index.php\/produtos\/mid-variacor\/"]}]},{"@type":"ImageObject","inLanguage":"pt-BR","@id":"https:\/\/calltorque.com.br\/index.php\/produtos\/mid-variacor\/#primaryimage","url":"https:\/\/calltorque.com.br\/wp-content\/uploads\/2023\/07\/MID-transparente.png","contentUrl":"https:\/\/calltorque.com.br\/wp-content\/uploads\/2023\/07\/MID-transparente.png","width":1123,"height":254},{"@type":"BreadcrumbList","@id":"https:\/\/calltorque.com.br\/index.php\/produtos\/mid-variacor\/#breadcrumb","itemListElement":[{"@type":"ListItem","position":1,"name":"Home","item":"https:\/\/calltorque.com.br\/"},{"@type":"ListItem","position":2,"name":"Produtos","item":"https:\/\/calltorque.com.br\/index.php\/produtos\/"},{"@type":"ListItem","position":3,"name":"MID &#8211; DYNA VARIACOR"}]},{"@type":"WebSite","@id":"https:\/\/calltorque.com.br\/#website","url":"https:\/\/calltorque.com.br\/","name":"Calltorque Ferramentas Industriais","description":"Ferramentas Industriais 5.0","publisher":{"@id":"https:\/\/calltorque.com.br\/#organization"},"potentialAction":[{"@type":"SearchAction","target":{"@type":"EntryPoint","urlTemplate":"https:\/\/calltorque.com.br\/?s={search_term_string}"},"query-input":{"@type":"PropertyValueSpecification","valueRequired":true,"valueName":"search_term_string"}}],"inLanguage":"pt-BR"},{"@type":"Organization","@id":"https:\/\/calltorque.com.br\/#organization","name":"Calltorque Ferramentas Industriais","url":"https:\/\/calltorque.com.br\/","logo":{"@type":"ImageObject","inLanguage":"pt-BR","@id":"https:\/\/calltorque.com.br\/#\/schema\/logo\/image\/","url":"https:\/\/calltorque.com.br\/wp-content\/uploads\/2021\/05\/Calltorque_logo1a.png","contentUrl":"https:\/\/calltorque.com.br\/wp-content\/uploads\/2021\/05\/Calltorque_logo1a.png","width":400,"height":91,"caption":"Calltorque Ferramentas Industriais"},"image":{"@id":"https:\/\/calltorque.com.br\/#\/schema\/logo\/image\/"}}]}},"_links":{"self":[{"href":"https:\/\/calltorque.com.br\/index.php\/wp-json\/wp\/v2\/pages\/3179","targetHints":{"allow":["GET"]}}],"collection":[{"href":"https:\/\/calltorque.com.br\/index.php\/wp-json\/wp\/v2\/pages"}],"about":[{"href":"https:\/\/calltorque.com.br\/index.php\/wp-json\/wp\/v2\/types\/page"}],"author":[{"embeddable":true,"href":"https:\/\/calltorque.com.br\/index.php\/wp-json\/wp\/v2\/users\/1"}],"replies":[{"embeddable":true,"href":"https:\/\/calltorque.com.br\/index.php\/wp-json\/wp\/v2\/comments?post=3179"}],"version-history":[{"count":13,"href":"https:\/\/calltorque.com.br\/index.php\/wp-json\/wp\/v2\/pages\/3179\/revisions"}],"predecessor-version":[{"id":3817,"href":"https:\/\/calltorque.com.br\/index.php\/wp-json\/wp\/v2\/pages\/3179\/revisions\/3817"}],"up":[{"embeddable":true,"href":"https:\/\/calltorque.com.br\/index.php\/wp-json\/wp\/v2\/pages\/1127"}],"wp:attachment":[{"href":"https:\/\/calltorque.com.br\/index.php\/wp-json\/wp\/v2\/media?parent=3179"}],"curies":[{"name":"wp","href":"https:\/\/api.w.org\/{rel}","templated":true}]}}