{"id":3438,"date":"2023-09-29T15:24:39","date_gmt":"2023-09-29T18:24:39","guid":{"rendered":"https:\/\/calltorque.com.br\/?page_id=3438"},"modified":"2025-01-04T12:52:27","modified_gmt":"2025-01-04T15:52:27","slug":"ferramentas-de-titanio","status":"publish","type":"page","link":"https:\/\/calltorque.com.br\/index.php\/produtos\/ferramentas-de-titanio\/","title":{"rendered":"FERRAMENTAS DE TIT\u00c2NIO"},"content":{"rendered":"\n\n\t\t\t<h5>FERRAMENTAS<\/h5><h2>TIT\u00c2NIO<\/h2>\n\t\t\t\t<p>As ferramentas <strong>EGA Master Titanium<\/strong> foram desenvolvidas com o aux\u00edlio da mais avan\u00e7ada tecnologia.<\/p>\n<p>Elas s\u00e3o fabricadas com a liga de tit\u00e2nio 6Al-4V, que tem sido usada nos campos mais inovadores e avan\u00e7ados, como avia\u00e7\u00e3o, aplica\u00e7\u00f5es militares e aeroespaciais. Suas propriedades fazem dessa liga a melhor entre as existentes atualmente para aplica\u00e7\u00f5es especiais e cr\u00edticas que exigem altas propriedades mec\u00e2nicas, combinadas com caracter\u00edsticas que nenhuma outra liga de a\u00e7o ferramenta pode alcan\u00e7ar, como o n\u00e3o magnetismo.<\/p>\n<p>Muitas aplica\u00e7\u00f5es exigem o uso de ferramentas totalmente n\u00e3o magn\u00e9ticas para evitar qualquer dist\u00farbio magn\u00e9tico, como dispositivos eletr\u00f4nicos muito sens\u00edveis usados em laborat\u00f3rios, hospitais, usinas de energia etc<\/p>\n\t\t\t<h4>INSTRU\u00c7\u00d5ES DE USO E GARANTIAS<\/h4>\t\t\t\n\t\t\t\t<p>As ferramentas de tit\u00e2nio n\u00e3o atingem a dureza das ferramentas convencionais, devido ao fato de que a composi\u00e7\u00e3o do material o impossibilita ser endurecido por indu\u00e7\u00e3o. Por esse motivo, o uso de ferramentas de tit\u00e2nio deve ser feito com com cuidado especial, evitando o esfor\u00e7o excessivo, aquecimento, etc.<\/p>\n<p>O uso de ferramentas de tit\u00e2nio n\u00e3o deve ser a \u00fanica medida preventiva nas \u00e1reas para as quais os itens foram projetados. Outros itens, roupas ou materiais presentes tamb\u00e9m devem ser adequados.<\/p>\n<p>As ferramentas de tit\u00e2nio EGA Master s\u00e3o fornecidas com garantia vital\u00edcia. Caso uma ferramenta EGA Master quebre ou deixe de funcionar sob condi\u00e7\u00f5es normais e corretas de uso, ela ser\u00e1 consertada ou substitu\u00edda sem custo. Qualquer uso indevido, abuso ou desgaste normal de servi\u00e7o \u00e9 considerado como uma exce\u00e7\u00e3o \u00e0 garantia.<\/p>\n\t\t\t\t<img loading=\"lazy\" decoding=\"async\" src=\"https:\/\/calltorque.com.br\/wp-content\/uploads\/2022\/02\/Ega-Master_logo_fundo_web-1.jpg\" alt=\"Ega-Master_logo_fundo_web\" itemprop=\"image\" height=\"109\" width=\"400\" title=\"Ega-Master_logo_fundo_web\" onerror=\"this.style.display='none'\"  \/>\n\t\t\t<h5>PROPRIEDADES \/ APLICA\u00c7\u00d5ES E BENEF\u00cdCIOS<\/h5>\t\t\t\n\t\t\t\t<p><strong>100% de seguran\u00e7a n\u00e3o magn\u00e9tica<\/strong><br \/>Essencial para equipamentos que exigem seguran\u00e7a n\u00e3o magn\u00e9tica completa, evitando dist\u00farbios magn\u00e9ticos.<\/p>\n<p><strong>\u00c0 prova de ferrugem (mais do que o a\u00e7o inoxid\u00e1vel)<\/strong><br \/>Especialmente adequado para aplica\u00e7\u00f5es em ambientes corrosivos, como os encontrados em obras mar\u00edtimas mar\u00edtimos ou em aplica\u00e7\u00f5es de combate a inc\u00eandios.<\/p>\n<p><strong>Extremamente resistente a \u00e1cidos<\/strong><br \/>Perfeito para o setor qu\u00edmico, ferramentas de longa dura\u00e7\u00e3o<\/p>\n<p><strong>Hipoalerg\u00eanico<\/strong><br \/>Tamb\u00e9m adequado para as alergias di\u00e1rias crescentes a materiais como o Ni, a alergia mais frequente, presente na maioria das ligas de a\u00e7o.<\/p>\n<p><strong>45% mais leve que o a\u00e7o<\/strong><br \/>Evita les\u00f5es modernas e frequentes causadas por movimentos de carga repetitiva, como tendinite ou bursite<\/p>\n<h4>\n\t\tMAIS INFORMA\u00c7\u00d5ES\n\t<\/h4>\n\t\t\t<a href=\"https:\/\/calltorque.com.br\/wp-content\/uploads\/2023\/09\/Catalogo-Ferramentas-Anti-Magnetico-Titanio_Ega-Master.pdf\" target=\"_blank\" rel=\"noopener\">\n\t\t\t\t\t\tVER CAT\u00c1LOGO T\u00c9CNICO DE FERRAMENTAS DE TIT\u00c2NIO\n\t\t\t\t\t<\/a>\n\t\t\t<a href=\"https:\/\/calltorque.com.br\/index.php\/produtos\/ega-master\/seguranca-intrinseca\/\" target=\"_blank\" rel=\"noopener\">\n\t\t\t\t\t\t\tCONHE\u00c7A AS FERRAMENTAS DE SEGURAN\u00c7A INTR\u00cdNSECA\n\t\t\t\t\t<\/a>\n<h2>\n\t\tVoc\u00ea conhece nosso test drive?\n\t<\/h2>\n\t<p>Com a op\u00e7\u00e3o TEST DRIVE da <em><strong>Calltorque<\/strong><\/em>, \u00e9 poss\u00edvel ALUGAR FERRAMENTAS de ALTO DESEMPENHO para testar em opera\u00e7\u00f5es regulares ou eventuais de sua empresa em in\u00fameras situa\u00e7\u00f5es; Confirmar se as necessidades das aplica\u00e7\u00f5es ser\u00e3o plenamente atendidas; Poder sempre experimentar a tecnologia dos equipamentos, entre outros benef\u00edcios!<\/p>\n<p>SAIBA MAIS sobre nosso Test Drive:<\/p>\n\t\t\t<a href=\"#\" role=\"button\">\n\t\t\t\t\t\tEnvie uma mensagem que entraremos em contato\n\t\t\t\t\t<\/a>\n\t\t<div class=\"wpforms-container \" id=\"wpforms-17\"><form id=\"wpforms-form-17\" class=\"wpforms-validate wpforms-form\" data-formid=\"17\" method=\"post\" enctype=\"multipart\/form-data\" action=\"\/index.php\/wp-json\/wp\/v2\/pages\/3438\" data-token=\"bd00dc2e14afca663174b56d450bf8fd\" data-token-time=\"1777816060\"><noscript class=\"wpforms-error-noscript\">Ative o JavaScript no seu navegador para preencher este formul\u00e1rio.<\/noscript><div class=\"wpforms-field-container\"><div id=\"wpforms-17-field_0-container\" class=\"wpforms-field wpforms-field-name\" data-field-id=\"0\"><label class=\"wpforms-field-label wpforms-label-hide\" for=\"wpforms-17-field_0\">Nome <span class=\"wpforms-required-label\">*<\/span><\/label><input type=\"text\" id=\"wpforms-17-field_0\" class=\"wpforms-field-large wpforms-field-required\" name=\"wpforms[fields][0]\" placeholder=\"Seu nome completo*\" required><\/div><div id=\"wpforms-17-field_5-container\" class=\"wpforms-field wpforms-field-name\" data-field-id=\"5\"><label class=\"wpforms-field-label wpforms-label-hide\" for=\"wpforms-17-field_5\">Empresa <span class=\"wpforms-required-label\">*<\/span><\/label><input type=\"text\" id=\"wpforms-17-field_5\" class=\"wpforms-field-large wpforms-field-required\" name=\"wpforms[fields][5]\" placeholder=\"Qual \u00e9 sua empresa?*\" required><\/div><div id=\"wpforms-17-field_1-container\" class=\"wpforms-field wpforms-field-email\" data-field-id=\"1\"><label class=\"wpforms-field-label wpforms-label-hide\" for=\"wpforms-17-field_1\">Email <span class=\"wpforms-required-label\">*<\/span><\/label><div class=\"wpforms-field-row wpforms-field-large\"><div class=\"wpforms-field-row-block wpforms-one-half wpforms-first\"><input type=\"email\" id=\"wpforms-17-field_1\" class=\"wpforms-field-required wpforms-field-email-primary\" name=\"wpforms[fields][1][primary]\" placeholder=\"Seu e-mail*\" spellcheck=\"false\" required><label for=\"wpforms-17-field_1\" class=\"wpforms-field-sublabel after wpforms-sublabel-hide\">E-mail<\/label><\/div><div class=\"wpforms-field-row-block wpforms-one-half\"><input type=\"email\" id=\"wpforms-17-field_1-secondary\" class=\"wpforms-field-email-secondary wpforms-field-required\" data-rule-confirm=\"#wpforms-17-field_1\" name=\"wpforms[fields][1][secondary]\" placeholder=\"Confirme seu e-mail*\" spellcheck=\"false\" required><label for=\"wpforms-17-field_1-secondary\" class=\"wpforms-field-sublabel after wpforms-sublabel-hide\">Confirmar e-mail<\/label><\/div><\/div><\/div><div id=\"wpforms-17-field_4-container\" class=\"wpforms-field wpforms-field-number\" data-field-id=\"4\"><label class=\"wpforms-field-label wpforms-label-hide\" for=\"wpforms-17-field_4\">N\u00fameros <span class=\"wpforms-required-label\">*<\/span><\/label><input type=\"number\" id=\"wpforms-17-field_4\" class=\"wpforms-field-medium wpforms-field-required\" name=\"wpforms[fields][4]\" placeholder=\"Celular com c\u00f3digo de \u00e1rea*\" step=\"any\" required><\/div><div id=\"wpforms-17-field_6-container\" class=\"wpforms-field wpforms-field-number\" data-field-id=\"6\"><label class=\"wpforms-field-label wpforms-label-hide\" for=\"wpforms-17-field_6\">Telefone Comercial <span class=\"wpforms-required-label\">*<\/span><\/label><input type=\"number\" id=\"wpforms-17-field_6\" class=\"wpforms-field-medium wpforms-field-required\" name=\"wpforms[fields][6]\" placeholder=\"Telefone Comercial com c\u00f3digo de \u00e1rea*\" step=\"any\" required><\/div><div id=\"wpforms-17-field_7-container\" class=\"wpforms-field wpforms-field-select wpforms-field-select-style-modern\" data-field-id=\"7\"><label class=\"wpforms-field-label\" for=\"wpforms-17-field_7\">Sobre o que voc\u00ea gostaria de falar? <span class=\"wpforms-required-label\">*<\/span><\/label><select id=\"wpforms-17-field_7\" class=\"wpforms-field-large wpforms-field-required choicesjs-select\" data-size-class=\"wpforms-field-row wpforms-field-large\" data-search-enabled=\"\" name=\"wpforms[fields][7]\" required=\"required\"><option value=\"\" class=\"placeholder\" disabled  selected='selected'><\/option><option value=\"Atendimento Comercial\"  class=\"choice-1 depth-1\"  >Atendimento Comercial<\/option><option value=\"Mais informa\u00e7\u00f5es sobre o Test Drive\"  class=\"choice-2 depth-1\"  >Mais informa\u00e7\u00f5es sobre o Test Drive<\/option><option value=\"Administrativo\/Financeiro\"  class=\"choice-3 depth-1\"  >Administrativo\/Financeiro<\/option><option value=\"Representante Comercial na sua regi\u00e3o\"  class=\"choice-4 depth-1\"  >Representante Comercial na sua regi\u00e3o<\/option><option value=\"Outro assunto\"  class=\"choice-5 depth-1\"  >Outro assunto<\/option><\/select><\/div><div id=\"wpforms-17-field_2-container\" class=\"wpforms-field wpforms-field-textarea\" data-field-id=\"2\"><label class=\"wpforms-field-label wpforms-label-hide\" for=\"wpforms-17-field_2\">Sua mensagem <span class=\"wpforms-required-label\">*<\/span><\/label><textarea id=\"wpforms-17-field_2\" class=\"wpforms-field-medium wpforms-field-required\" name=\"wpforms[fields][2]\" placeholder=\"Escreva sua mensagem.                                                                                                                                                                                                        Se desejar, indique o melhor hor\u00e1rio para entrarmos em contato!\" required><\/textarea><div class=\"wpforms-field-description\">Este formul\u00e1rio coleta seu nome e e-mail para que possamos entrar em contato com voc\u00ea. Consulte nossa p\u00e1gina de Pol\u00edtica de Privacidade para entender completamente como protegemos e gerenciamos seus dados enviados.<\/div><\/div><\/div><!-- .wpforms-field-container --><div class=\"wpforms-field wpforms-field-hp\"><label for=\"wpforms-17-field-hp\" class=\"wpforms-field-label\">Comment<\/label><input type=\"text\" name=\"wpforms[hp]\" id=\"wpforms-17-field-hp\" class=\"wpforms-field-medium\"><\/div><div class=\"wpforms-recaptcha-container wpforms-is-recaptcha wpforms-is-recaptcha-type-v3\" ><input type=\"hidden\" name=\"wpforms[recaptcha]\" value=\"\"><\/div><div class=\"wpforms-submit-container\" ><input type=\"hidden\" name=\"wpforms[id]\" value=\"17\"><input type=\"hidden\" name=\"page_title\" value=\"\"><input type=\"hidden\" name=\"page_url\" value=\"https:\/\/calltorque.com.br\/index.php\/wp-json\/wp\/v2\/pages\/3438\"><input type=\"hidden\" name=\"url_referer\" value=\"\"><button type=\"submit\" name=\"wpforms[submit]\" id=\"wpforms-submit-17\" class=\"wpforms-submit\" data-alt-text=\"Enviando . . .\" data-submit-text=\"ENVIAR\" aria-live=\"assertive\" value=\"wpforms-submit\">ENVIAR<\/button><\/div><\/form><\/div>  <!-- .wpforms-container -->\t\n\n","protected":false},"excerpt":{"rendered":"<p>FERRAMENTAS TIT\u00c2NIO As ferramentas EGA Master Titanium foram desenvolvidas com o aux\u00edlio da mais avan\u00e7ada tecnologia. Elas s\u00e3o fabricadas com a liga de tit\u00e2nio 6Al-4V, que tem sido usada nos campos mais inovadores e avan\u00e7ados, como avia\u00e7\u00e3o, aplica\u00e7\u00f5es militares e aeroespaciais. Suas propriedades fazem dessa liga a melhor entre as existentes atualmente para aplica\u00e7\u00f5es especiais [&hellip;]<\/p>\n","protected":false},"author":2,"featured_media":0,"parent":1127,"menu_order":0,"comment_status":"closed","ping_status":"closed","template":"","meta":{"site-sidebar-layout":"default","site-content-layout":"page-builder","ast-site-content-layout":"default","site-content-style":"default","site-sidebar-style":"default","ast-global-header-display":"","ast-banner-title-visibility":"","ast-main-header-display":"","ast-hfb-above-header-display":"","ast-hfb-below-header-display":"","ast-hfb-mobile-header-display":"","site-post-title":"disabled","ast-breadcrumbs-content":"","ast-featured-img":"disabled","footer-sml-layout":"","ast-disable-related-posts":"","theme-transparent-header-meta":"enabled","adv-header-id-meta":"","stick-header-meta":"","header-above-stick-meta":"","header-main-stick-meta":"","header-below-stick-meta":"","astra-migrate-meta-layouts":"default","ast-page-background-enabled":"default","ast-page-background-meta":{"desktop":{"background-color":"","background-image":"","background-repeat":"repeat","background-position":"center center","background-size":"auto","background-attachment":"scroll","background-type":"","background-media":"","overlay-type":"","overlay-color":"","overlay-opacity":"","overlay-gradient":""},"tablet":{"background-color":"","background-image":"","background-repeat":"repeat","background-position":"center center","background-size":"auto","background-attachment":"scroll","background-type":"","background-media":"","overlay-type":"","overlay-color":"","overlay-opacity":"","overlay-gradient":""},"mobile":{"background-color":"","background-image":"","background-repeat":"repeat","background-position":"center center","background-size":"auto","background-attachment":"scroll","background-type":"","background-media":"","overlay-type":"","overlay-color":"","overlay-opacity":"","overlay-gradient":""}},"ast-content-background-meta":{"desktop":{"background-color":"var(--ast-global-color-5)","background-image":"","background-repeat":"repeat","background-position":"center center","background-size":"auto","background-attachment":"scroll","background-type":"","background-media":"","overlay-type":"","overlay-color":"","overlay-opacity":"","overlay-gradient":""},"tablet":{"background-color":"var(--ast-global-color-5)","background-image":"","background-repeat":"repeat","background-position":"center center","background-size":"auto","background-attachment":"scroll","background-type":"","background-media":"","overlay-type":"","overlay-color":"","overlay-opacity":"","overlay-gradient":""},"mobile":{"background-color":"var(--ast-global-color-5)","background-image":"","background-repeat":"repeat","background-position":"center center","background-size":"auto","background-attachment":"scroll","background-type":"","background-media":"","overlay-type":"","overlay-color":"","overlay-opacity":"","overlay-gradient":""}},"footnotes":""},"class_list":["post-3438","page","type-page","status-publish","hentry"],"yoast_head":"<!-- This site is optimized with the Yoast SEO plugin v27.5 - https:\/\/yoast.com\/product\/yoast-seo-wordpress\/ -->\n<title>FERRAMENTAS DE TIT\u00c2NIO - Calltorque Ferramentas Industriais<\/title>\n<meta name=\"robots\" content=\"index, follow, max-snippet:-1, max-image-preview:large, max-video-preview:-1\" \/>\n<link rel=\"canonical\" href=\"https:\/\/calltorque.com.br\/index.php\/produtos\/ferramentas-de-titanio\/\" \/>\n<meta property=\"og:locale\" content=\"pt_BR\" \/>\n<meta property=\"og:type\" content=\"article\" \/>\n<meta property=\"og:title\" content=\"FERRAMENTAS DE TIT\u00c2NIO - Calltorque Ferramentas Industriais\" \/>\n<meta property=\"og:description\" content=\"FERRAMENTAS TIT\u00c2NIO As ferramentas EGA Master Titanium foram desenvolvidas com o aux\u00edlio da mais avan\u00e7ada tecnologia. Elas s\u00e3o fabricadas com a liga de tit\u00e2nio 6Al-4V, que tem sido usada nos campos mais inovadores e avan\u00e7ados, como avia\u00e7\u00e3o, aplica\u00e7\u00f5es militares e aeroespaciais. Suas propriedades fazem dessa liga a melhor entre as existentes atualmente para aplica\u00e7\u00f5es especiais [&hellip;]\" \/>\n<meta property=\"og:url\" content=\"https:\/\/calltorque.com.br\/index.php\/produtos\/ferramentas-de-titanio\/\" \/>\n<meta property=\"og:site_name\" content=\"Calltorque Ferramentas Industriais\" \/>\n<meta property=\"article:modified_time\" content=\"2025-01-04T15:52:27+00:00\" \/>\n<meta property=\"og:image\" content=\"https:\/\/calltorque.com.br\/wp-content\/uploads\/2022\/02\/Ega-Master_logo_fundo_web-1.jpg\" \/>\n<meta name=\"twitter:card\" content=\"summary_large_image\" \/>\n<meta name=\"twitter:label1\" content=\"Est. tempo de leitura\" \/>\n\t<meta name=\"twitter:data1\" content=\"3 minutos\" \/>\n<script type=\"application\/ld+json\" class=\"yoast-schema-graph\">{\"@context\":\"https:\\\/\\\/schema.org\",\"@graph\":[{\"@type\":\"WebPage\",\"@id\":\"https:\\\/\\\/calltorque.com.br\\\/index.php\\\/produtos\\\/ferramentas-de-titanio\\\/\",\"url\":\"https:\\\/\\\/calltorque.com.br\\\/index.php\\\/produtos\\\/ferramentas-de-titanio\\\/\",\"name\":\"FERRAMENTAS DE TIT\u00c2NIO - Calltorque Ferramentas Industriais\",\"isPartOf\":{\"@id\":\"https:\\\/\\\/calltorque.com.br\\\/#website\"},\"primaryImageOfPage\":{\"@id\":\"https:\\\/\\\/calltorque.com.br\\\/index.php\\\/produtos\\\/ferramentas-de-titanio\\\/#primaryimage\"},\"image\":{\"@id\":\"https:\\\/\\\/calltorque.com.br\\\/index.php\\\/produtos\\\/ferramentas-de-titanio\\\/#primaryimage\"},\"thumbnailUrl\":\"https:\\\/\\\/calltorque.com.br\\\/wp-content\\\/uploads\\\/2022\\\/02\\\/Ega-Master_logo_fundo_web-1.jpg\",\"datePublished\":\"2023-09-29T18:24:39+00:00\",\"dateModified\":\"2025-01-04T15:52:27+00:00\",\"breadcrumb\":{\"@id\":\"https:\\\/\\\/calltorque.com.br\\\/index.php\\\/produtos\\\/ferramentas-de-titanio\\\/#breadcrumb\"},\"inLanguage\":\"pt-BR\",\"potentialAction\":[{\"@type\":\"ReadAction\",\"target\":[\"https:\\\/\\\/calltorque.com.br\\\/index.php\\\/produtos\\\/ferramentas-de-titanio\\\/\"]}]},{\"@type\":\"ImageObject\",\"inLanguage\":\"pt-BR\",\"@id\":\"https:\\\/\\\/calltorque.com.br\\\/index.php\\\/produtos\\\/ferramentas-de-titanio\\\/#primaryimage\",\"url\":\"https:\\\/\\\/calltorque.com.br\\\/wp-content\\\/uploads\\\/2022\\\/02\\\/Ega-Master_logo_fundo_web-1.jpg\",\"contentUrl\":\"https:\\\/\\\/calltorque.com.br\\\/wp-content\\\/uploads\\\/2022\\\/02\\\/Ega-Master_logo_fundo_web-1.jpg\",\"width\":400,\"height\":109},{\"@type\":\"BreadcrumbList\",\"@id\":\"https:\\\/\\\/calltorque.com.br\\\/index.php\\\/produtos\\\/ferramentas-de-titanio\\\/#breadcrumb\",\"itemListElement\":[{\"@type\":\"ListItem\",\"position\":1,\"name\":\"Home\",\"item\":\"https:\\\/\\\/calltorque.com.br\\\/\"},{\"@type\":\"ListItem\",\"position\":2,\"name\":\"Produtos\",\"item\":\"https:\\\/\\\/calltorque.com.br\\\/index.php\\\/produtos\\\/\"},{\"@type\":\"ListItem\",\"position\":3,\"name\":\"FERRAMENTAS DE TIT\u00c2NIO\"}]},{\"@type\":\"WebSite\",\"@id\":\"https:\\\/\\\/calltorque.com.br\\\/#website\",\"url\":\"https:\\\/\\\/calltorque.com.br\\\/\",\"name\":\"Calltorque Ferramentas Industriais\",\"description\":\"Ferramentas Industriais 5.0\",\"publisher\":{\"@id\":\"https:\\\/\\\/calltorque.com.br\\\/#organization\"},\"potentialAction\":[{\"@type\":\"SearchAction\",\"target\":{\"@type\":\"EntryPoint\",\"urlTemplate\":\"https:\\\/\\\/calltorque.com.br\\\/?s={search_term_string}\"},\"query-input\":{\"@type\":\"PropertyValueSpecification\",\"valueRequired\":true,\"valueName\":\"search_term_string\"}}],\"inLanguage\":\"pt-BR\"},{\"@type\":\"Organization\",\"@id\":\"https:\\\/\\\/calltorque.com.br\\\/#organization\",\"name\":\"Calltorque Ferramentas Industriais\",\"url\":\"https:\\\/\\\/calltorque.com.br\\\/\",\"logo\":{\"@type\":\"ImageObject\",\"inLanguage\":\"pt-BR\",\"@id\":\"https:\\\/\\\/calltorque.com.br\\\/#\\\/schema\\\/logo\\\/image\\\/\",\"url\":\"https:\\\/\\\/calltorque.com.br\\\/wp-content\\\/uploads\\\/2021\\\/05\\\/Calltorque_logo1a.png\",\"contentUrl\":\"https:\\\/\\\/calltorque.com.br\\\/wp-content\\\/uploads\\\/2021\\\/05\\\/Calltorque_logo1a.png\",\"width\":400,\"height\":91,\"caption\":\"Calltorque Ferramentas Industriais\"},\"image\":{\"@id\":\"https:\\\/\\\/calltorque.com.br\\\/#\\\/schema\\\/logo\\\/image\\\/\"}}]}<\/script>\n<!-- \/ Yoast SEO plugin. -->","yoast_head_json":{"title":"FERRAMENTAS DE TIT\u00c2NIO - Calltorque Ferramentas Industriais","robots":{"index":"index","follow":"follow","max-snippet":"max-snippet:-1","max-image-preview":"max-image-preview:large","max-video-preview":"max-video-preview:-1"},"canonical":"https:\/\/calltorque.com.br\/index.php\/produtos\/ferramentas-de-titanio\/","og_locale":"pt_BR","og_type":"article","og_title":"FERRAMENTAS DE TIT\u00c2NIO - Calltorque Ferramentas Industriais","og_description":"FERRAMENTAS TIT\u00c2NIO As ferramentas EGA Master Titanium foram desenvolvidas com o aux\u00edlio da mais avan\u00e7ada tecnologia. Elas s\u00e3o fabricadas com a liga de tit\u00e2nio 6Al-4V, que tem sido usada nos campos mais inovadores e avan\u00e7ados, como avia\u00e7\u00e3o, aplica\u00e7\u00f5es militares e aeroespaciais. Suas propriedades fazem dessa liga a melhor entre as existentes atualmente para aplica\u00e7\u00f5es especiais [&hellip;]","og_url":"https:\/\/calltorque.com.br\/index.php\/produtos\/ferramentas-de-titanio\/","og_site_name":"Calltorque Ferramentas Industriais","article_modified_time":"2025-01-04T15:52:27+00:00","og_image":[{"url":"https:\/\/calltorque.com.br\/wp-content\/uploads\/2022\/02\/Ega-Master_logo_fundo_web-1.jpg","type":"","width":"","height":""}],"twitter_card":"summary_large_image","twitter_misc":{"Est. tempo de leitura":"3 minutos"},"schema":{"@context":"https:\/\/schema.org","@graph":[{"@type":"WebPage","@id":"https:\/\/calltorque.com.br\/index.php\/produtos\/ferramentas-de-titanio\/","url":"https:\/\/calltorque.com.br\/index.php\/produtos\/ferramentas-de-titanio\/","name":"FERRAMENTAS DE TIT\u00c2NIO - Calltorque Ferramentas Industriais","isPartOf":{"@id":"https:\/\/calltorque.com.br\/#website"},"primaryImageOfPage":{"@id":"https:\/\/calltorque.com.br\/index.php\/produtos\/ferramentas-de-titanio\/#primaryimage"},"image":{"@id":"https:\/\/calltorque.com.br\/index.php\/produtos\/ferramentas-de-titanio\/#primaryimage"},"thumbnailUrl":"https:\/\/calltorque.com.br\/wp-content\/uploads\/2022\/02\/Ega-Master_logo_fundo_web-1.jpg","datePublished":"2023-09-29T18:24:39+00:00","dateModified":"2025-01-04T15:52:27+00:00","breadcrumb":{"@id":"https:\/\/calltorque.com.br\/index.php\/produtos\/ferramentas-de-titanio\/#breadcrumb"},"inLanguage":"pt-BR","potentialAction":[{"@type":"ReadAction","target":["https:\/\/calltorque.com.br\/index.php\/produtos\/ferramentas-de-titanio\/"]}]},{"@type":"ImageObject","inLanguage":"pt-BR","@id":"https:\/\/calltorque.com.br\/index.php\/produtos\/ferramentas-de-titanio\/#primaryimage","url":"https:\/\/calltorque.com.br\/wp-content\/uploads\/2022\/02\/Ega-Master_logo_fundo_web-1.jpg","contentUrl":"https:\/\/calltorque.com.br\/wp-content\/uploads\/2022\/02\/Ega-Master_logo_fundo_web-1.jpg","width":400,"height":109},{"@type":"BreadcrumbList","@id":"https:\/\/calltorque.com.br\/index.php\/produtos\/ferramentas-de-titanio\/#breadcrumb","itemListElement":[{"@type":"ListItem","position":1,"name":"Home","item":"https:\/\/calltorque.com.br\/"},{"@type":"ListItem","position":2,"name":"Produtos","item":"https:\/\/calltorque.com.br\/index.php\/produtos\/"},{"@type":"ListItem","position":3,"name":"FERRAMENTAS DE TIT\u00c2NIO"}]},{"@type":"WebSite","@id":"https:\/\/calltorque.com.br\/#website","url":"https:\/\/calltorque.com.br\/","name":"Calltorque Ferramentas Industriais","description":"Ferramentas Industriais 5.0","publisher":{"@id":"https:\/\/calltorque.com.br\/#organization"},"potentialAction":[{"@type":"SearchAction","target":{"@type":"EntryPoint","urlTemplate":"https:\/\/calltorque.com.br\/?s={search_term_string}"},"query-input":{"@type":"PropertyValueSpecification","valueRequired":true,"valueName":"search_term_string"}}],"inLanguage":"pt-BR"},{"@type":"Organization","@id":"https:\/\/calltorque.com.br\/#organization","name":"Calltorque Ferramentas Industriais","url":"https:\/\/calltorque.com.br\/","logo":{"@type":"ImageObject","inLanguage":"pt-BR","@id":"https:\/\/calltorque.com.br\/#\/schema\/logo\/image\/","url":"https:\/\/calltorque.com.br\/wp-content\/uploads\/2021\/05\/Calltorque_logo1a.png","contentUrl":"https:\/\/calltorque.com.br\/wp-content\/uploads\/2021\/05\/Calltorque_logo1a.png","width":400,"height":91,"caption":"Calltorque Ferramentas Industriais"},"image":{"@id":"https:\/\/calltorque.com.br\/#\/schema\/logo\/image\/"}}]}},"_links":{"self":[{"href":"https:\/\/calltorque.com.br\/index.php\/wp-json\/wp\/v2\/pages\/3438","targetHints":{"allow":["GET"]}}],"collection":[{"href":"https:\/\/calltorque.com.br\/index.php\/wp-json\/wp\/v2\/pages"}],"about":[{"href":"https:\/\/calltorque.com.br\/index.php\/wp-json\/wp\/v2\/types\/page"}],"author":[{"embeddable":true,"href":"https:\/\/calltorque.com.br\/index.php\/wp-json\/wp\/v2\/users\/2"}],"replies":[{"embeddable":true,"href":"https:\/\/calltorque.com.br\/index.php\/wp-json\/wp\/v2\/comments?post=3438"}],"version-history":[{"count":4,"href":"https:\/\/calltorque.com.br\/index.php\/wp-json\/wp\/v2\/pages\/3438\/revisions"}],"predecessor-version":[{"id":3998,"href":"https:\/\/calltorque.com.br\/index.php\/wp-json\/wp\/v2\/pages\/3438\/revisions\/3998"}],"up":[{"embeddable":true,"href":"https:\/\/calltorque.com.br\/index.php\/wp-json\/wp\/v2\/pages\/1127"}],"wp:attachment":[{"href":"https:\/\/calltorque.com.br\/index.php\/wp-json\/wp\/v2\/media?parent=3438"}],"curies":[{"name":"wp","href":"https:\/\/api.w.org\/{rel}","templated":true}]}}