{"id":3456,"date":"2023-09-29T18:41:50","date_gmt":"2023-09-29T21:41:50","guid":{"rendered":"https:\/\/calltorque.com.br\/?page_id=3456"},"modified":"2024-01-15T13:36:14","modified_gmt":"2024-01-15T16:36:14","slug":"ega-master","status":"publish","type":"page","link":"https:\/\/calltorque.com.br\/index.php\/produtos\/ega-master\/","title":{"rendered":"EGA MASTER"},"content":{"rendered":"\n\n\t\t\t\t<img loading=\"lazy\" decoding=\"async\" src=\"https:\/\/calltorque.com.br\/wp-content\/uploads\/2022\/02\/Ega-Master_logo_fundo_web-1.jpg\" alt=\"Ega-Master_logo_fundo_web\" itemprop=\"image\" height=\"109\" width=\"400\" title=\"Ega-Master_logo_fundo_web\" onerror=\"this.style.display='none'\"  \/>\n\t<p>Fabricante Espanhol de ferramentas Premium.<\/p>\n\t\t\t<h2>SOBRE A EGA MASTER<\/h2>\t\t\t\n\t\t\t\t<p><strong>EGA Master<\/strong>, uma empresa do <em><strong>Grupo EGA<\/strong><\/em>, \u00e9 um fabricante europeu de ferramentas industriais premium para os usu\u00e1rios industriais mais exigentes. Ele oferece uma solu\u00e7\u00e3o completa e centralizada com base na inova\u00e7\u00e3o cont\u00ednua que melhora significativamente a seguran\u00e7a e a efici\u00eancia.<\/p>\n<p><i>A proposta <strong>EGA Master<\/strong> \u00e9 sustentada em 5 pilares principais.<\/i><\/p>\n<ul>\n<li><strong>Solu\u00e7\u00e3o completa <\/strong><em>(12 gamas de produtos).<\/em><\/li>\n<li><strong>Qualidade industrial premium<\/strong> (garantia vital\u00edcia)(*).<\/li>\n<li><strong>Personaliza\u00e7\u00e3o<\/strong> (Ferramentas e bandejas de espuma).<\/li>\n<li><strong>Servi\u00e7o responsivo<\/strong> (taxa de disponibilidade acima de 98%).<\/li>\n<li><strong>Inova\u00e7\u00e3o<\/strong> (mais de 200 patentes).<\/li>\n<\/ul>\n<p>Os produtos e solu\u00e7\u00f5es <em><strong>EGA Master<\/strong><\/em> s\u00e3o usados ??pelas ind\u00fastrias mais exigentes, como aeroespacial, defesa, automotiva, constru\u00e7\u00e3o naval, ferrovia, energia, constru\u00e7\u00e3o, petr\u00f3leo e g\u00e1s ou minera\u00e7\u00e3o.<\/p>\n<p>Alguns usu\u00e1rios finais do <em><strong>EGA Master<\/strong><\/em> s\u00e3o empresas e institui\u00e7\u00f5es como <em><strong>Exxon Mobil, Shell, Airbus, Na\u00e7\u00f5es Unidas, OTAN, Coca Cola, Audi, Volkswagen, Nissan-Renault, Mercedes-Benz, Siemens<\/strong> ou<\/em> <em><strong>Philips<\/strong><\/em>.<\/p>\n\t\t\t<a href=\"https:\/\/calltorque.com.br\/wp-content\/uploads\/2023\/07\/Ega-Master_e-folder_jul2023.pdf\" target=\"_blank\" rel=\"noopener\">\n\t\t\t\t\t\t\tVeja o Folder digital da Ega Master\n\t\t\t\t\t<\/a>\n\t<h2>\n\t\t\t\tCONHE\u00c7A AS SOLU\u00c7\u00d5ES EGA MASTER\n\t\t\t<\/h2>\n\t\t\t<p>Descubra a linha exclusiva de produtos e solu\u00e7\u00f5es dispon\u00edveis da marca EGA MASTER clicando nas imagens abaixo.<\/p>\t\n<h2>\n\t\tVoc\u00ea conhece nosso test drive?\n\t<\/h2>\n\t<p>Com a op\u00e7\u00e3o TEST DRIVE da <em><strong>Calltorque<\/strong><\/em>, \u00e9 poss\u00edvel ALUGAR FERRAMENTAS de ALTO DESEMPENHO para testar em opera\u00e7\u00f5es regulares ou eventuais de sua empresa em in\u00fameras situa\u00e7\u00f5es; Confirmar se as necessidades das aplica\u00e7\u00f5es ser\u00e3o plenamente atendidas; Poder sempre experimentar a tecnologia dos equipamentos, entre outros benef\u00edcios!<\/p>\n<p>SAIBA MAIS sobre nosso Test Drive:<\/p>\n\t\t\t<a href=\"https:\/\/locacao.calltorque.com.br\/\" target=\"_blank\" rel=\"noopener\">\n\t\t\t\t\t\tVer mais informa\u00e7\u00f5es sobre o Test Drive\n\t\t\t\t\t<\/a>\n\t\t\t<h3>junte-se a n\u00f3s<\/h3>\t\t\t\n\t\t\t\t<p>Nossos clientes usufruem de um atendimento individualizado e, desta forma, criamos mais valor atrav\u00e9s da troca de experi\u00eancias, entendendo as necessidades e as aplica\u00e7\u00f5es, oferecendo suporte e orienta\u00e7\u00e3o profissional para apresentar solu\u00e7\u00f5es eficientes e inteligentes.<\/p>\n<p>Atendemos em todo o Brasil!<\/p>\n\t\t\t<a href=\"https:\/\/calltorque.com.br\/index.php\/contato\/\" target=\"_self\" role=\"button\" aria-label=\"Solicite o contato de um Representante mais pr\u00f3ximo de sua empresa\" rel=\"noopener\">\n\t\t\t\t\t\t\tSolicite o contato de um Representante mais pr\u00f3ximo de sua empresa\n\t\t<\/a>\n\n","protected":false},"excerpt":{"rendered":"<p>Fabricante Espanhol de ferramentas Premium. SOBRE A EGA MASTER EGA Master, uma empresa do Grupo EGA, \u00e9 um fabricante europeu de ferramentas industriais premium para os usu\u00e1rios industriais mais exigentes. Ele oferece uma solu\u00e7\u00e3o completa e centralizada com base na inova\u00e7\u00e3o cont\u00ednua que melhora significativamente a seguran\u00e7a e a efici\u00eancia. A proposta EGA Master \u00e9 [&hellip;]<\/p>\n","protected":false},"author":2,"featured_media":0,"parent":1127,"menu_order":0,"comment_status":"closed","ping_status":"closed","template":"","meta":{"site-sidebar-layout":"default","site-content-layout":"page-builder","ast-site-content-layout":"default","site-content-style":"default","site-sidebar-style":"default","ast-global-header-display":"","ast-banner-title-visibility":"","ast-main-header-display":"","ast-hfb-above-header-display":"","ast-hfb-below-header-display":"","ast-hfb-mobile-header-display":"","site-post-title":"disabled","ast-breadcrumbs-content":"","ast-featured-img":"disabled","footer-sml-layout":"","ast-disable-related-posts":"","theme-transparent-header-meta":"enabled","adv-header-id-meta":"","stick-header-meta":"","header-above-stick-meta":"","header-main-stick-meta":"","header-below-stick-meta":"","astra-migrate-meta-layouts":"default","ast-page-background-enabled":"default","ast-page-background-meta":{"desktop":{"background-color":"","background-image":"","background-repeat":"repeat","background-position":"center center","background-size":"auto","background-attachment":"scroll","background-type":"","background-media":"","overlay-type":"","overlay-color":"","overlay-opacity":"","overlay-gradient":""},"tablet":{"background-color":"","background-image":"","background-repeat":"repeat","background-position":"center center","background-size":"auto","background-attachment":"scroll","background-type":"","background-media":"","overlay-type":"","overlay-color":"","overlay-opacity":"","overlay-gradient":""},"mobile":{"background-color":"","background-image":"","background-repeat":"repeat","background-position":"center center","background-size":"auto","background-attachment":"scroll","background-type":"","background-media":"","overlay-type":"","overlay-color":"","overlay-opacity":"","overlay-gradient":""}},"ast-content-background-meta":{"desktop":{"background-color":"var(--ast-global-color-5)","background-image":"","background-repeat":"repeat","background-position":"center center","background-size":"auto","background-attachment":"scroll","background-type":"","background-media":"","overlay-type":"","overlay-color":"","overlay-opacity":"","overlay-gradient":""},"tablet":{"background-color":"var(--ast-global-color-5)","background-image":"","background-repeat":"repeat","background-position":"center center","background-size":"auto","background-attachment":"scroll","background-type":"","background-media":"","overlay-type":"","overlay-color":"","overlay-opacity":"","overlay-gradient":""},"mobile":{"background-color":"var(--ast-global-color-5)","background-image":"","background-repeat":"repeat","background-position":"center center","background-size":"auto","background-attachment":"scroll","background-type":"","background-media":"","overlay-type":"","overlay-color":"","overlay-opacity":"","overlay-gradient":""}},"footnotes":""},"class_list":["post-3456","page","type-page","status-publish","hentry"],"yoast_head":"<!-- This site is optimized with the Yoast SEO plugin v27.5 - https:\/\/yoast.com\/product\/yoast-seo-wordpress\/ -->\n<title>EGA MASTER - Calltorque Ferramentas Industriais<\/title>\n<meta name=\"robots\" content=\"index, follow, max-snippet:-1, max-image-preview:large, max-video-preview:-1\" \/>\n<link rel=\"canonical\" href=\"https:\/\/calltorque.com.br\/index.php\/produtos\/ega-master\/\" \/>\n<meta property=\"og:locale\" content=\"pt_BR\" \/>\n<meta property=\"og:type\" content=\"article\" \/>\n<meta property=\"og:title\" content=\"EGA MASTER - Calltorque Ferramentas Industriais\" \/>\n<meta property=\"og:description\" content=\"Fabricante Espanhol de ferramentas Premium. SOBRE A EGA MASTER EGA Master, uma empresa do Grupo EGA, \u00e9 um fabricante europeu de ferramentas industriais premium para os usu\u00e1rios industriais mais exigentes. Ele oferece uma solu\u00e7\u00e3o completa e centralizada com base na inova\u00e7\u00e3o cont\u00ednua que melhora significativamente a seguran\u00e7a e a efici\u00eancia. A proposta EGA Master \u00e9 [&hellip;]\" \/>\n<meta property=\"og:url\" content=\"https:\/\/calltorque.com.br\/index.php\/produtos\/ega-master\/\" \/>\n<meta property=\"og:site_name\" content=\"Calltorque Ferramentas Industriais\" \/>\n<meta property=\"article:modified_time\" content=\"2024-01-15T16:36:14+00:00\" \/>\n<meta property=\"og:image\" content=\"https:\/\/calltorque.com.br\/wp-content\/uploads\/2022\/02\/Ega-Master_logo_fundo_web-1.jpg\" \/>\n<meta name=\"twitter:card\" content=\"summary_large_image\" \/>\n<meta name=\"twitter:label1\" content=\"Est. tempo de leitura\" \/>\n\t<meta name=\"twitter:data1\" content=\"2 minutos\" \/>\n<script type=\"application\/ld+json\" class=\"yoast-schema-graph\">{\"@context\":\"https:\\\/\\\/schema.org\",\"@graph\":[{\"@type\":\"WebPage\",\"@id\":\"https:\\\/\\\/calltorque.com.br\\\/index.php\\\/produtos\\\/ega-master\\\/\",\"url\":\"https:\\\/\\\/calltorque.com.br\\\/index.php\\\/produtos\\\/ega-master\\\/\",\"name\":\"EGA MASTER - Calltorque Ferramentas Industriais\",\"isPartOf\":{\"@id\":\"https:\\\/\\\/calltorque.com.br\\\/#website\"},\"primaryImageOfPage\":{\"@id\":\"https:\\\/\\\/calltorque.com.br\\\/index.php\\\/produtos\\\/ega-master\\\/#primaryimage\"},\"image\":{\"@id\":\"https:\\\/\\\/calltorque.com.br\\\/index.php\\\/produtos\\\/ega-master\\\/#primaryimage\"},\"thumbnailUrl\":\"https:\\\/\\\/calltorque.com.br\\\/wp-content\\\/uploads\\\/2022\\\/02\\\/Ega-Master_logo_fundo_web-1.jpg\",\"datePublished\":\"2023-09-29T21:41:50+00:00\",\"dateModified\":\"2024-01-15T16:36:14+00:00\",\"breadcrumb\":{\"@id\":\"https:\\\/\\\/calltorque.com.br\\\/index.php\\\/produtos\\\/ega-master\\\/#breadcrumb\"},\"inLanguage\":\"pt-BR\",\"potentialAction\":[{\"@type\":\"ReadAction\",\"target\":[\"https:\\\/\\\/calltorque.com.br\\\/index.php\\\/produtos\\\/ega-master\\\/\"]}]},{\"@type\":\"ImageObject\",\"inLanguage\":\"pt-BR\",\"@id\":\"https:\\\/\\\/calltorque.com.br\\\/index.php\\\/produtos\\\/ega-master\\\/#primaryimage\",\"url\":\"https:\\\/\\\/calltorque.com.br\\\/wp-content\\\/uploads\\\/2022\\\/02\\\/Ega-Master_logo_fundo_web-1.jpg\",\"contentUrl\":\"https:\\\/\\\/calltorque.com.br\\\/wp-content\\\/uploads\\\/2022\\\/02\\\/Ega-Master_logo_fundo_web-1.jpg\",\"width\":400,\"height\":109},{\"@type\":\"BreadcrumbList\",\"@id\":\"https:\\\/\\\/calltorque.com.br\\\/index.php\\\/produtos\\\/ega-master\\\/#breadcrumb\",\"itemListElement\":[{\"@type\":\"ListItem\",\"position\":1,\"name\":\"Home\",\"item\":\"https:\\\/\\\/calltorque.com.br\\\/\"},{\"@type\":\"ListItem\",\"position\":2,\"name\":\"Produtos\",\"item\":\"https:\\\/\\\/calltorque.com.br\\\/index.php\\\/produtos\\\/\"},{\"@type\":\"ListItem\",\"position\":3,\"name\":\"EGA MASTER\"}]},{\"@type\":\"WebSite\",\"@id\":\"https:\\\/\\\/calltorque.com.br\\\/#website\",\"url\":\"https:\\\/\\\/calltorque.com.br\\\/\",\"name\":\"Calltorque Ferramentas Industriais\",\"description\":\"Ferramentas Industriais 5.0\",\"publisher\":{\"@id\":\"https:\\\/\\\/calltorque.com.br\\\/#organization\"},\"potentialAction\":[{\"@type\":\"SearchAction\",\"target\":{\"@type\":\"EntryPoint\",\"urlTemplate\":\"https:\\\/\\\/calltorque.com.br\\\/?s={search_term_string}\"},\"query-input\":{\"@type\":\"PropertyValueSpecification\",\"valueRequired\":true,\"valueName\":\"search_term_string\"}}],\"inLanguage\":\"pt-BR\"},{\"@type\":\"Organization\",\"@id\":\"https:\\\/\\\/calltorque.com.br\\\/#organization\",\"name\":\"Calltorque Ferramentas Industriais\",\"url\":\"https:\\\/\\\/calltorque.com.br\\\/\",\"logo\":{\"@type\":\"ImageObject\",\"inLanguage\":\"pt-BR\",\"@id\":\"https:\\\/\\\/calltorque.com.br\\\/#\\\/schema\\\/logo\\\/image\\\/\",\"url\":\"https:\\\/\\\/calltorque.com.br\\\/wp-content\\\/uploads\\\/2021\\\/05\\\/Calltorque_logo1a.png\",\"contentUrl\":\"https:\\\/\\\/calltorque.com.br\\\/wp-content\\\/uploads\\\/2021\\\/05\\\/Calltorque_logo1a.png\",\"width\":400,\"height\":91,\"caption\":\"Calltorque Ferramentas Industriais\"},\"image\":{\"@id\":\"https:\\\/\\\/calltorque.com.br\\\/#\\\/schema\\\/logo\\\/image\\\/\"}}]}<\/script>\n<!-- \/ Yoast SEO plugin. -->","yoast_head_json":{"title":"EGA MASTER - Calltorque Ferramentas Industriais","robots":{"index":"index","follow":"follow","max-snippet":"max-snippet:-1","max-image-preview":"max-image-preview:large","max-video-preview":"max-video-preview:-1"},"canonical":"https:\/\/calltorque.com.br\/index.php\/produtos\/ega-master\/","og_locale":"pt_BR","og_type":"article","og_title":"EGA MASTER - Calltorque Ferramentas Industriais","og_description":"Fabricante Espanhol de ferramentas Premium. SOBRE A EGA MASTER EGA Master, uma empresa do Grupo EGA, \u00e9 um fabricante europeu de ferramentas industriais premium para os usu\u00e1rios industriais mais exigentes. Ele oferece uma solu\u00e7\u00e3o completa e centralizada com base na inova\u00e7\u00e3o cont\u00ednua que melhora significativamente a seguran\u00e7a e a efici\u00eancia. A proposta EGA Master \u00e9 [&hellip;]","og_url":"https:\/\/calltorque.com.br\/index.php\/produtos\/ega-master\/","og_site_name":"Calltorque Ferramentas Industriais","article_modified_time":"2024-01-15T16:36:14+00:00","og_image":[{"url":"https:\/\/calltorque.com.br\/wp-content\/uploads\/2022\/02\/Ega-Master_logo_fundo_web-1.jpg","type":"","width":"","height":""}],"twitter_card":"summary_large_image","twitter_misc":{"Est. tempo de leitura":"2 minutos"},"schema":{"@context":"https:\/\/schema.org","@graph":[{"@type":"WebPage","@id":"https:\/\/calltorque.com.br\/index.php\/produtos\/ega-master\/","url":"https:\/\/calltorque.com.br\/index.php\/produtos\/ega-master\/","name":"EGA MASTER - Calltorque Ferramentas Industriais","isPartOf":{"@id":"https:\/\/calltorque.com.br\/#website"},"primaryImageOfPage":{"@id":"https:\/\/calltorque.com.br\/index.php\/produtos\/ega-master\/#primaryimage"},"image":{"@id":"https:\/\/calltorque.com.br\/index.php\/produtos\/ega-master\/#primaryimage"},"thumbnailUrl":"https:\/\/calltorque.com.br\/wp-content\/uploads\/2022\/02\/Ega-Master_logo_fundo_web-1.jpg","datePublished":"2023-09-29T21:41:50+00:00","dateModified":"2024-01-15T16:36:14+00:00","breadcrumb":{"@id":"https:\/\/calltorque.com.br\/index.php\/produtos\/ega-master\/#breadcrumb"},"inLanguage":"pt-BR","potentialAction":[{"@type":"ReadAction","target":["https:\/\/calltorque.com.br\/index.php\/produtos\/ega-master\/"]}]},{"@type":"ImageObject","inLanguage":"pt-BR","@id":"https:\/\/calltorque.com.br\/index.php\/produtos\/ega-master\/#primaryimage","url":"https:\/\/calltorque.com.br\/wp-content\/uploads\/2022\/02\/Ega-Master_logo_fundo_web-1.jpg","contentUrl":"https:\/\/calltorque.com.br\/wp-content\/uploads\/2022\/02\/Ega-Master_logo_fundo_web-1.jpg","width":400,"height":109},{"@type":"BreadcrumbList","@id":"https:\/\/calltorque.com.br\/index.php\/produtos\/ega-master\/#breadcrumb","itemListElement":[{"@type":"ListItem","position":1,"name":"Home","item":"https:\/\/calltorque.com.br\/"},{"@type":"ListItem","position":2,"name":"Produtos","item":"https:\/\/calltorque.com.br\/index.php\/produtos\/"},{"@type":"ListItem","position":3,"name":"EGA MASTER"}]},{"@type":"WebSite","@id":"https:\/\/calltorque.com.br\/#website","url":"https:\/\/calltorque.com.br\/","name":"Calltorque Ferramentas Industriais","description":"Ferramentas Industriais 5.0","publisher":{"@id":"https:\/\/calltorque.com.br\/#organization"},"potentialAction":[{"@type":"SearchAction","target":{"@type":"EntryPoint","urlTemplate":"https:\/\/calltorque.com.br\/?s={search_term_string}"},"query-input":{"@type":"PropertyValueSpecification","valueRequired":true,"valueName":"search_term_string"}}],"inLanguage":"pt-BR"},{"@type":"Organization","@id":"https:\/\/calltorque.com.br\/#organization","name":"Calltorque Ferramentas Industriais","url":"https:\/\/calltorque.com.br\/","logo":{"@type":"ImageObject","inLanguage":"pt-BR","@id":"https:\/\/calltorque.com.br\/#\/schema\/logo\/image\/","url":"https:\/\/calltorque.com.br\/wp-content\/uploads\/2021\/05\/Calltorque_logo1a.png","contentUrl":"https:\/\/calltorque.com.br\/wp-content\/uploads\/2021\/05\/Calltorque_logo1a.png","width":400,"height":91,"caption":"Calltorque Ferramentas Industriais"},"image":{"@id":"https:\/\/calltorque.com.br\/#\/schema\/logo\/image\/"}}]}},"_links":{"self":[{"href":"https:\/\/calltorque.com.br\/index.php\/wp-json\/wp\/v2\/pages\/3456","targetHints":{"allow":["GET"]}}],"collection":[{"href":"https:\/\/calltorque.com.br\/index.php\/wp-json\/wp\/v2\/pages"}],"about":[{"href":"https:\/\/calltorque.com.br\/index.php\/wp-json\/wp\/v2\/types\/page"}],"author":[{"embeddable":true,"href":"https:\/\/calltorque.com.br\/index.php\/wp-json\/wp\/v2\/users\/2"}],"replies":[{"embeddable":true,"href":"https:\/\/calltorque.com.br\/index.php\/wp-json\/wp\/v2\/comments?post=3456"}],"version-history":[{"count":7,"href":"https:\/\/calltorque.com.br\/index.php\/wp-json\/wp\/v2\/pages\/3456\/revisions"}],"predecessor-version":[{"id":3579,"href":"https:\/\/calltorque.com.br\/index.php\/wp-json\/wp\/v2\/pages\/3456\/revisions\/3579"}],"up":[{"embeddable":true,"href":"https:\/\/calltorque.com.br\/index.php\/wp-json\/wp\/v2\/pages\/1127"}],"wp:attachment":[{"href":"https:\/\/calltorque.com.br\/index.php\/wp-json\/wp\/v2\/media?parent=3456"}],"curies":[{"name":"wp","href":"https:\/\/api.w.org\/{rel}","templated":true}]}}