{"id":3539,"date":"2024-01-05T10:07:12","date_gmt":"2024-01-05T13:07:12","guid":{"rendered":"https:\/\/calltorque.com.br\/?page_id=3539"},"modified":"2024-01-05T10:34:48","modified_gmt":"2024-01-05T13:34:48","slug":"ega-loc-aplicacao","status":"publish","type":"page","link":"https:\/\/calltorque.com.br\/index.php\/aplicacoes\/ega-loc-aplicacao\/","title":{"rendered":"Ega Loc"},"content":{"rendered":"\n\n\t\t\t\t<img loading=\"lazy\" decoding=\"async\" src=\"https:\/\/calltorque.com.br\/wp-content\/uploads\/2022\/02\/Ega-Master_logo_fundo_web-1.jpg\" alt=\"Ega-Master_logo_fundo_web\" itemprop=\"image\" height=\"109\" width=\"400\" title=\"Ega-Master_logo_fundo_web\" onerror=\"this.style.display='none'\"  \/>\n\t\t\t<h5>APLICA\u00c7\u00c3O\u00a0GEST\u00c3O DE EQUIPAMENTOS<\/h5><h2>EGA LOC + APP<\/h2>\n\t\t\t\t<p><strong>SOFTWARE EGA LOC<br \/><\/strong>Software para a gest\u00e3o de uso de equipamentos em ambientes controlados.<br \/>Posicionamento inteligente em ambientes internos:<br \/>\u00a0&#8211; localizar<br \/>\u00a0&#8211; analisar<br \/>\u00a0&#8211; economizar custos<\/p>\n<p><strong>Recursos:<\/strong><br \/>&#8211; Rastreamento em tempo real<br \/>&#8211; Exibi\u00e7\u00e3o de Tags \/etiquetas<br \/>&#8211; Defini\u00e7\u00f5es de \u00e1reas de uso permitidas<br \/>&#8211; Dimensionamento de \u00e1reas de uso<br \/>&#8211; Controles de entrada, sa\u00edda, entrada\/sa\u00edda<br \/>&#8211; Detec\u00e7\u00e3o de eventos<\/p>\n<p><strong>An\u00e1lises<\/strong><br \/>&#8211; An\u00e1lise de distribui\u00e7\u00e3o de dados<br \/>&#8211; Defini\u00e7\u00e3o do intervalo de tempo a ser analisado<br \/>&#8211; Mapa de calor<br \/>&#8211; Relat\u00f3rio de \u00e1reas<br \/>&#8211; Diagrama Sankey<br \/>&#8211; Salvar\/exportar Relat\u00f3rios\u00a0<\/p>\n<p><strong>Aplicativo m\u00f3vel<\/strong><br \/>&#8211; Exibe as mesmas funcionalidades<\/p>\n\t<meta itemprop=\"url\" content=\"https:\/\/calltorque.com.br\/wp-content\/uploads\/2024\/01\/EGALOCAPP_v4.mp4\" \/><div style=\"width: 640px;\" class=\"wp-video\"><!--[if lt IE 9]><script>document.createElement('video');<\/script><![endif]-->\n<video class=\"wp-video-shortcode\" id=\"video-3539-1\" width=\"640\" height=\"360\" preload=\"metadata\" controls=\"controls\"><source type=\"video\/mp4\" src=\"https:\/\/calltorque.com.br\/wp-content\/uploads\/2024\/01\/EGALOCAPP_v4.mp4?_=1\" \/><a href=\"https:\/\/calltorque.com.br\/wp-content\/uploads\/2024\/01\/EGALOCAPP_v4.mp4\">https:\/\/calltorque.com.br\/wp-content\/uploads\/2024\/01\/EGALOCAPP_v4.mp4<\/a><\/video><\/div>\n\t\t\t\t<img loading=\"lazy\" decoding=\"async\" src=\"https:\/\/calltorque.com.br\/wp-content\/uploads\/2024\/01\/egasolutions-cabecera-logo.png\" alt=\"egasolutions-cabecera-logo\" itemprop=\"image\" height=\"80\" width=\"513\" title=\"egasolutions-cabecera-logo\" onerror=\"this.style.display='none'\"  \/>\n<h2>\n\t\tVoc\u00ea conhece nosso test drive?\n\t<\/h2>\n\t<p>Com a op\u00e7\u00e3o TEST DRIVE da <em><strong>Calltorque<\/strong><\/em>, \u00e9 poss\u00edvel ALUGAR FERRAMENTAS de ALTO DESEMPENHO para testar em opera\u00e7\u00f5es regulares ou eventuais de sua empresa em in\u00fameras situa\u00e7\u00f5es; Confirmar se as necessidades das aplica\u00e7\u00f5es ser\u00e3o plenamente atendidas; Poder sempre experimentar a tecnologia dos equipamentos, entre outros benef\u00edcios!<\/p>\n<p>SAIBA MAIS sobre nosso Test Drive:<\/p>\n\t\t\t<a href=\"https:\/\/calltorque.com.br\/index.php\/contato\/\" target=\"_blank\" rel=\"noopener\">\n\t\t\t\t\t\tEnvie uma mensagem que entraremos em contato\n\t\t\t\t\t<\/a>\n\n","protected":false},"excerpt":{"rendered":"<p>APLICA\u00c7\u00c3O\u00a0GEST\u00c3O DE EQUIPAMENTOS EGA LOC + APP SOFTWARE EGA LOCSoftware para a gest\u00e3o de uso de equipamentos em ambientes controlados.Posicionamento inteligente em ambientes internos:\u00a0&#8211; localizar\u00a0&#8211; analisar\u00a0&#8211; economizar custos Recursos:&#8211; Rastreamento em tempo real&#8211; Exibi\u00e7\u00e3o de Tags \/etiquetas&#8211; Defini\u00e7\u00f5es de \u00e1reas de uso permitidas&#8211; Dimensionamento de \u00e1reas de uso&#8211; Controles de entrada, sa\u00edda, entrada\/sa\u00edda&#8211; Detec\u00e7\u00e3o de [&hellip;]<\/p>\n","protected":false},"author":2,"featured_media":0,"parent":10,"menu_order":0,"comment_status":"closed","ping_status":"closed","template":"","meta":{"site-sidebar-layout":"default","site-content-layout":"page-builder","ast-site-content-layout":"default","site-content-style":"default","site-sidebar-style":"default","ast-global-header-display":"","ast-banner-title-visibility":"","ast-main-header-display":"","ast-hfb-above-header-display":"","ast-hfb-below-header-display":"","ast-hfb-mobile-header-display":"","site-post-title":"disabled","ast-breadcrumbs-content":"","ast-featured-img":"disabled","footer-sml-layout":"","ast-disable-related-posts":"","theme-transparent-header-meta":"enabled","adv-header-id-meta":"","stick-header-meta":"","header-above-stick-meta":"","header-main-stick-meta":"","header-below-stick-meta":"","astra-migrate-meta-layouts":"default","ast-page-background-enabled":"default","ast-page-background-meta":{"desktop":{"background-color":"","background-image":"","background-repeat":"repeat","background-position":"center center","background-size":"auto","background-attachment":"scroll","background-type":"","background-media":"","overlay-type":"","overlay-color":"","overlay-opacity":"","overlay-gradient":""},"tablet":{"background-color":"","background-image":"","background-repeat":"repeat","background-position":"center center","background-size":"auto","background-attachment":"scroll","background-type":"","background-media":"","overlay-type":"","overlay-color":"","overlay-opacity":"","overlay-gradient":""},"mobile":{"background-color":"","background-image":"","background-repeat":"repeat","background-position":"center center","background-size":"auto","background-attachment":"scroll","background-type":"","background-media":"","overlay-type":"","overlay-color":"","overlay-opacity":"","overlay-gradient":""}},"ast-content-background-meta":{"desktop":{"background-color":"var(--ast-global-color-5)","background-image":"","background-repeat":"repeat","background-position":"center center","background-size":"auto","background-attachment":"scroll","background-type":"","background-media":"","overlay-type":"","overlay-color":"","overlay-opacity":"","overlay-gradient":""},"tablet":{"background-color":"var(--ast-global-color-5)","background-image":"","background-repeat":"repeat","background-position":"center center","background-size":"auto","background-attachment":"scroll","background-type":"","background-media":"","overlay-type":"","overlay-color":"","overlay-opacity":"","overlay-gradient":""},"mobile":{"background-color":"var(--ast-global-color-5)","background-image":"","background-repeat":"repeat","background-position":"center center","background-size":"auto","background-attachment":"scroll","background-type":"","background-media":"","overlay-type":"","overlay-color":"","overlay-opacity":"","overlay-gradient":""}},"footnotes":""},"class_list":["post-3539","page","type-page","status-publish","hentry"],"yoast_head":"<!-- This site is optimized with the Yoast SEO plugin v27.5 - https:\/\/yoast.com\/product\/yoast-seo-wordpress\/ -->\n<title>Ega Loc - Calltorque Ferramentas Industriais<\/title>\n<meta name=\"robots\" content=\"index, follow, max-snippet:-1, max-image-preview:large, max-video-preview:-1\" \/>\n<link rel=\"canonical\" href=\"https:\/\/calltorque.com.br\/index.php\/aplicacoes\/ega-loc-aplicacao\/\" \/>\n<meta property=\"og:locale\" content=\"pt_BR\" \/>\n<meta property=\"og:type\" content=\"article\" \/>\n<meta property=\"og:title\" content=\"Ega Loc - Calltorque Ferramentas Industriais\" \/>\n<meta property=\"og:description\" content=\"APLICA\u00c7\u00c3O\u00a0GEST\u00c3O DE EQUIPAMENTOS EGA LOC + APP SOFTWARE EGA LOCSoftware para a gest\u00e3o de uso de equipamentos em ambientes controlados.Posicionamento inteligente em ambientes internos:\u00a0&#8211; localizar\u00a0&#8211; analisar\u00a0&#8211; economizar custos Recursos:&#8211; Rastreamento em tempo real&#8211; Exibi\u00e7\u00e3o de Tags \/etiquetas&#8211; Defini\u00e7\u00f5es de \u00e1reas de uso permitidas&#8211; Dimensionamento de \u00e1reas de uso&#8211; Controles de entrada, sa\u00edda, entrada\/sa\u00edda&#8211; Detec\u00e7\u00e3o de [&hellip;]\" \/>\n<meta property=\"og:url\" content=\"https:\/\/calltorque.com.br\/index.php\/aplicacoes\/ega-loc-aplicacao\/\" \/>\n<meta property=\"og:site_name\" content=\"Calltorque Ferramentas Industriais\" \/>\n<meta property=\"article:modified_time\" content=\"2024-01-05T13:34:48+00:00\" \/>\n<meta property=\"og:image\" content=\"https:\/\/calltorque.com.br\/wp-content\/uploads\/2022\/02\/Ega-Master_logo_fundo_web-1.jpg\" \/>\n<meta name=\"twitter:card\" content=\"summary_large_image\" \/>\n<meta name=\"twitter:label1\" content=\"Est. tempo de leitura\" \/>\n\t<meta name=\"twitter:data1\" content=\"2 minutos\" \/>\n<script type=\"application\/ld+json\" class=\"yoast-schema-graph\">{\"@context\":\"https:\\\/\\\/schema.org\",\"@graph\":[{\"@type\":\"WebPage\",\"@id\":\"https:\\\/\\\/calltorque.com.br\\\/index.php\\\/aplicacoes\\\/ega-loc-aplicacao\\\/\",\"url\":\"https:\\\/\\\/calltorque.com.br\\\/index.php\\\/aplicacoes\\\/ega-loc-aplicacao\\\/\",\"name\":\"Ega Loc - Calltorque Ferramentas Industriais\",\"isPartOf\":{\"@id\":\"https:\\\/\\\/calltorque.com.br\\\/#website\"},\"primaryImageOfPage\":{\"@id\":\"https:\\\/\\\/calltorque.com.br\\\/index.php\\\/aplicacoes\\\/ega-loc-aplicacao\\\/#primaryimage\"},\"image\":{\"@id\":\"https:\\\/\\\/calltorque.com.br\\\/index.php\\\/aplicacoes\\\/ega-loc-aplicacao\\\/#primaryimage\"},\"thumbnailUrl\":\"https:\\\/\\\/calltorque.com.br\\\/wp-content\\\/uploads\\\/2022\\\/02\\\/Ega-Master_logo_fundo_web-1.jpg\",\"datePublished\":\"2024-01-05T13:07:12+00:00\",\"dateModified\":\"2024-01-05T13:34:48+00:00\",\"breadcrumb\":{\"@id\":\"https:\\\/\\\/calltorque.com.br\\\/index.php\\\/aplicacoes\\\/ega-loc-aplicacao\\\/#breadcrumb\"},\"inLanguage\":\"pt-BR\",\"potentialAction\":[{\"@type\":\"ReadAction\",\"target\":[\"https:\\\/\\\/calltorque.com.br\\\/index.php\\\/aplicacoes\\\/ega-loc-aplicacao\\\/\"]}]},{\"@type\":\"ImageObject\",\"inLanguage\":\"pt-BR\",\"@id\":\"https:\\\/\\\/calltorque.com.br\\\/index.php\\\/aplicacoes\\\/ega-loc-aplicacao\\\/#primaryimage\",\"url\":\"https:\\\/\\\/calltorque.com.br\\\/wp-content\\\/uploads\\\/2022\\\/02\\\/Ega-Master_logo_fundo_web-1.jpg\",\"contentUrl\":\"https:\\\/\\\/calltorque.com.br\\\/wp-content\\\/uploads\\\/2022\\\/02\\\/Ega-Master_logo_fundo_web-1.jpg\",\"width\":400,\"height\":109},{\"@type\":\"BreadcrumbList\",\"@id\":\"https:\\\/\\\/calltorque.com.br\\\/index.php\\\/aplicacoes\\\/ega-loc-aplicacao\\\/#breadcrumb\",\"itemListElement\":[{\"@type\":\"ListItem\",\"position\":1,\"name\":\"Home\",\"item\":\"https:\\\/\\\/calltorque.com.br\\\/\"},{\"@type\":\"ListItem\",\"position\":2,\"name\":\"Aplica\u00e7\u00f5es\",\"item\":\"https:\\\/\\\/calltorque.com.br\\\/index.php\\\/aplicacoes\\\/\"},{\"@type\":\"ListItem\",\"position\":3,\"name\":\"Ega Loc\"}]},{\"@type\":\"WebSite\",\"@id\":\"https:\\\/\\\/calltorque.com.br\\\/#website\",\"url\":\"https:\\\/\\\/calltorque.com.br\\\/\",\"name\":\"Calltorque Ferramentas Industriais\",\"description\":\"Ferramentas Industriais 5.0\",\"publisher\":{\"@id\":\"https:\\\/\\\/calltorque.com.br\\\/#organization\"},\"potentialAction\":[{\"@type\":\"SearchAction\",\"target\":{\"@type\":\"EntryPoint\",\"urlTemplate\":\"https:\\\/\\\/calltorque.com.br\\\/?s={search_term_string}\"},\"query-input\":{\"@type\":\"PropertyValueSpecification\",\"valueRequired\":true,\"valueName\":\"search_term_string\"}}],\"inLanguage\":\"pt-BR\"},{\"@type\":\"Organization\",\"@id\":\"https:\\\/\\\/calltorque.com.br\\\/#organization\",\"name\":\"Calltorque Ferramentas Industriais\",\"url\":\"https:\\\/\\\/calltorque.com.br\\\/\",\"logo\":{\"@type\":\"ImageObject\",\"inLanguage\":\"pt-BR\",\"@id\":\"https:\\\/\\\/calltorque.com.br\\\/#\\\/schema\\\/logo\\\/image\\\/\",\"url\":\"https:\\\/\\\/calltorque.com.br\\\/wp-content\\\/uploads\\\/2021\\\/05\\\/Calltorque_logo1a.png\",\"contentUrl\":\"https:\\\/\\\/calltorque.com.br\\\/wp-content\\\/uploads\\\/2021\\\/05\\\/Calltorque_logo1a.png\",\"width\":400,\"height\":91,\"caption\":\"Calltorque Ferramentas Industriais\"},\"image\":{\"@id\":\"https:\\\/\\\/calltorque.com.br\\\/#\\\/schema\\\/logo\\\/image\\\/\"}}]}<\/script>\n<!-- \/ Yoast SEO plugin. -->","yoast_head_json":{"title":"Ega Loc - Calltorque Ferramentas Industriais","robots":{"index":"index","follow":"follow","max-snippet":"max-snippet:-1","max-image-preview":"max-image-preview:large","max-video-preview":"max-video-preview:-1"},"canonical":"https:\/\/calltorque.com.br\/index.php\/aplicacoes\/ega-loc-aplicacao\/","og_locale":"pt_BR","og_type":"article","og_title":"Ega Loc - Calltorque Ferramentas Industriais","og_description":"APLICA\u00c7\u00c3O\u00a0GEST\u00c3O DE EQUIPAMENTOS EGA LOC + APP SOFTWARE EGA LOCSoftware para a gest\u00e3o de uso de equipamentos em ambientes controlados.Posicionamento inteligente em ambientes internos:\u00a0&#8211; localizar\u00a0&#8211; analisar\u00a0&#8211; economizar custos Recursos:&#8211; Rastreamento em tempo real&#8211; Exibi\u00e7\u00e3o de Tags \/etiquetas&#8211; Defini\u00e7\u00f5es de \u00e1reas de uso permitidas&#8211; Dimensionamento de \u00e1reas de uso&#8211; Controles de entrada, sa\u00edda, entrada\/sa\u00edda&#8211; Detec\u00e7\u00e3o de [&hellip;]","og_url":"https:\/\/calltorque.com.br\/index.php\/aplicacoes\/ega-loc-aplicacao\/","og_site_name":"Calltorque Ferramentas Industriais","article_modified_time":"2024-01-05T13:34:48+00:00","og_image":[{"url":"https:\/\/calltorque.com.br\/wp-content\/uploads\/2022\/02\/Ega-Master_logo_fundo_web-1.jpg","type":"","width":"","height":""}],"twitter_card":"summary_large_image","twitter_misc":{"Est. tempo de leitura":"2 minutos"},"schema":{"@context":"https:\/\/schema.org","@graph":[{"@type":"WebPage","@id":"https:\/\/calltorque.com.br\/index.php\/aplicacoes\/ega-loc-aplicacao\/","url":"https:\/\/calltorque.com.br\/index.php\/aplicacoes\/ega-loc-aplicacao\/","name":"Ega Loc - Calltorque Ferramentas Industriais","isPartOf":{"@id":"https:\/\/calltorque.com.br\/#website"},"primaryImageOfPage":{"@id":"https:\/\/calltorque.com.br\/index.php\/aplicacoes\/ega-loc-aplicacao\/#primaryimage"},"image":{"@id":"https:\/\/calltorque.com.br\/index.php\/aplicacoes\/ega-loc-aplicacao\/#primaryimage"},"thumbnailUrl":"https:\/\/calltorque.com.br\/wp-content\/uploads\/2022\/02\/Ega-Master_logo_fundo_web-1.jpg","datePublished":"2024-01-05T13:07:12+00:00","dateModified":"2024-01-05T13:34:48+00:00","breadcrumb":{"@id":"https:\/\/calltorque.com.br\/index.php\/aplicacoes\/ega-loc-aplicacao\/#breadcrumb"},"inLanguage":"pt-BR","potentialAction":[{"@type":"ReadAction","target":["https:\/\/calltorque.com.br\/index.php\/aplicacoes\/ega-loc-aplicacao\/"]}]},{"@type":"ImageObject","inLanguage":"pt-BR","@id":"https:\/\/calltorque.com.br\/index.php\/aplicacoes\/ega-loc-aplicacao\/#primaryimage","url":"https:\/\/calltorque.com.br\/wp-content\/uploads\/2022\/02\/Ega-Master_logo_fundo_web-1.jpg","contentUrl":"https:\/\/calltorque.com.br\/wp-content\/uploads\/2022\/02\/Ega-Master_logo_fundo_web-1.jpg","width":400,"height":109},{"@type":"BreadcrumbList","@id":"https:\/\/calltorque.com.br\/index.php\/aplicacoes\/ega-loc-aplicacao\/#breadcrumb","itemListElement":[{"@type":"ListItem","position":1,"name":"Home","item":"https:\/\/calltorque.com.br\/"},{"@type":"ListItem","position":2,"name":"Aplica\u00e7\u00f5es","item":"https:\/\/calltorque.com.br\/index.php\/aplicacoes\/"},{"@type":"ListItem","position":3,"name":"Ega Loc"}]},{"@type":"WebSite","@id":"https:\/\/calltorque.com.br\/#website","url":"https:\/\/calltorque.com.br\/","name":"Calltorque Ferramentas Industriais","description":"Ferramentas Industriais 5.0","publisher":{"@id":"https:\/\/calltorque.com.br\/#organization"},"potentialAction":[{"@type":"SearchAction","target":{"@type":"EntryPoint","urlTemplate":"https:\/\/calltorque.com.br\/?s={search_term_string}"},"query-input":{"@type":"PropertyValueSpecification","valueRequired":true,"valueName":"search_term_string"}}],"inLanguage":"pt-BR"},{"@type":"Organization","@id":"https:\/\/calltorque.com.br\/#organization","name":"Calltorque Ferramentas Industriais","url":"https:\/\/calltorque.com.br\/","logo":{"@type":"ImageObject","inLanguage":"pt-BR","@id":"https:\/\/calltorque.com.br\/#\/schema\/logo\/image\/","url":"https:\/\/calltorque.com.br\/wp-content\/uploads\/2021\/05\/Calltorque_logo1a.png","contentUrl":"https:\/\/calltorque.com.br\/wp-content\/uploads\/2021\/05\/Calltorque_logo1a.png","width":400,"height":91,"caption":"Calltorque Ferramentas Industriais"},"image":{"@id":"https:\/\/calltorque.com.br\/#\/schema\/logo\/image\/"}}]}},"_links":{"self":[{"href":"https:\/\/calltorque.com.br\/index.php\/wp-json\/wp\/v2\/pages\/3539","targetHints":{"allow":["GET"]}}],"collection":[{"href":"https:\/\/calltorque.com.br\/index.php\/wp-json\/wp\/v2\/pages"}],"about":[{"href":"https:\/\/calltorque.com.br\/index.php\/wp-json\/wp\/v2\/types\/page"}],"author":[{"embeddable":true,"href":"https:\/\/calltorque.com.br\/index.php\/wp-json\/wp\/v2\/users\/2"}],"replies":[{"embeddable":true,"href":"https:\/\/calltorque.com.br\/index.php\/wp-json\/wp\/v2\/comments?post=3539"}],"version-history":[{"count":2,"href":"https:\/\/calltorque.com.br\/index.php\/wp-json\/wp\/v2\/pages\/3539\/revisions"}],"predecessor-version":[{"id":3542,"href":"https:\/\/calltorque.com.br\/index.php\/wp-json\/wp\/v2\/pages\/3539\/revisions\/3542"}],"up":[{"embeddable":true,"href":"https:\/\/calltorque.com.br\/index.php\/wp-json\/wp\/v2\/pages\/10"}],"wp:attachment":[{"href":"https:\/\/calltorque.com.br\/index.php\/wp-json\/wp\/v2\/media?parent=3539"}],"curies":[{"name":"wp","href":"https:\/\/api.w.org\/{rel}","templated":true}]}}