{"id":3811,"date":"2024-05-02T17:57:32","date_gmt":"2024-05-02T20:57:32","guid":{"rendered":"https:\/\/calltorque.com.br\/?page_id=3811"},"modified":"2024-05-02T18:09:16","modified_gmt":"2024-05-02T21:09:16","slug":"dyna-variacor-pistola","status":"publish","type":"page","link":"https:\/\/calltorque.com.br\/index.php\/produtos\/mid-variacor\/dyna-variacor-pistola\/","title":{"rendered":"DYNA VARIACOR"},"content":{"rendered":"\n\n\t\t\t<h5>Conex\u00e3o Hidr\u00e1ulica Configur\u00e1vel<\/h5><h2>DYNA VARIACOR PISTOLA<\/h2>\t\t\t\n\t\t\t\t<p><b>CONEX\u00c3O &#8220;GIRAT\u00d3RIA&#8221; LIVREMENTE DIRECIONAL PARA PISTOLA DE LAVAGEM<\/b><\/p>\n<p>O sistema Variacor\u00ae torna todas as mangueiras<br \/>pneum\u00e1ticas flex\u00edveis e multidirecionais.<\/p>\n<p>Indispens\u00e1vel para todas as \u00e1reas de montagem,<br \/>manuten\u00e7\u00e3o e reparo mec\u00e2nico, constru\u00e7\u00e3o, etc.<\/p>\n<p>Serve para todas as ferramentas pneum\u00e1ticas:<br \/>chave de impacto, pintura, esmeril, lixadeira, furadeira, cinzel e muitas outras&#8230;<\/p>\n<p>O sistema Variacor\u00ae garante que o tubo de alimenta\u00e7\u00e3o da pistola de lavagem permane\u00e7a flex\u00edvel e direcional.<\/p>\n<ul>\n<li>Tr\u00e2nsito: \u00d811mm<\/li>\n<li>Peso: 123g. \/ 0.272lbs<\/li>\n<li>Temperatura m\u00e1xima: 90\u00b0C \/ 194\u00b0F<\/li>\n<li>Press\u00e3o m\u00e1xima: 40 bar<\/li>\n<li>Dimens\u00f5es: (A) \u00d8 29,5 \/ (B) 82<\/li>\n<\/ul>\n\t\t\t<a href=\"https:\/\/calltorque.com.br\/wp-content\/uploads\/2023\/07\/MID-Variacor_e-folder_jul2023.pdf\" target=\"_blank\" rel=\"noopener\">\n\t\t\t\t\t\tVeja o folder digital da MID Variacor\n\t\t\t\t\t<\/a>\n\t\t\t\t<img loading=\"lazy\" decoding=\"async\" src=\"https:\/\/calltorque.com.br\/wp-content\/uploads\/2023\/07\/MID-transparente.png\" alt=\"MID transparente\" itemprop=\"image\" height=\"254\" width=\"1123\" title=\"MID transparente\" onerror=\"this.style.display='none'\"  \/>\n\t<iframe loading=\"lazy\" width=\"560\" height=\"315\" src=\"https:\/\/www.youtube.com\/embed\/Ke7uLhOHLtg\" title=\"YouTube video player\" frameborder=\"0\" allow=\"accelerometer; autoplay; clipboard-write; encrypted-media; gyroscope; picture-in-picture; web-share\" allowfullscreen><\/iframe>\n\t\t\t<h3>junte-se \u00e0 n\u00f3s<\/h3>\t\t\t\n\t\t\t\t<p>Nossos clientes usufruem de um atendimento individualizado e, desta forma, criamos mais valor atrav\u00e9s da troca de experi\u00eancias, entendendo as necessidades e as aplica\u00e7\u00f5es, oferecendo suporte e orienta\u00e7\u00e3o profissional para apresentar solu\u00e7\u00f5es eficientes e inteligentes.<\/p>\n<p>Atendemos em todo o Brasil!<\/p>\n\t\t\t<a href=\"https:\/\/calltorque.com.br\/index.php\/contato\/\" target=\"_self\" role=\"button\" aria-label=\"Solicite o contato de um Representante mais pr\u00f3ximo de sua empresa\" rel=\"noopener\">\n\t\t\t\t\t\t\tSolicite o contato de um Representante mais pr\u00f3ximo de sua empresa\n\t\t<\/a>\n\n","protected":false},"excerpt":{"rendered":"<p>Conex\u00e3o Hidr\u00e1ulica Configur\u00e1vel DYNA VARIACOR PISTOLA CONEX\u00c3O &#8220;GIRAT\u00d3RIA&#8221; LIVREMENTE DIRECIONAL PARA PISTOLA DE LAVAGEM O sistema Variacor\u00ae torna todas as mangueiraspneum\u00e1ticas flex\u00edveis e multidirecionais. Indispens\u00e1vel para todas as \u00e1reas de montagem,manuten\u00e7\u00e3o e reparo mec\u00e2nico, constru\u00e7\u00e3o, etc. Serve para todas as ferramentas pneum\u00e1ticas:chave de impacto, pintura, esmeril, lixadeira, furadeira, cinzel e muitas outras&#8230; O sistema Variacor\u00ae [&hellip;]<\/p>\n","protected":false},"author":2,"featured_media":0,"parent":3179,"menu_order":0,"comment_status":"closed","ping_status":"closed","template":"","meta":{"site-sidebar-layout":"default","site-content-layout":"page-builder","ast-site-content-layout":"default","site-content-style":"default","site-sidebar-style":"default","ast-global-header-display":"","ast-banner-title-visibility":"","ast-main-header-display":"","ast-hfb-above-header-display":"","ast-hfb-below-header-display":"","ast-hfb-mobile-header-display":"","site-post-title":"disabled","ast-breadcrumbs-content":"","ast-featured-img":"disabled","footer-sml-layout":"","ast-disable-related-posts":"","theme-transparent-header-meta":"enabled","adv-header-id-meta":"","stick-header-meta":"","header-above-stick-meta":"","header-main-stick-meta":"","header-below-stick-meta":"","astra-migrate-meta-layouts":"default","ast-page-background-enabled":"default","ast-page-background-meta":{"desktop":{"background-color":"","background-image":"","background-repeat":"repeat","background-position":"center center","background-size":"auto","background-attachment":"scroll","background-type":"","background-media":"","overlay-type":"","overlay-color":"","overlay-opacity":"","overlay-gradient":""},"tablet":{"background-color":"","background-image":"","background-repeat":"repeat","background-position":"center center","background-size":"auto","background-attachment":"scroll","background-type":"","background-media":"","overlay-type":"","overlay-color":"","overlay-opacity":"","overlay-gradient":""},"mobile":{"background-color":"","background-image":"","background-repeat":"repeat","background-position":"center center","background-size":"auto","background-attachment":"scroll","background-type":"","background-media":"","overlay-type":"","overlay-color":"","overlay-opacity":"","overlay-gradient":""}},"ast-content-background-meta":{"desktop":{"background-color":"var(--ast-global-color-5)","background-image":"","background-repeat":"repeat","background-position":"center center","background-size":"auto","background-attachment":"scroll","background-type":"","background-media":"","overlay-type":"","overlay-color":"","overlay-opacity":"","overlay-gradient":""},"tablet":{"background-color":"var(--ast-global-color-5)","background-image":"","background-repeat":"repeat","background-position":"center center","background-size":"auto","background-attachment":"scroll","background-type":"","background-media":"","overlay-type":"","overlay-color":"","overlay-opacity":"","overlay-gradient":""},"mobile":{"background-color":"var(--ast-global-color-5)","background-image":"","background-repeat":"repeat","background-position":"center center","background-size":"auto","background-attachment":"scroll","background-type":"","background-media":"","overlay-type":"","overlay-color":"","overlay-opacity":"","overlay-gradient":""}},"footnotes":""},"class_list":["post-3811","page","type-page","status-publish","hentry"],"yoast_head":"<!-- This site is optimized with the Yoast SEO plugin v27.5 - https:\/\/yoast.com\/product\/yoast-seo-wordpress\/ -->\n<title>DYNA VARIACOR - Calltorque Ferramentas Industriais<\/title>\n<meta name=\"robots\" content=\"index, follow, max-snippet:-1, max-image-preview:large, max-video-preview:-1\" \/>\n<link rel=\"canonical\" href=\"https:\/\/calltorque.com.br\/index.php\/produtos\/mid-variacor\/dyna-variacor-pistola\/\" \/>\n<meta property=\"og:locale\" content=\"pt_BR\" \/>\n<meta property=\"og:type\" content=\"article\" \/>\n<meta property=\"og:title\" content=\"DYNA VARIACOR - Calltorque Ferramentas Industriais\" \/>\n<meta property=\"og:description\" content=\"Conex\u00e3o Hidr\u00e1ulica Configur\u00e1vel DYNA VARIACOR PISTOLA CONEX\u00c3O &#8220;GIRAT\u00d3RIA&#8221; LIVREMENTE DIRECIONAL PARA PISTOLA DE LAVAGEM O sistema Variacor\u00ae torna todas as mangueiraspneum\u00e1ticas flex\u00edveis e multidirecionais. Indispens\u00e1vel para todas as \u00e1reas de montagem,manuten\u00e7\u00e3o e reparo mec\u00e2nico, constru\u00e7\u00e3o, etc. Serve para todas as ferramentas pneum\u00e1ticas:chave de impacto, pintura, esmeril, lixadeira, furadeira, cinzel e muitas outras&#8230; O sistema Variacor\u00ae [&hellip;]\" \/>\n<meta property=\"og:url\" content=\"https:\/\/calltorque.com.br\/index.php\/produtos\/mid-variacor\/dyna-variacor-pistola\/\" \/>\n<meta property=\"og:site_name\" content=\"Calltorque Ferramentas Industriais\" \/>\n<meta property=\"article:modified_time\" content=\"2024-05-02T21:09:16+00:00\" \/>\n<meta property=\"og:image\" content=\"https:\/\/calltorque.com.br\/wp-content\/uploads\/2023\/07\/MID-transparente.png\" \/>\n<meta name=\"twitter:card\" content=\"summary_large_image\" \/>\n<meta name=\"twitter:label1\" content=\"Est. tempo de leitura\" \/>\n\t<meta name=\"twitter:data1\" content=\"3 minutos\" \/>\n<script type=\"application\/ld+json\" class=\"yoast-schema-graph\">{\"@context\":\"https:\\\/\\\/schema.org\",\"@graph\":[{\"@type\":\"WebPage\",\"@id\":\"https:\\\/\\\/calltorque.com.br\\\/index.php\\\/produtos\\\/mid-variacor\\\/dyna-variacor-pistola\\\/\",\"url\":\"https:\\\/\\\/calltorque.com.br\\\/index.php\\\/produtos\\\/mid-variacor\\\/dyna-variacor-pistola\\\/\",\"name\":\"DYNA VARIACOR - Calltorque Ferramentas Industriais\",\"isPartOf\":{\"@id\":\"https:\\\/\\\/calltorque.com.br\\\/#website\"},\"primaryImageOfPage\":{\"@id\":\"https:\\\/\\\/calltorque.com.br\\\/index.php\\\/produtos\\\/mid-variacor\\\/dyna-variacor-pistola\\\/#primaryimage\"},\"image\":{\"@id\":\"https:\\\/\\\/calltorque.com.br\\\/index.php\\\/produtos\\\/mid-variacor\\\/dyna-variacor-pistola\\\/#primaryimage\"},\"thumbnailUrl\":\"https:\\\/\\\/calltorque.com.br\\\/wp-content\\\/uploads\\\/2023\\\/07\\\/MID-transparente.png\",\"datePublished\":\"2024-05-02T20:57:32+00:00\",\"dateModified\":\"2024-05-02T21:09:16+00:00\",\"breadcrumb\":{\"@id\":\"https:\\\/\\\/calltorque.com.br\\\/index.php\\\/produtos\\\/mid-variacor\\\/dyna-variacor-pistola\\\/#breadcrumb\"},\"inLanguage\":\"pt-BR\",\"potentialAction\":[{\"@type\":\"ReadAction\",\"target\":[\"https:\\\/\\\/calltorque.com.br\\\/index.php\\\/produtos\\\/mid-variacor\\\/dyna-variacor-pistola\\\/\"]}]},{\"@type\":\"ImageObject\",\"inLanguage\":\"pt-BR\",\"@id\":\"https:\\\/\\\/calltorque.com.br\\\/index.php\\\/produtos\\\/mid-variacor\\\/dyna-variacor-pistola\\\/#primaryimage\",\"url\":\"https:\\\/\\\/calltorque.com.br\\\/wp-content\\\/uploads\\\/2023\\\/07\\\/MID-transparente.png\",\"contentUrl\":\"https:\\\/\\\/calltorque.com.br\\\/wp-content\\\/uploads\\\/2023\\\/07\\\/MID-transparente.png\",\"width\":1123,\"height\":254},{\"@type\":\"BreadcrumbList\",\"@id\":\"https:\\\/\\\/calltorque.com.br\\\/index.php\\\/produtos\\\/mid-variacor\\\/dyna-variacor-pistola\\\/#breadcrumb\",\"itemListElement\":[{\"@type\":\"ListItem\",\"position\":1,\"name\":\"Home\",\"item\":\"https:\\\/\\\/calltorque.com.br\\\/\"},{\"@type\":\"ListItem\",\"position\":2,\"name\":\"Produtos\",\"item\":\"https:\\\/\\\/calltorque.com.br\\\/index.php\\\/produtos\\\/\"},{\"@type\":\"ListItem\",\"position\":3,\"name\":\"MID &#8211; DYNA VARIACOR\",\"item\":\"https:\\\/\\\/calltorque.com.br\\\/index.php\\\/produtos\\\/mid-variacor\\\/\"},{\"@type\":\"ListItem\",\"position\":4,\"name\":\"DYNA VARIACOR\"}]},{\"@type\":\"WebSite\",\"@id\":\"https:\\\/\\\/calltorque.com.br\\\/#website\",\"url\":\"https:\\\/\\\/calltorque.com.br\\\/\",\"name\":\"Calltorque Ferramentas Industriais\",\"description\":\"Ferramentas Industriais 5.0\",\"publisher\":{\"@id\":\"https:\\\/\\\/calltorque.com.br\\\/#organization\"},\"potentialAction\":[{\"@type\":\"SearchAction\",\"target\":{\"@type\":\"EntryPoint\",\"urlTemplate\":\"https:\\\/\\\/calltorque.com.br\\\/?s={search_term_string}\"},\"query-input\":{\"@type\":\"PropertyValueSpecification\",\"valueRequired\":true,\"valueName\":\"search_term_string\"}}],\"inLanguage\":\"pt-BR\"},{\"@type\":\"Organization\",\"@id\":\"https:\\\/\\\/calltorque.com.br\\\/#organization\",\"name\":\"Calltorque Ferramentas Industriais\",\"url\":\"https:\\\/\\\/calltorque.com.br\\\/\",\"logo\":{\"@type\":\"ImageObject\",\"inLanguage\":\"pt-BR\",\"@id\":\"https:\\\/\\\/calltorque.com.br\\\/#\\\/schema\\\/logo\\\/image\\\/\",\"url\":\"https:\\\/\\\/calltorque.com.br\\\/wp-content\\\/uploads\\\/2021\\\/05\\\/Calltorque_logo1a.png\",\"contentUrl\":\"https:\\\/\\\/calltorque.com.br\\\/wp-content\\\/uploads\\\/2021\\\/05\\\/Calltorque_logo1a.png\",\"width\":400,\"height\":91,\"caption\":\"Calltorque Ferramentas Industriais\"},\"image\":{\"@id\":\"https:\\\/\\\/calltorque.com.br\\\/#\\\/schema\\\/logo\\\/image\\\/\"}}]}<\/script>\n<!-- \/ Yoast SEO plugin. -->","yoast_head_json":{"title":"DYNA VARIACOR - Calltorque Ferramentas Industriais","robots":{"index":"index","follow":"follow","max-snippet":"max-snippet:-1","max-image-preview":"max-image-preview:large","max-video-preview":"max-video-preview:-1"},"canonical":"https:\/\/calltorque.com.br\/index.php\/produtos\/mid-variacor\/dyna-variacor-pistola\/","og_locale":"pt_BR","og_type":"article","og_title":"DYNA VARIACOR - Calltorque Ferramentas Industriais","og_description":"Conex\u00e3o Hidr\u00e1ulica Configur\u00e1vel DYNA VARIACOR PISTOLA CONEX\u00c3O &#8220;GIRAT\u00d3RIA&#8221; LIVREMENTE DIRECIONAL PARA PISTOLA DE LAVAGEM O sistema Variacor\u00ae torna todas as mangueiraspneum\u00e1ticas flex\u00edveis e multidirecionais. Indispens\u00e1vel para todas as \u00e1reas de montagem,manuten\u00e7\u00e3o e reparo mec\u00e2nico, constru\u00e7\u00e3o, etc. Serve para todas as ferramentas pneum\u00e1ticas:chave de impacto, pintura, esmeril, lixadeira, furadeira, cinzel e muitas outras&#8230; O sistema Variacor\u00ae [&hellip;]","og_url":"https:\/\/calltorque.com.br\/index.php\/produtos\/mid-variacor\/dyna-variacor-pistola\/","og_site_name":"Calltorque Ferramentas Industriais","article_modified_time":"2024-05-02T21:09:16+00:00","og_image":[{"url":"https:\/\/calltorque.com.br\/wp-content\/uploads\/2023\/07\/MID-transparente.png","type":"","width":"","height":""}],"twitter_card":"summary_large_image","twitter_misc":{"Est. tempo de leitura":"3 minutos"},"schema":{"@context":"https:\/\/schema.org","@graph":[{"@type":"WebPage","@id":"https:\/\/calltorque.com.br\/index.php\/produtos\/mid-variacor\/dyna-variacor-pistola\/","url":"https:\/\/calltorque.com.br\/index.php\/produtos\/mid-variacor\/dyna-variacor-pistola\/","name":"DYNA VARIACOR - Calltorque Ferramentas Industriais","isPartOf":{"@id":"https:\/\/calltorque.com.br\/#website"},"primaryImageOfPage":{"@id":"https:\/\/calltorque.com.br\/index.php\/produtos\/mid-variacor\/dyna-variacor-pistola\/#primaryimage"},"image":{"@id":"https:\/\/calltorque.com.br\/index.php\/produtos\/mid-variacor\/dyna-variacor-pistola\/#primaryimage"},"thumbnailUrl":"https:\/\/calltorque.com.br\/wp-content\/uploads\/2023\/07\/MID-transparente.png","datePublished":"2024-05-02T20:57:32+00:00","dateModified":"2024-05-02T21:09:16+00:00","breadcrumb":{"@id":"https:\/\/calltorque.com.br\/index.php\/produtos\/mid-variacor\/dyna-variacor-pistola\/#breadcrumb"},"inLanguage":"pt-BR","potentialAction":[{"@type":"ReadAction","target":["https:\/\/calltorque.com.br\/index.php\/produtos\/mid-variacor\/dyna-variacor-pistola\/"]}]},{"@type":"ImageObject","inLanguage":"pt-BR","@id":"https:\/\/calltorque.com.br\/index.php\/produtos\/mid-variacor\/dyna-variacor-pistola\/#primaryimage","url":"https:\/\/calltorque.com.br\/wp-content\/uploads\/2023\/07\/MID-transparente.png","contentUrl":"https:\/\/calltorque.com.br\/wp-content\/uploads\/2023\/07\/MID-transparente.png","width":1123,"height":254},{"@type":"BreadcrumbList","@id":"https:\/\/calltorque.com.br\/index.php\/produtos\/mid-variacor\/dyna-variacor-pistola\/#breadcrumb","itemListElement":[{"@type":"ListItem","position":1,"name":"Home","item":"https:\/\/calltorque.com.br\/"},{"@type":"ListItem","position":2,"name":"Produtos","item":"https:\/\/calltorque.com.br\/index.php\/produtos\/"},{"@type":"ListItem","position":3,"name":"MID &#8211; DYNA VARIACOR","item":"https:\/\/calltorque.com.br\/index.php\/produtos\/mid-variacor\/"},{"@type":"ListItem","position":4,"name":"DYNA VARIACOR"}]},{"@type":"WebSite","@id":"https:\/\/calltorque.com.br\/#website","url":"https:\/\/calltorque.com.br\/","name":"Calltorque Ferramentas Industriais","description":"Ferramentas Industriais 5.0","publisher":{"@id":"https:\/\/calltorque.com.br\/#organization"},"potentialAction":[{"@type":"SearchAction","target":{"@type":"EntryPoint","urlTemplate":"https:\/\/calltorque.com.br\/?s={search_term_string}"},"query-input":{"@type":"PropertyValueSpecification","valueRequired":true,"valueName":"search_term_string"}}],"inLanguage":"pt-BR"},{"@type":"Organization","@id":"https:\/\/calltorque.com.br\/#organization","name":"Calltorque Ferramentas Industriais","url":"https:\/\/calltorque.com.br\/","logo":{"@type":"ImageObject","inLanguage":"pt-BR","@id":"https:\/\/calltorque.com.br\/#\/schema\/logo\/image\/","url":"https:\/\/calltorque.com.br\/wp-content\/uploads\/2021\/05\/Calltorque_logo1a.png","contentUrl":"https:\/\/calltorque.com.br\/wp-content\/uploads\/2021\/05\/Calltorque_logo1a.png","width":400,"height":91,"caption":"Calltorque Ferramentas Industriais"},"image":{"@id":"https:\/\/calltorque.com.br\/#\/schema\/logo\/image\/"}}]}},"_links":{"self":[{"href":"https:\/\/calltorque.com.br\/index.php\/wp-json\/wp\/v2\/pages\/3811","targetHints":{"allow":["GET"]}}],"collection":[{"href":"https:\/\/calltorque.com.br\/index.php\/wp-json\/wp\/v2\/pages"}],"about":[{"href":"https:\/\/calltorque.com.br\/index.php\/wp-json\/wp\/v2\/types\/page"}],"author":[{"embeddable":true,"href":"https:\/\/calltorque.com.br\/index.php\/wp-json\/wp\/v2\/users\/2"}],"replies":[{"embeddable":true,"href":"https:\/\/calltorque.com.br\/index.php\/wp-json\/wp\/v2\/comments?post=3811"}],"version-history":[{"count":3,"href":"https:\/\/calltorque.com.br\/index.php\/wp-json\/wp\/v2\/pages\/3811\/revisions"}],"predecessor-version":[{"id":3816,"href":"https:\/\/calltorque.com.br\/index.php\/wp-json\/wp\/v2\/pages\/3811\/revisions\/3816"}],"up":[{"embeddable":true,"href":"https:\/\/calltorque.com.br\/index.php\/wp-json\/wp\/v2\/pages\/3179"}],"wp:attachment":[{"href":"https:\/\/calltorque.com.br\/index.php\/wp-json\/wp\/v2\/media?parent=3811"}],"curies":[{"name":"wp","href":"https:\/\/api.w.org\/{rel}","templated":true}]}}