{"id":3840,"date":"2024-05-02T19:11:26","date_gmt":"2024-05-02T22:11:26","guid":{"rendered":"https:\/\/calltorque.com.br\/?page_id=3840"},"modified":"2024-05-02T19:19:28","modified_gmt":"2024-05-02T22:19:28","slug":"catalogos-christie","status":"publish","type":"page","link":"https:\/\/calltorque.com.br\/index.php\/catalogos\/catalogos-christie\/","title":{"rendered":"CAT\u00c1LOGOS CHRISTIE"},"content":{"rendered":"\n<h2>\n\t\tCAT\u00c1LOGOS CHRISTIE\n\t<\/h2>\n\t\t\t\t<img loading=\"lazy\" decoding=\"async\" src=\"https:\/\/calltorque.com.br\/wp-content\/uploads\/2022\/01\/Christie-LogoWeb_190x88.png\" alt=\"Christie-LogoWeb_190x88\" itemprop=\"image\" height=\"88\" width=\"190\" title=\"Christie-LogoWeb_190x88\" onerror=\"this.style.display='none'\"  \/>\n\t<a href=\"https:\/\/calltorque.com.br\/wp-content\/uploads\/2022\/01\/Catalogo-Hyspan-Pistol-Grip_Christie_Calltorque.pdf\" target=\"_blank\" rel=\"noopener\"><\/a>\t\t\t\t\n\t\t\t\t\t\t<img decoding=\"async\" alt=\"\" src=\"https:\/\/calltorque.com.br\/wp-content\/uploads\/2022\/02\/Img_catalogo-Hyspan-Pistol-Grip_Christie.png\"\/>\n\t\t<h3>HYSPAN PISTOL GRIP<\/h3>\n\t<a href=\"https:\/\/calltorque.com.br\/wp-content\/uploads\/2022\/01\/Catalogo-HT-Hyspan-Remote-Hydraulic-Torque-Tool_Christie_Calltorque.pdf\" target=\"_blank\" rel=\"noopener\"><\/a>\t\t\t\t\n\t\t\t\t\t\t<img decoding=\"async\" alt=\"\" src=\"https:\/\/calltorque.com.br\/wp-content\/uploads\/2022\/02\/Img_catalogo-HT-Hyspan-Hydraulic-Tool_Christie.png\"\/>\n\t\t<h3>HT HYSPAN REMOTE HYDRAULIC TORQUE TOOL <\/h3>\n\t\t\t<h2>JUNTE-SE A N\u00d3S<\/h2>\t\t\t\n\t\t\t\t<p>Conhe\u00e7a nossa linha de produtos e as in\u00fameras aplica\u00e7\u00f5es, nossos servi\u00e7os t\u00e9cnicos, consultoria e loca\u00e7\u00e3o, e descubra como podemos ajud\u00e1-lo!<\/p>\n\t\t\t<a href=\"https:\/\/calltorque.com.br\/index.php\/contato\/\" target=\"_self\" role=\"button\" aria-label=\"solicite nosso contato agora\" rel=\"noopener\">\n\t\t\t\t\t\t\tsolicite nosso contato agora\n\t\t<\/a>\n\n","protected":false},"excerpt":{"rendered":"<p>CAT\u00c1LOGOS CHRISTIE HYSPAN PISTOL GRIP HT HYSPAN REMOTE HYDRAULIC TORQUE TOOL JUNTE-SE A N\u00d3S Conhe\u00e7a nossa linha de produtos e as in\u00fameras aplica\u00e7\u00f5es, nossos servi\u00e7os t\u00e9cnicos, consultoria e loca\u00e7\u00e3o, e descubra como podemos ajud\u00e1-lo! solicite nosso contato agora<\/p>\n","protected":false},"author":2,"featured_media":0,"parent":1543,"menu_order":0,"comment_status":"closed","ping_status":"closed","template":"","meta":{"site-sidebar-layout":"default","site-content-layout":"page-builder","ast-site-content-layout":"default","site-content-style":"default","site-sidebar-style":"default","ast-global-header-display":"","ast-banner-title-visibility":"","ast-main-header-display":"","ast-hfb-above-header-display":"","ast-hfb-below-header-display":"","ast-hfb-mobile-header-display":"","site-post-title":"disabled","ast-breadcrumbs-content":"","ast-featured-img":"disabled","footer-sml-layout":"","ast-disable-related-posts":"","theme-transparent-header-meta":"enabled","adv-header-id-meta":"","stick-header-meta":"","header-above-stick-meta":"","header-main-stick-meta":"","header-below-stick-meta":"","astra-migrate-meta-layouts":"default","ast-page-background-enabled":"default","ast-page-background-meta":{"desktop":{"background-color":"","background-image":"","background-repeat":"repeat","background-position":"center center","background-size":"auto","background-attachment":"scroll","background-type":"","background-media":"","overlay-type":"","overlay-color":"","overlay-opacity":"","overlay-gradient":""},"tablet":{"background-color":"","background-image":"","background-repeat":"repeat","background-position":"center center","background-size":"auto","background-attachment":"scroll","background-type":"","background-media":"","overlay-type":"","overlay-color":"","overlay-opacity":"","overlay-gradient":""},"mobile":{"background-color":"","background-image":"","background-repeat":"repeat","background-position":"center center","background-size":"auto","background-attachment":"scroll","background-type":"","background-media":"","overlay-type":"","overlay-color":"","overlay-opacity":"","overlay-gradient":""}},"ast-content-background-meta":{"desktop":{"background-color":"var(--ast-global-color-5)","background-image":"","background-repeat":"repeat","background-position":"center center","background-size":"auto","background-attachment":"scroll","background-type":"","background-media":"","overlay-type":"","overlay-color":"","overlay-opacity":"","overlay-gradient":""},"tablet":{"background-color":"var(--ast-global-color-5)","background-image":"","background-repeat":"repeat","background-position":"center center","background-size":"auto","background-attachment":"scroll","background-type":"","background-media":"","overlay-type":"","overlay-color":"","overlay-opacity":"","overlay-gradient":""},"mobile":{"background-color":"var(--ast-global-color-5)","background-image":"","background-repeat":"repeat","background-position":"center center","background-size":"auto","background-attachment":"scroll","background-type":"","background-media":"","overlay-type":"","overlay-color":"","overlay-opacity":"","overlay-gradient":""}},"footnotes":""},"class_list":["post-3840","page","type-page","status-publish","hentry"],"yoast_head":"<!-- This site is optimized with the Yoast SEO plugin v27.5 - https:\/\/yoast.com\/product\/yoast-seo-wordpress\/ -->\n<title>CAT\u00c1LOGOS CHRISTIE - Calltorque Ferramentas Industriais<\/title>\n<meta name=\"robots\" content=\"index, follow, max-snippet:-1, max-image-preview:large, max-video-preview:-1\" \/>\n<link rel=\"canonical\" href=\"https:\/\/calltorque.com.br\/index.php\/catalogos\/catalogos-christie\/\" \/>\n<meta property=\"og:locale\" content=\"pt_BR\" \/>\n<meta property=\"og:type\" content=\"article\" \/>\n<meta property=\"og:title\" content=\"CAT\u00c1LOGOS CHRISTIE - Calltorque Ferramentas Industriais\" \/>\n<meta property=\"og:description\" content=\"CAT\u00c1LOGOS CHRISTIE HYSPAN PISTOL GRIP HT HYSPAN REMOTE HYDRAULIC TORQUE TOOL JUNTE-SE A N\u00d3S Conhe\u00e7a nossa linha de produtos e as in\u00fameras aplica\u00e7\u00f5es, nossos servi\u00e7os t\u00e9cnicos, consultoria e loca\u00e7\u00e3o, e descubra como podemos ajud\u00e1-lo! solicite nosso contato agora\" \/>\n<meta property=\"og:url\" content=\"https:\/\/calltorque.com.br\/index.php\/catalogos\/catalogos-christie\/\" \/>\n<meta property=\"og:site_name\" content=\"Calltorque Ferramentas Industriais\" \/>\n<meta property=\"article:modified_time\" content=\"2024-05-02T22:19:28+00:00\" \/>\n<meta property=\"og:image\" content=\"https:\/\/calltorque.com.br\/wp-content\/uploads\/2022\/01\/Christie-LogoWeb_190x88.png\" \/>\n<meta name=\"twitter:card\" content=\"summary_large_image\" \/>\n<meta name=\"twitter:label1\" content=\"Est. tempo de leitura\" \/>\n\t<meta name=\"twitter:data1\" content=\"4 minutos\" \/>\n<script type=\"application\/ld+json\" class=\"yoast-schema-graph\">{\"@context\":\"https:\\\/\\\/schema.org\",\"@graph\":[{\"@type\":\"WebPage\",\"@id\":\"https:\\\/\\\/calltorque.com.br\\\/index.php\\\/catalogos\\\/catalogos-christie\\\/\",\"url\":\"https:\\\/\\\/calltorque.com.br\\\/index.php\\\/catalogos\\\/catalogos-christie\\\/\",\"name\":\"CAT\u00c1LOGOS CHRISTIE - Calltorque Ferramentas Industriais\",\"isPartOf\":{\"@id\":\"https:\\\/\\\/calltorque.com.br\\\/#website\"},\"primaryImageOfPage\":{\"@id\":\"https:\\\/\\\/calltorque.com.br\\\/index.php\\\/catalogos\\\/catalogos-christie\\\/#primaryimage\"},\"image\":{\"@id\":\"https:\\\/\\\/calltorque.com.br\\\/index.php\\\/catalogos\\\/catalogos-christie\\\/#primaryimage\"},\"thumbnailUrl\":\"https:\\\/\\\/calltorque.com.br\\\/wp-content\\\/uploads\\\/2022\\\/01\\\/Christie-LogoWeb_190x88.png\",\"datePublished\":\"2024-05-02T22:11:26+00:00\",\"dateModified\":\"2024-05-02T22:19:28+00:00\",\"breadcrumb\":{\"@id\":\"https:\\\/\\\/calltorque.com.br\\\/index.php\\\/catalogos\\\/catalogos-christie\\\/#breadcrumb\"},\"inLanguage\":\"pt-BR\",\"potentialAction\":[{\"@type\":\"ReadAction\",\"target\":[\"https:\\\/\\\/calltorque.com.br\\\/index.php\\\/catalogos\\\/catalogos-christie\\\/\"]}]},{\"@type\":\"ImageObject\",\"inLanguage\":\"pt-BR\",\"@id\":\"https:\\\/\\\/calltorque.com.br\\\/index.php\\\/catalogos\\\/catalogos-christie\\\/#primaryimage\",\"url\":\"https:\\\/\\\/calltorque.com.br\\\/wp-content\\\/uploads\\\/2022\\\/01\\\/Christie-LogoWeb_190x88.png\",\"contentUrl\":\"https:\\\/\\\/calltorque.com.br\\\/wp-content\\\/uploads\\\/2022\\\/01\\\/Christie-LogoWeb_190x88.png\",\"width\":190,\"height\":88},{\"@type\":\"BreadcrumbList\",\"@id\":\"https:\\\/\\\/calltorque.com.br\\\/index.php\\\/catalogos\\\/catalogos-christie\\\/#breadcrumb\",\"itemListElement\":[{\"@type\":\"ListItem\",\"position\":1,\"name\":\"Home\",\"item\":\"https:\\\/\\\/calltorque.com.br\\\/\"},{\"@type\":\"ListItem\",\"position\":2,\"name\":\"CAT\u00c1LOGOS\",\"item\":\"https:\\\/\\\/calltorque.com.br\\\/index.php\\\/catalogos\\\/\"},{\"@type\":\"ListItem\",\"position\":3,\"name\":\"CAT\u00c1LOGOS CHRISTIE\"}]},{\"@type\":\"WebSite\",\"@id\":\"https:\\\/\\\/calltorque.com.br\\\/#website\",\"url\":\"https:\\\/\\\/calltorque.com.br\\\/\",\"name\":\"Calltorque Ferramentas Industriais\",\"description\":\"Ferramentas Industriais 5.0\",\"publisher\":{\"@id\":\"https:\\\/\\\/calltorque.com.br\\\/#organization\"},\"potentialAction\":[{\"@type\":\"SearchAction\",\"target\":{\"@type\":\"EntryPoint\",\"urlTemplate\":\"https:\\\/\\\/calltorque.com.br\\\/?s={search_term_string}\"},\"query-input\":{\"@type\":\"PropertyValueSpecification\",\"valueRequired\":true,\"valueName\":\"search_term_string\"}}],\"inLanguage\":\"pt-BR\"},{\"@type\":\"Organization\",\"@id\":\"https:\\\/\\\/calltorque.com.br\\\/#organization\",\"name\":\"Calltorque Ferramentas Industriais\",\"url\":\"https:\\\/\\\/calltorque.com.br\\\/\",\"logo\":{\"@type\":\"ImageObject\",\"inLanguage\":\"pt-BR\",\"@id\":\"https:\\\/\\\/calltorque.com.br\\\/#\\\/schema\\\/logo\\\/image\\\/\",\"url\":\"https:\\\/\\\/calltorque.com.br\\\/wp-content\\\/uploads\\\/2021\\\/05\\\/Calltorque_logo1a.png\",\"contentUrl\":\"https:\\\/\\\/calltorque.com.br\\\/wp-content\\\/uploads\\\/2021\\\/05\\\/Calltorque_logo1a.png\",\"width\":400,\"height\":91,\"caption\":\"Calltorque Ferramentas Industriais\"},\"image\":{\"@id\":\"https:\\\/\\\/calltorque.com.br\\\/#\\\/schema\\\/logo\\\/image\\\/\"}}]}<\/script>\n<!-- \/ Yoast SEO plugin. -->","yoast_head_json":{"title":"CAT\u00c1LOGOS CHRISTIE - Calltorque Ferramentas Industriais","robots":{"index":"index","follow":"follow","max-snippet":"max-snippet:-1","max-image-preview":"max-image-preview:large","max-video-preview":"max-video-preview:-1"},"canonical":"https:\/\/calltorque.com.br\/index.php\/catalogos\/catalogos-christie\/","og_locale":"pt_BR","og_type":"article","og_title":"CAT\u00c1LOGOS CHRISTIE - Calltorque Ferramentas Industriais","og_description":"CAT\u00c1LOGOS CHRISTIE HYSPAN PISTOL GRIP HT HYSPAN REMOTE HYDRAULIC TORQUE TOOL JUNTE-SE A N\u00d3S Conhe\u00e7a nossa linha de produtos e as in\u00fameras aplica\u00e7\u00f5es, nossos servi\u00e7os t\u00e9cnicos, consultoria e loca\u00e7\u00e3o, e descubra como podemos ajud\u00e1-lo! solicite nosso contato agora","og_url":"https:\/\/calltorque.com.br\/index.php\/catalogos\/catalogos-christie\/","og_site_name":"Calltorque Ferramentas Industriais","article_modified_time":"2024-05-02T22:19:28+00:00","og_image":[{"url":"https:\/\/calltorque.com.br\/wp-content\/uploads\/2022\/01\/Christie-LogoWeb_190x88.png","type":"","width":"","height":""}],"twitter_card":"summary_large_image","twitter_misc":{"Est. tempo de leitura":"4 minutos"},"schema":{"@context":"https:\/\/schema.org","@graph":[{"@type":"WebPage","@id":"https:\/\/calltorque.com.br\/index.php\/catalogos\/catalogos-christie\/","url":"https:\/\/calltorque.com.br\/index.php\/catalogos\/catalogos-christie\/","name":"CAT\u00c1LOGOS CHRISTIE - Calltorque Ferramentas Industriais","isPartOf":{"@id":"https:\/\/calltorque.com.br\/#website"},"primaryImageOfPage":{"@id":"https:\/\/calltorque.com.br\/index.php\/catalogos\/catalogos-christie\/#primaryimage"},"image":{"@id":"https:\/\/calltorque.com.br\/index.php\/catalogos\/catalogos-christie\/#primaryimage"},"thumbnailUrl":"https:\/\/calltorque.com.br\/wp-content\/uploads\/2022\/01\/Christie-LogoWeb_190x88.png","datePublished":"2024-05-02T22:11:26+00:00","dateModified":"2024-05-02T22:19:28+00:00","breadcrumb":{"@id":"https:\/\/calltorque.com.br\/index.php\/catalogos\/catalogos-christie\/#breadcrumb"},"inLanguage":"pt-BR","potentialAction":[{"@type":"ReadAction","target":["https:\/\/calltorque.com.br\/index.php\/catalogos\/catalogos-christie\/"]}]},{"@type":"ImageObject","inLanguage":"pt-BR","@id":"https:\/\/calltorque.com.br\/index.php\/catalogos\/catalogos-christie\/#primaryimage","url":"https:\/\/calltorque.com.br\/wp-content\/uploads\/2022\/01\/Christie-LogoWeb_190x88.png","contentUrl":"https:\/\/calltorque.com.br\/wp-content\/uploads\/2022\/01\/Christie-LogoWeb_190x88.png","width":190,"height":88},{"@type":"BreadcrumbList","@id":"https:\/\/calltorque.com.br\/index.php\/catalogos\/catalogos-christie\/#breadcrumb","itemListElement":[{"@type":"ListItem","position":1,"name":"Home","item":"https:\/\/calltorque.com.br\/"},{"@type":"ListItem","position":2,"name":"CAT\u00c1LOGOS","item":"https:\/\/calltorque.com.br\/index.php\/catalogos\/"},{"@type":"ListItem","position":3,"name":"CAT\u00c1LOGOS CHRISTIE"}]},{"@type":"WebSite","@id":"https:\/\/calltorque.com.br\/#website","url":"https:\/\/calltorque.com.br\/","name":"Calltorque Ferramentas Industriais","description":"Ferramentas Industriais 5.0","publisher":{"@id":"https:\/\/calltorque.com.br\/#organization"},"potentialAction":[{"@type":"SearchAction","target":{"@type":"EntryPoint","urlTemplate":"https:\/\/calltorque.com.br\/?s={search_term_string}"},"query-input":{"@type":"PropertyValueSpecification","valueRequired":true,"valueName":"search_term_string"}}],"inLanguage":"pt-BR"},{"@type":"Organization","@id":"https:\/\/calltorque.com.br\/#organization","name":"Calltorque Ferramentas Industriais","url":"https:\/\/calltorque.com.br\/","logo":{"@type":"ImageObject","inLanguage":"pt-BR","@id":"https:\/\/calltorque.com.br\/#\/schema\/logo\/image\/","url":"https:\/\/calltorque.com.br\/wp-content\/uploads\/2021\/05\/Calltorque_logo1a.png","contentUrl":"https:\/\/calltorque.com.br\/wp-content\/uploads\/2021\/05\/Calltorque_logo1a.png","width":400,"height":91,"caption":"Calltorque Ferramentas Industriais"},"image":{"@id":"https:\/\/calltorque.com.br\/#\/schema\/logo\/image\/"}}]}},"_links":{"self":[{"href":"https:\/\/calltorque.com.br\/index.php\/wp-json\/wp\/v2\/pages\/3840","targetHints":{"allow":["GET"]}}],"collection":[{"href":"https:\/\/calltorque.com.br\/index.php\/wp-json\/wp\/v2\/pages"}],"about":[{"href":"https:\/\/calltorque.com.br\/index.php\/wp-json\/wp\/v2\/types\/page"}],"author":[{"embeddable":true,"href":"https:\/\/calltorque.com.br\/index.php\/wp-json\/wp\/v2\/users\/2"}],"replies":[{"embeddable":true,"href":"https:\/\/calltorque.com.br\/index.php\/wp-json\/wp\/v2\/comments?post=3840"}],"version-history":[{"count":3,"href":"https:\/\/calltorque.com.br\/index.php\/wp-json\/wp\/v2\/pages\/3840\/revisions"}],"predecessor-version":[{"id":3845,"href":"https:\/\/calltorque.com.br\/index.php\/wp-json\/wp\/v2\/pages\/3840\/revisions\/3845"}],"up":[{"embeddable":true,"href":"https:\/\/calltorque.com.br\/index.php\/wp-json\/wp\/v2\/pages\/1543"}],"wp:attachment":[{"href":"https:\/\/calltorque.com.br\/index.php\/wp-json\/wp\/v2\/media?parent=3840"}],"curies":[{"name":"wp","href":"https:\/\/api.w.org\/{rel}","templated":true}]}}